{"id":129226,"date":"2022-02-23T12:22:19","date_gmt":"2022-02-23T10:36:46","guid":{"rendered":"https:\/\/prelive.bemore.ee\/?post_type=product&#038;p=129226"},"modified":"2022-07-18T00:09:04","modified_gmt":"2022-07-17T21:09:04","slug":"superfan-combo","status":"publish","type":"product","link":"https:\/\/prelive.bemore.ee\/en\/toode\/superfan-combo\/","title":{"rendered":"Superfan combo"},"content":{"rendered":"<h4 style=\"text-align: left;\"><strong>A true Be More superfan combo of superfood and collagen mixes that contain a lot of vitamins, minerals and fibers.<\/strong><\/h4>\n<p>By merging the 10 packages we created a combination to cover all your needs, to help up to 130 smoothies cover your needs for nutrients.<\/p>\n<h4>What&#8217;s included in the Superfan combo?<\/h4>\n<p>Be Beautiful superfood mix: rosehip powder (25%), baobab powder (20%), freeze-dried raspberry powder (15%), pea protein powder (15%), chia ceeds (15%), acai berry powder (10%).<\/p>\n<p>Be Fit superfood mix: pea protein powder (30%), raw cocoa powder (25%), hemp protein powder (20%), freeze-dried goji berry powder (20%), hemp seeds (5%).<\/p>\n<p>Be Active superfood mix: beetroot powder (35%), freeze-dried blackcurrant powder (25%), freeze-dried goji berry powder (23%), chia ceeds (15%), freeze-dried camu-camu powder (2%).<\/p>\n<p>Be Healthy superfood mix: freeze-dried blackcurrant powder (54%), Chaga powder (18%), chia (<em>Salvia hispanica<\/em>) seed powder (9%), freeze-dried Jerusalem artichoke powder (9%), freeze-dried Camu-Camu powder (6%), freeze-dried lemon powder (4%).<\/p>\n<p>Detox superfood mix: freeze-dried lingonberry powder (20%), pea protein powder (19%), chlorella (18%), spirulina (16%), wheat grass (12%), lemongrass (10%), freeze-dried cranberry powder (5%).<\/p>\n<p>Be Sporty protein powder: pea protein powder (77%), freeze-dried blackcurrant powder, freeze-dried passion fruit powder, freeze-dried lemon powder.<\/p>\n<p>COLLAGEN EDITION Raspberry\u2019n\u2019Cherry collagen mix: hydrolysed bovine collagen (66%), freeze-dried raspberry powder (20%), freeze-dried cherry powder (7%), freeze-dried Camu-Camu powder, freeze-dried lemon powder.<\/p>\n<p>COLLAGEN EDITION Buckthorn\u2019n\u2019Lemon collagen mix: hydrolysed bovine collagen (74%), freeze-dried sea buckthorn powder (15%), freeze-dried lemon powder (4%), freeze-dried Camu-Camu powder, freeze-dried gooseberry powder.<\/p>\n<p>MARINE COLLAGEN Strawberry&#8217;n&#8217;Blackcurrant collagen mix: hydrolysed marine collagen (<strong>FISH<\/strong>) (60%), freeze-dried strawberry powder (20%), freeze-dried blackcurrant powder (12%), freeze-dried lemon puree powder, freeze-dried Camu-Camu powder.<\/p>\n<p>MARINE COLLAGEN Mango&#8217;n&#8217;Lemon collagen mix: hydrolysed marine collagen (<strong>FISH<\/strong>) (60%), freeze-dried mango puree flour (30%), freeze-dried quince (<em>Cydonia oblonga<\/em>) flour (5%), freeze-dried lemon puree powder (2%), freeze-dried Camu-Camu powder.<\/p>\n<h4 style=\"text-align: left;\"><b>Serving size:<\/b><\/h4>\n<p style=\"text-align: left;\">Add approximately one tablespoon to each smoothie, depending on your wishes. With Detox blend add about 1 teaspoon.<\/p>\n<h4 style=\"text-align: left;\"><b>Servings per package:<\/b><\/h4>\n<p style=\"text-align: left;\">Each 150g package contains up to 15 serving and Detox &#8211; 120g package includes 24 servings, depending on individual needs. From all 10 packages you can make 154 smoothies.<\/p>\n<h4 style=\"text-align: left;\"><b>Storage conditions<\/b><\/h4>\n<p style=\"text-align: left;\">Store at room temperature and keep away from direct sunlight if possible. After each use seal it carefully.<\/p>\n<h4 style=\"text-align: left;\"><b>Do you have any recipe recommendations available?<\/b><\/h4>\n<p>To get inspirational ideas for smoothies, our website has a whole section with recipies and we are constantly adding new ideas and inspiring tips to our fans and family members. In addition, you will find great recipe recommendations on our social media channels!<\/p>\n","protected":false},"excerpt":{"rendered":"<h4><strong>A true superfan combo of 10 superfood and collagen mixes!<\/strong><\/h4>\n<ul>\n<li>None of the products include added sugars or additives&#8217;<\/li>\n<li><strong>100% natural<\/strong><\/li>\n<li>10 different products, over 20 different superfoods<\/li>\n<li>Each product supports a different part of your day<\/li>\n<li>This combo is enough to help your next about 154 smoothies to be more<\/li>\n<li><strong>10 big packages<\/strong><\/li>\n<\/ul>\n","protected":false},"featured_media":129225,"comment_status":"open","ping_status":"closed","template":"","meta":[],"product_brand":[],"product_cat":[332],"product_tag":[],"class_list":{"0":"post-129226","1":"product","2":"type-product","3":"status-publish","4":"has-post-thumbnail","6":"product_cat-combo-deals","8":"first","9":"instock","10":"sale","11":"taxable","12":"shipping-taxable","13":"purchasable","14":"product-type-bundle"},"bundle_layout":"default","bundled_by":[],"bundled_items":[{"bundled_item_id":1208,"product_id":116146,"menu_order":0,"quantity_min":1,"quantity_max":1,"priced_individually":false,"shipped_individually":false,"override_title":false,"title":"Be Active superfood mix, 150g","override_description":false,"description":"Be Active superfood mix, 150g","optional":false,"hide_thumbnail":false,"discount":"","override_variations":false,"allowed_variations":[""],"override_default_variation_attributes":false,"default_variation_attributes":[],"single_product_visibility":"visible","cart_visibility":"visible","order_visibility":"visible","single_product_price_visibility":"visible","cart_price_visibility":"visible","order_price_visibility":"visible","stock_status":"in_stock"},{"bundled_item_id":1209,"product_id":116194,"menu_order":1,"quantity_min":1,"quantity_max":1,"priced_individually":false,"shipped_individually":false,"override_title":false,"title":"Be Healthy superfood mix, 150g","override_description":false,"description":"Be Healthy superfood mix, 150g","optional":false,"hide_thumbnail":false,"discount":"","override_variations":false,"allowed_variations":[""],"override_default_variation_attributes":false,"default_variation_attributes":[],"single_product_visibility":"visible","cart_visibility":"visible","order_visibility":"visible","single_product_price_visibility":"visible","cart_price_visibility":"visible","order_price_visibility":"visible","stock_status":"in_stock"},{"bundled_item_id":1210,"product_id":116149,"menu_order":2,"quantity_min":1,"quantity_max":1,"priced_individually":false,"shipped_individually":false,"override_title":false,"title":"Be Fit superfood mix, 150g","override_description":false,"description":"Be Fit superfood mix, 150g","optional":false,"hide_thumbnail":false,"discount":"","override_variations":false,"allowed_variations":[""],"override_default_variation_attributes":false,"default_variation_attributes":[],"single_product_visibility":"visible","cart_visibility":"visible","order_visibility":"visible","single_product_price_visibility":"visible","cart_price_visibility":"visible","order_price_visibility":"visible","stock_status":"in_stock"},{"bundled_item_id":1211,"product_id":116166,"menu_order":3,"quantity_min":1,"quantity_max":1,"priced_individually":false,"shipped_individually":false,"override_title":false,"title":"Detox superfood mix, 120g","override_description":false,"description":"Detox superfood mix, 120g","optional":false,"hide_thumbnail":false,"discount":"","override_variations":false,"allowed_variations":[""],"override_default_variation_attributes":false,"default_variation_attributes":[],"single_product_visibility":"visible","cart_visibility":"visible","order_visibility":"visible","single_product_price_visibility":"visible","cart_price_visibility":"visible","order_price_visibility":"visible","stock_status":"in_stock"},{"bundled_item_id":1212,"product_id":116165,"menu_order":4,"quantity_min":1,"quantity_max":1,"priced_individually":false,"shipped_individually":false,"override_title":false,"title":"Be Beautiful superfood mix, 150g","override_description":false,"description":"Be Beautiful superfood mix, 150g","optional":false,"hide_thumbnail":false,"discount":"","override_variations":false,"allowed_variations":[""],"override_default_variation_attributes":false,"default_variation_attributes":[],"single_product_visibility":"visible","cart_visibility":"visible","order_visibility":"visible","single_product_price_visibility":"visible","cart_price_visibility":"visible","order_price_visibility":"visible","stock_status":"in_stock"},{"bundled_item_id":1213,"product_id":116251,"menu_order":5,"quantity_min":1,"quantity_max":1,"priced_individually":false,"shipped_individually":false,"override_title":false,"title":"Be Sporty protein powder, 300g","override_description":false,"description":"Be Sporty protein powder, 300g","optional":false,"hide_thumbnail":false,"discount":"","override_variations":false,"allowed_variations":[""],"override_default_variation_attributes":false,"default_variation_attributes":[],"single_product_visibility":"visible","cart_visibility":"visible","order_visibility":"visible","single_product_price_visibility":"visible","cart_price_visibility":"visible","order_price_visibility":"visible","stock_status":"in_stock"},{"bundled_item_id":1214,"product_id":116199,"menu_order":6,"quantity_min":1,"quantity_max":1,"priced_individually":false,"shipped_individually":false,"override_title":false,"title":"COLLAGEN EDITION Raspberry\u2019n\u2019Cherry, 150g","override_description":false,"description":"COLLAGEN EDITION Raspberry\u2019n\u2019Cherry, 150g","optional":false,"hide_thumbnail":false,"discount":"","override_variations":false,"allowed_variations":[""],"override_default_variation_attributes":false,"default_variation_attributes":[],"single_product_visibility":"visible","cart_visibility":"visible","order_visibility":"visible","single_product_price_visibility":"visible","cart_price_visibility":"visible","order_price_visibility":"visible","stock_status":"in_stock"},{"bundled_item_id":1215,"product_id":116200,"menu_order":7,"quantity_min":1,"quantity_max":1,"priced_individually":false,"shipped_individually":false,"override_title":false,"title":"COLLAGEN EDITION Buckthorn\u2019n\u2019Lemon, 150g","override_description":false,"description":"COLLAGEN EDITION Buckthorn\u2019n\u2019Lemon, 150g","optional":false,"hide_thumbnail":false,"discount":"","override_variations":false,"allowed_variations":[""],"override_default_variation_attributes":false,"default_variation_attributes":[],"single_product_visibility":"visible","cart_visibility":"visible","order_visibility":"visible","single_product_price_visibility":"visible","cart_price_visibility":"visible","order_price_visibility":"visible","stock_status":"in_stock"},{"bundled_item_id":1216,"product_id":116241,"menu_order":8,"quantity_min":1,"quantity_max":1,"priced_individually":false,"shipped_individually":false,"override_title":false,"title":"MARINE COLLAGEN Strawberry\u2019n\u2019Blackcurrant, 120g","override_description":false,"description":"MARINE COLLAGEN Strawberry\u2019n\u2019Blackcurrant, 120g","optional":false,"hide_thumbnail":false,"discount":"","override_variations":false,"allowed_variations":[""],"override_default_variation_attributes":false,"default_variation_attributes":[],"single_product_visibility":"visible","cart_visibility":"visible","order_visibility":"visible","single_product_price_visibility":"visible","cart_price_visibility":"visible","order_price_visibility":"visible","stock_status":"in_stock"},{"bundled_item_id":1217,"product_id":116240,"menu_order":9,"quantity_min":1,"quantity_max":1,"priced_individually":false,"shipped_individually":false,"override_title":false,"title":"MARINE COLLAGEN Mango\u2019n\u2019Lemon, 120g","override_description":false,"description":"MARINE COLLAGEN Mango\u2019n\u2019Lemon, 120g","optional":false,"hide_thumbnail":false,"discount":"","override_variations":false,"allowed_variations":[""],"override_default_variation_attributes":false,"default_variation_attributes":[],"single_product_visibility":"visible","cart_visibility":"visible","order_visibility":"visible","single_product_price_visibility":"visible","cart_price_visibility":"visible","order_price_visibility":"visible","stock_status":"in_stock"}],"yoast_head":"<!-- This site is optimized with the Yoast SEO plugin v27.4 - https:\/\/yoast.com\/product\/yoast-seo-wordpress\/ -->\n<title>Superfan combo - Be More<\/title>\n<meta name=\"description\" content=\"Be More supertoidusegud, teed, toorbatoonid ja toidulisandid on v\u00e4lja t\u00f6\u00f6tatud, et saaksid olla igap\u00e4evaselt parim versioon iseendast.\" \/>\n<meta name=\"robots\" content=\"noindex, follow, max-snippet:-1, max-image-preview:large, max-video-preview:-1\" \/>\n<meta property=\"og:locale\" content=\"en_US\" \/>\n<meta property=\"og:type\" content=\"article\" \/>\n<meta property=\"og:title\" content=\"Superfan combo - Be More\" \/>\n<meta property=\"og:description\" content=\"Be More supertoidusegud, teed, toorbatoonid ja toidulisandid on v\u00e4lja t\u00f6\u00f6tatud, et saaksid olla igap\u00e4evaselt parim versioon iseendast.\" \/>\n<meta property=\"og:url\" content=\"https:\/\/prelive.bemore.ee\/en\/toode\/superfan-combo\/\" \/>\n<meta property=\"og:site_name\" content=\"Be More\" \/>\n<meta property=\"article:modified_time\" content=\"2022-07-17T21:09:04+00:00\" \/>\n<meta property=\"og:image\" content=\"https:\/\/prelive.bemore.ee\/wp-content\/uploads\/2022\/02\/Be-More-IG-1080x1080-px-22.jpg\" \/>\n\t<meta property=\"og:image:width\" content=\"1080\" \/>\n\t<meta property=\"og:image:height\" content=\"1080\" \/>\n\t<meta property=\"og:image:type\" content=\"image\/jpeg\" \/>\n<meta name=\"twitter:card\" content=\"summary_large_image\" \/>\n<meta name=\"twitter:label1\" content=\"Est. reading time\" \/>\n\t<meta name=\"twitter:data1\" content=\"3 minutes\" \/>\n<script type=\"application\/ld+json\" class=\"yoast-schema-graph\">{\"@context\":\"https:\\\/\\\/schema.org\",\"@graph\":[{\"@type\":\"WebPage\",\"@id\":\"https:\\\/\\\/prelive.bemore.ee\\\/en\\\/toode\\\/superfan-combo\\\/\",\"url\":\"https:\\\/\\\/prelive.bemore.ee\\\/en\\\/toode\\\/superfan-combo\\\/\",\"name\":\"Superfan combo - Be More\",\"isPartOf\":{\"@id\":\"https:\\\/\\\/prelive.bemore.ee\\\/#website\"},\"primaryImageOfPage\":{\"@id\":\"https:\\\/\\\/prelive.bemore.ee\\\/en\\\/toode\\\/superfan-combo\\\/#primaryimage\"},\"image\":{\"@id\":\"https:\\\/\\\/prelive.bemore.ee\\\/en\\\/toode\\\/superfan-combo\\\/#primaryimage\"},\"thumbnailUrl\":\"https:\\\/\\\/prelive.bemore.ee\\\/wp-content\\\/uploads\\\/2022\\\/02\\\/Be-More-IG-1080x1080-px-22.jpg\",\"datePublished\":\"2022-02-23T10:36:46+00:00\",\"dateModified\":\"2022-07-17T21:09:04+00:00\",\"description\":\"Be More supertoidusegud, teed, toorbatoonid ja toidulisandid on v\u00e4lja t\u00f6\u00f6tatud, et saaksid olla igap\u00e4evaselt parim versioon iseendast.\",\"breadcrumb\":{\"@id\":\"https:\\\/\\\/prelive.bemore.ee\\\/en\\\/toode\\\/superfan-combo\\\/#breadcrumb\"},\"inLanguage\":\"en-US\",\"potentialAction\":[{\"@type\":\"ReadAction\",\"target\":[\"https:\\\/\\\/prelive.bemore.ee\\\/en\\\/toode\\\/superfan-combo\\\/\"]}]},{\"@type\":\"ImageObject\",\"inLanguage\":\"en-US\",\"@id\":\"https:\\\/\\\/prelive.bemore.ee\\\/en\\\/toode\\\/superfan-combo\\\/#primaryimage\",\"url\":\"https:\\\/\\\/prelive.bemore.ee\\\/wp-content\\\/uploads\\\/2022\\\/02\\\/Be-More-IG-1080x1080-px-22.jpg\",\"contentUrl\":\"https:\\\/\\\/prelive.bemore.ee\\\/wp-content\\\/uploads\\\/2022\\\/02\\\/Be-More-IG-1080x1080-px-22.jpg\",\"width\":1080,\"height\":1080,\"caption\":\"supertoidud\"},{\"@type\":\"BreadcrumbList\",\"@id\":\"https:\\\/\\\/prelive.bemore.ee\\\/en\\\/toode\\\/superfan-combo\\\/#breadcrumb\",\"itemListElement\":[{\"@type\":\"ListItem\",\"position\":1,\"name\":\"Shop\",\"item\":\"https:\\\/\\\/prelive.bemore.ee\\\/en\\\/shop\\\/\"},{\"@type\":\"ListItem\",\"position\":2,\"name\":\"Superfan combo\"}]},{\"@type\":\"WebSite\",\"@id\":\"https:\\\/\\\/prelive.bemore.ee\\\/#website\",\"url\":\"https:\\\/\\\/prelive.bemore.ee\\\/\",\"name\":\"Be More\",\"description\":\"Supertoidud Sinu igap\u00e4evaellu!\",\"potentialAction\":[{\"@type\":\"SearchAction\",\"target\":{\"@type\":\"EntryPoint\",\"urlTemplate\":\"https:\\\/\\\/prelive.bemore.ee\\\/?s={search_term_string}\"},\"query-input\":{\"@type\":\"PropertyValueSpecification\",\"valueRequired\":true,\"valueName\":\"search_term_string\"}}],\"inLanguage\":\"en-US\"}]}<\/script>\n<!-- \/ Yoast SEO plugin. -->","yoast_head_json":{"title":"Superfan combo - Be More","description":"Be More supertoidusegud, teed, toorbatoonid ja toidulisandid on v\u00e4lja t\u00f6\u00f6tatud, et saaksid olla igap\u00e4evaselt parim versioon iseendast.","robots":{"index":"noindex","follow":"follow","max-snippet":"max-snippet:-1","max-image-preview":"max-image-preview:large","max-video-preview":"max-video-preview:-1"},"og_locale":"en_US","og_type":"article","og_title":"Superfan combo - Be More","og_description":"Be More supertoidusegud, teed, toorbatoonid ja toidulisandid on v\u00e4lja t\u00f6\u00f6tatud, et saaksid olla igap\u00e4evaselt parim versioon iseendast.","og_url":"https:\/\/prelive.bemore.ee\/en\/toode\/superfan-combo\/","og_site_name":"Be More","article_modified_time":"2022-07-17T21:09:04+00:00","og_image":[{"width":1080,"height":1080,"url":"https:\/\/prelive.bemore.ee\/wp-content\/uploads\/2022\/02\/Be-More-IG-1080x1080-px-22.jpg","type":"image\/jpeg"}],"twitter_card":"summary_large_image","twitter_misc":{"Est. reading time":"3 minutes"},"schema":{"@context":"https:\/\/schema.org","@graph":[{"@type":"WebPage","@id":"https:\/\/prelive.bemore.ee\/en\/toode\/superfan-combo\/","url":"https:\/\/prelive.bemore.ee\/en\/toode\/superfan-combo\/","name":"Superfan combo - Be More","isPartOf":{"@id":"https:\/\/prelive.bemore.ee\/#website"},"primaryImageOfPage":{"@id":"https:\/\/prelive.bemore.ee\/en\/toode\/superfan-combo\/#primaryimage"},"image":{"@id":"https:\/\/prelive.bemore.ee\/en\/toode\/superfan-combo\/#primaryimage"},"thumbnailUrl":"https:\/\/prelive.bemore.ee\/wp-content\/uploads\/2022\/02\/Be-More-IG-1080x1080-px-22.jpg","datePublished":"2022-02-23T10:36:46+00:00","dateModified":"2022-07-17T21:09:04+00:00","description":"Be More supertoidusegud, teed, toorbatoonid ja toidulisandid on v\u00e4lja t\u00f6\u00f6tatud, et saaksid olla igap\u00e4evaselt parim versioon iseendast.","breadcrumb":{"@id":"https:\/\/prelive.bemore.ee\/en\/toode\/superfan-combo\/#breadcrumb"},"inLanguage":"en-US","potentialAction":[{"@type":"ReadAction","target":["https:\/\/prelive.bemore.ee\/en\/toode\/superfan-combo\/"]}]},{"@type":"ImageObject","inLanguage":"en-US","@id":"https:\/\/prelive.bemore.ee\/en\/toode\/superfan-combo\/#primaryimage","url":"https:\/\/prelive.bemore.ee\/wp-content\/uploads\/2022\/02\/Be-More-IG-1080x1080-px-22.jpg","contentUrl":"https:\/\/prelive.bemore.ee\/wp-content\/uploads\/2022\/02\/Be-More-IG-1080x1080-px-22.jpg","width":1080,"height":1080,"caption":"supertoidud"},{"@type":"BreadcrumbList","@id":"https:\/\/prelive.bemore.ee\/en\/toode\/superfan-combo\/#breadcrumb","itemListElement":[{"@type":"ListItem","position":1,"name":"Shop","item":"https:\/\/prelive.bemore.ee\/en\/shop\/"},{"@type":"ListItem","position":2,"name":"Superfan combo"}]},{"@type":"WebSite","@id":"https:\/\/prelive.bemore.ee\/#website","url":"https:\/\/prelive.bemore.ee\/","name":"Be More","description":"Supertoidud Sinu igap\u00e4evaellu!","potentialAction":[{"@type":"SearchAction","target":{"@type":"EntryPoint","urlTemplate":"https:\/\/prelive.bemore.ee\/?s={search_term_string}"},"query-input":{"@type":"PropertyValueSpecification","valueRequired":true,"valueName":"search_term_string"}}],"inLanguage":"en-US"}]}},"_links":{"self":[{"href":"https:\/\/prelive.bemore.ee\/en\/wp-json\/wp\/v2\/product\/129226","targetHints":{"allow":["GET"]}}],"collection":[{"href":"https:\/\/prelive.bemore.ee\/en\/wp-json\/wp\/v2\/product"}],"about":[{"href":"https:\/\/prelive.bemore.ee\/en\/wp-json\/wp\/v2\/types\/product"}],"replies":[{"embeddable":true,"href":"https:\/\/prelive.bemore.ee\/en\/wp-json\/wp\/v2\/comments?post=129226"}],"wp:featuredmedia":[{"embeddable":true,"href":"https:\/\/prelive.bemore.ee\/en\/wp-json\/wp\/v2\/media\/129225"}],"wp:attachment":[{"href":"https:\/\/prelive.bemore.ee\/en\/wp-json\/wp\/v2\/media?parent=129226"}],"wp:term":[{"taxonomy":"product_brand","embeddable":true,"href":"https:\/\/prelive.bemore.ee\/en\/wp-json\/wp\/v2\/product_brand?post=129226"},{"taxonomy":"product_cat","embeddable":true,"href":"https:\/\/prelive.bemore.ee\/en\/wp-json\/wp\/v2\/product_cat?post=129226"},{"taxonomy":"product_tag","embeddable":true,"href":"https:\/\/prelive.bemore.ee\/en\/wp-json\/wp\/v2\/product_tag?post=129226"}],"curies":[{"name":"wp","href":"https:\/\/api.w.org\/{rel}","templated":true}]}}