{"id":124982,"date":"2022-01-07T14:08:33","date_gmt":"2022-01-07T12:08:33","guid":{"rendered":"https:\/\/prelive.bemore.ee\/?post_type=product&#038;p=124982"},"modified":"2022-07-18T00:09:04","modified_gmt":"2022-07-17T21:09:04","slug":"dream-combo","status":"publish","type":"product","link":"https:\/\/prelive.bemore.ee\/en\/toode\/dream-combo\/","title":{"rendered":"Dream combo"},"content":{"rendered":"<h4 style=\"text-align: left;\"><strong>Superfood and collagen mixes, that contain a lot of vitamins, minerals and fibers.<\/strong><\/h4>\n<p>By merging the 8 packages we created a combination to cover all your needs, to help up to 130 smoothies cover your needs for nutrients.<\/p>\n<h4><strong>What&#8217;s included in the Dream combo?<\/strong><\/h4>\n<p>Be Beautiful superfood mix: rosehip powder (25%), baobab powder (20%), freeze-dried raspberry powder (15%), pea protein powder (15%), chia ceeds (15%), acai berry powder (10%).<\/p>\n<p>Be Fit superfood mix: pea protein powder (30%), raw cocoa powder (25%), hemp protein powder (20%), freeze-dried goji berry powder (20%), hemp seeds (5%).<\/p>\n<p>Be Active superfood mix: beetroot powder (35%), freeze-dried blackcurrant powder (25%), freeze-dried goji berry powder (23%), chia ceeds (15%), freeze-dried camu-camu powder (2%).<\/p>\n<p>Be Healthy superfood mix: freeze-dried blackcurrant powder (54%), Chaga powder (18%), chia (<em>Salvia hispanica<\/em>) seed powder (9%), freeze-dried Jerusalem artichoke powder (9%), freeze-dried Camu-Camu powder (6%), freeze-dried lemon powder (4%).<\/p>\n<p>Detox superfood mix: freeze-dried lingonberry powder (20%), pea protein powder (19%), chlorella (18%), spirulina (16%), wheat grass (12%), lemongrass (10%), freeze-dried cranberry powder (5%).<\/p>\n<p>Be Sporty protein powder: pea protein powder (77%), freeze-dried blackcurrant powder, freeze-dried passion fruit powder, freeze-dried lemon powder.<\/p>\n<p>COLLAGEN EDITION Raspberry\u2019n\u2019Cherry collagen mix: hydrolysed bovine collagen (66%), freeze-dried raspberry powder (20%), freeze-dried cherry powder (7%), freeze-dried Camu-Camu powder, freeze-dried lemon powder.<\/p>\n<p>COLLAGEN EDITION Buckthorn\u2019n\u2019Lemon collagen mix: hydrolysed bovine collagen (74%), freeze-dried sea buckthorn powder (15%), freeze-dried lemon powder (4%), freeze-dried Camu-Camu powder, freeze-dried gooseberry powder.<\/p>\n<h4 style=\"text-align: left;\"><b>Serving size:<\/b><\/h4>\n<p style=\"text-align: left;\">Add approximately one tablespoon to each smoothie, depending on your wishes. With Detox blend add about 1 teaspoon.<\/p>\n<h4 style=\"text-align: left;\"><b>Servings per package:<\/b><\/h4>\n<p style=\"text-align: left;\">Each 150g package contains up to 15 serving and Detox &#8211; 120g package includes 24 servings, depending on individual needs.<\/p>\n<h4 style=\"text-align: left;\"><b>Storage conditions<\/b><\/h4>\n<p style=\"text-align: left;\">Store at room temperature and keep away from direct sunlight if possible. After each use seal it carefully.<\/p>\n<h4 style=\"text-align: left;\"><b>Do you have any recipe recommendations available?<\/b><\/h4>\n<p>To get inspirational ideas for smoothies, our website has a whole section with recipies and we are constantly adding new ideas and inspiring tips to our fans and family members. In addition, you will find great recipe recommendations on our social media channels!<\/p>\n","protected":false},"excerpt":{"rendered":"<h4><strong>A dream come true Be More superfood combo of 8 packages!<\/strong><\/h4>\n<ul>\n<li><strong>100% natural<\/strong><\/li>\n<li>None of the products include added sugars or additives<\/li>\n<li><strong>8 different products<\/strong>, over 20 different superfoods<\/li>\n<li>Each product supports a different part of your day<\/li>\n<li>This combo is enough to help your next about<strong> 130 smoothies<\/strong> to be more<\/li>\n<\/ul>\n","protected":false},"featured_media":120478,"comment_status":"open","ping_status":"closed","template":"","meta":[],"product_brand":[],"product_cat":[332],"product_tag":[346],"class_list":{"0":"post-124982","1":"product","2":"type-product","3":"status-publish","4":"has-post-thumbnail","6":"product_cat-combo-deals","7":"product_tag-smoothies","9":"first","10":"instock","11":"sale","12":"taxable","13":"shipping-taxable","14":"purchasable","15":"product-type-bundle"},"bundle_layout":"default","bundled_by":[],"bundled_items":[{"bundled_item_id":1171,"product_id":116251,"menu_order":0,"quantity_min":1,"quantity_max":1,"priced_individually":false,"shipped_individually":false,"override_title":false,"title":"Be Sporty protein powder, 300g","override_description":false,"description":"Be Sporty protein powder, 300g","optional":false,"hide_thumbnail":false,"discount":"","override_variations":false,"allowed_variations":[""],"override_default_variation_attributes":false,"default_variation_attributes":[],"single_product_visibility":"visible","cart_visibility":"visible","order_visibility":"visible","single_product_price_visibility":"visible","cart_price_visibility":"visible","order_price_visibility":"visible","stock_status":"in_stock"}],"yoast_head":"<!-- This site is optimized with the Yoast SEO plugin v27.4 - https:\/\/yoast.com\/product\/yoast-seo-wordpress\/ -->\n<title>Dream combo - Be More<\/title>\n<meta name=\"description\" content=\"Be More supertoidusegud, teed, toorbatoonid ja toidulisandid on v\u00e4lja t\u00f6\u00f6tatud, et saaksid olla igap\u00e4evaselt parim versioon iseendast.\" \/>\n<meta name=\"robots\" content=\"noindex, follow, max-snippet:-1, max-image-preview:large, max-video-preview:-1\" \/>\n<meta property=\"og:locale\" content=\"en_US\" \/>\n<meta property=\"og:type\" content=\"article\" \/>\n<meta property=\"og:title\" content=\"Dream combo - Be More\" \/>\n<meta property=\"og:description\" content=\"Be More supertoidusegud, teed, toorbatoonid ja toidulisandid on v\u00e4lja t\u00f6\u00f6tatud, et saaksid olla igap\u00e4evaselt parim versioon iseendast.\" \/>\n<meta property=\"og:url\" content=\"https:\/\/prelive.bemore.ee\/en\/toode\/dream-combo\/\" \/>\n<meta property=\"og:site_name\" content=\"Be More\" \/>\n<meta property=\"article:modified_time\" content=\"2022-07-17T21:09:04+00:00\" \/>\n<meta property=\"og:image\" content=\"https:\/\/prelive.bemore.ee\/wp-content\/uploads\/2020\/09\/Ko\u0303ik-supertoidusegud-kollaageen-kombo-1-1.jpg\" \/>\n\t<meta property=\"og:image:width\" content=\"1080\" \/>\n\t<meta property=\"og:image:height\" content=\"1080\" \/>\n\t<meta property=\"og:image:type\" content=\"image\/jpeg\" \/>\n<meta name=\"twitter:card\" content=\"summary_large_image\" \/>\n<meta name=\"twitter:label1\" content=\"Est. reading time\" \/>\n\t<meta name=\"twitter:data1\" content=\"2 minutes\" \/>\n<script type=\"application\/ld+json\" class=\"yoast-schema-graph\">{\"@context\":\"https:\\\/\\\/schema.org\",\"@graph\":[{\"@type\":\"WebPage\",\"@id\":\"https:\\\/\\\/prelive.bemore.ee\\\/en\\\/toode\\\/dream-combo\\\/\",\"url\":\"https:\\\/\\\/prelive.bemore.ee\\\/en\\\/toode\\\/dream-combo\\\/\",\"name\":\"Dream combo - Be More\",\"isPartOf\":{\"@id\":\"https:\\\/\\\/prelive.bemore.ee\\\/#website\"},\"primaryImageOfPage\":{\"@id\":\"https:\\\/\\\/prelive.bemore.ee\\\/en\\\/toode\\\/dream-combo\\\/#primaryimage\"},\"image\":{\"@id\":\"https:\\\/\\\/prelive.bemore.ee\\\/en\\\/toode\\\/dream-combo\\\/#primaryimage\"},\"thumbnailUrl\":\"https:\\\/\\\/prelive.bemore.ee\\\/wp-content\\\/uploads\\\/2020\\\/09\\\/Ko\u0303ik-supertoidusegud-kollaageen-kombo-1-1.jpg\",\"datePublished\":\"2022-01-07T12:08:33+00:00\",\"dateModified\":\"2022-07-17T21:09:04+00:00\",\"description\":\"Be More supertoidusegud, teed, toorbatoonid ja toidulisandid on v\u00e4lja t\u00f6\u00f6tatud, et saaksid olla igap\u00e4evaselt parim versioon iseendast.\",\"breadcrumb\":{\"@id\":\"https:\\\/\\\/prelive.bemore.ee\\\/en\\\/toode\\\/dream-combo\\\/#breadcrumb\"},\"inLanguage\":\"en-US\",\"potentialAction\":[{\"@type\":\"ReadAction\",\"target\":[\"https:\\\/\\\/prelive.bemore.ee\\\/en\\\/toode\\\/dream-combo\\\/\"]}]},{\"@type\":\"ImageObject\",\"inLanguage\":\"en-US\",\"@id\":\"https:\\\/\\\/prelive.bemore.ee\\\/en\\\/toode\\\/dream-combo\\\/#primaryimage\",\"url\":\"https:\\\/\\\/prelive.bemore.ee\\\/wp-content\\\/uploads\\\/2020\\\/09\\\/Ko\u0303ik-supertoidusegud-kollaageen-kombo-1-1.jpg\",\"contentUrl\":\"https:\\\/\\\/prelive.bemore.ee\\\/wp-content\\\/uploads\\\/2020\\\/09\\\/Ko\u0303ik-supertoidusegud-kollaageen-kombo-1-1.jpg\",\"width\":1080,\"height\":1080},{\"@type\":\"BreadcrumbList\",\"@id\":\"https:\\\/\\\/prelive.bemore.ee\\\/en\\\/toode\\\/dream-combo\\\/#breadcrumb\",\"itemListElement\":[{\"@type\":\"ListItem\",\"position\":1,\"name\":\"Shop\",\"item\":\"https:\\\/\\\/prelive.bemore.ee\\\/en\\\/shop\\\/\"},{\"@type\":\"ListItem\",\"position\":2,\"name\":\"Dream combo\"}]},{\"@type\":\"WebSite\",\"@id\":\"https:\\\/\\\/prelive.bemore.ee\\\/#website\",\"url\":\"https:\\\/\\\/prelive.bemore.ee\\\/\",\"name\":\"Be More\",\"description\":\"Supertoidud Sinu igap\u00e4evaellu!\",\"potentialAction\":[{\"@type\":\"SearchAction\",\"target\":{\"@type\":\"EntryPoint\",\"urlTemplate\":\"https:\\\/\\\/prelive.bemore.ee\\\/?s={search_term_string}\"},\"query-input\":{\"@type\":\"PropertyValueSpecification\",\"valueRequired\":true,\"valueName\":\"search_term_string\"}}],\"inLanguage\":\"en-US\"}]}<\/script>\n<!-- \/ Yoast SEO plugin. -->","yoast_head_json":{"title":"Dream combo - Be More","description":"Be More supertoidusegud, teed, toorbatoonid ja toidulisandid on v\u00e4lja t\u00f6\u00f6tatud, et saaksid olla igap\u00e4evaselt parim versioon iseendast.","robots":{"index":"noindex","follow":"follow","max-snippet":"max-snippet:-1","max-image-preview":"max-image-preview:large","max-video-preview":"max-video-preview:-1"},"og_locale":"en_US","og_type":"article","og_title":"Dream combo - Be More","og_description":"Be More supertoidusegud, teed, toorbatoonid ja toidulisandid on v\u00e4lja t\u00f6\u00f6tatud, et saaksid olla igap\u00e4evaselt parim versioon iseendast.","og_url":"https:\/\/prelive.bemore.ee\/en\/toode\/dream-combo\/","og_site_name":"Be More","article_modified_time":"2022-07-17T21:09:04+00:00","og_image":[{"width":1080,"height":1080,"url":"https:\/\/prelive.bemore.ee\/wp-content\/uploads\/2020\/09\/Ko\u0303ik-supertoidusegud-kollaageen-kombo-1-1.jpg","type":"image\/jpeg"}],"twitter_card":"summary_large_image","twitter_misc":{"Est. reading time":"2 minutes"},"schema":{"@context":"https:\/\/schema.org","@graph":[{"@type":"WebPage","@id":"https:\/\/prelive.bemore.ee\/en\/toode\/dream-combo\/","url":"https:\/\/prelive.bemore.ee\/en\/toode\/dream-combo\/","name":"Dream combo - Be More","isPartOf":{"@id":"https:\/\/prelive.bemore.ee\/#website"},"primaryImageOfPage":{"@id":"https:\/\/prelive.bemore.ee\/en\/toode\/dream-combo\/#primaryimage"},"image":{"@id":"https:\/\/prelive.bemore.ee\/en\/toode\/dream-combo\/#primaryimage"},"thumbnailUrl":"https:\/\/prelive.bemore.ee\/wp-content\/uploads\/2020\/09\/Ko\u0303ik-supertoidusegud-kollaageen-kombo-1-1.jpg","datePublished":"2022-01-07T12:08:33+00:00","dateModified":"2022-07-17T21:09:04+00:00","description":"Be More supertoidusegud, teed, toorbatoonid ja toidulisandid on v\u00e4lja t\u00f6\u00f6tatud, et saaksid olla igap\u00e4evaselt parim versioon iseendast.","breadcrumb":{"@id":"https:\/\/prelive.bemore.ee\/en\/toode\/dream-combo\/#breadcrumb"},"inLanguage":"en-US","potentialAction":[{"@type":"ReadAction","target":["https:\/\/prelive.bemore.ee\/en\/toode\/dream-combo\/"]}]},{"@type":"ImageObject","inLanguage":"en-US","@id":"https:\/\/prelive.bemore.ee\/en\/toode\/dream-combo\/#primaryimage","url":"https:\/\/prelive.bemore.ee\/wp-content\/uploads\/2020\/09\/Ko\u0303ik-supertoidusegud-kollaageen-kombo-1-1.jpg","contentUrl":"https:\/\/prelive.bemore.ee\/wp-content\/uploads\/2020\/09\/Ko\u0303ik-supertoidusegud-kollaageen-kombo-1-1.jpg","width":1080,"height":1080},{"@type":"BreadcrumbList","@id":"https:\/\/prelive.bemore.ee\/en\/toode\/dream-combo\/#breadcrumb","itemListElement":[{"@type":"ListItem","position":1,"name":"Shop","item":"https:\/\/prelive.bemore.ee\/en\/shop\/"},{"@type":"ListItem","position":2,"name":"Dream combo"}]},{"@type":"WebSite","@id":"https:\/\/prelive.bemore.ee\/#website","url":"https:\/\/prelive.bemore.ee\/","name":"Be More","description":"Supertoidud Sinu igap\u00e4evaellu!","potentialAction":[{"@type":"SearchAction","target":{"@type":"EntryPoint","urlTemplate":"https:\/\/prelive.bemore.ee\/?s={search_term_string}"},"query-input":{"@type":"PropertyValueSpecification","valueRequired":true,"valueName":"search_term_string"}}],"inLanguage":"en-US"}]}},"_links":{"self":[{"href":"https:\/\/prelive.bemore.ee\/en\/wp-json\/wp\/v2\/product\/124982","targetHints":{"allow":["GET"]}}],"collection":[{"href":"https:\/\/prelive.bemore.ee\/en\/wp-json\/wp\/v2\/product"}],"about":[{"href":"https:\/\/prelive.bemore.ee\/en\/wp-json\/wp\/v2\/types\/product"}],"replies":[{"embeddable":true,"href":"https:\/\/prelive.bemore.ee\/en\/wp-json\/wp\/v2\/comments?post=124982"}],"wp:featuredmedia":[{"embeddable":true,"href":"https:\/\/prelive.bemore.ee\/en\/wp-json\/wp\/v2\/media\/120478"}],"wp:attachment":[{"href":"https:\/\/prelive.bemore.ee\/en\/wp-json\/wp\/v2\/media?parent=124982"}],"wp:term":[{"taxonomy":"product_brand","embeddable":true,"href":"https:\/\/prelive.bemore.ee\/en\/wp-json\/wp\/v2\/product_brand?post=124982"},{"taxonomy":"product_cat","embeddable":true,"href":"https:\/\/prelive.bemore.ee\/en\/wp-json\/wp\/v2\/product_cat?post=124982"},{"taxonomy":"product_tag","embeddable":true,"href":"https:\/\/prelive.bemore.ee\/en\/wp-json\/wp\/v2\/product_tag?post=124982"}],"curies":[{"name":"wp","href":"https:\/\/api.w.org\/{rel}","templated":true}]}}