{"id":120061,"date":"2021-05-31T09:28:31","date_gmt":"2021-11-24T13:44:31","guid":{"rendered":"https:\/\/prelive.bemore.ee\/?post_type=product&#038;p=120061"},"modified":"2022-07-18T00:09:04","modified_gmt":"2022-07-17T21:09:04","slug":"collagen-edition-cherry-collagen-raw-bar-16pc-2","status":"publish","type":"product","link":"https:\/\/prelive.bemore.ee\/en\/toode\/collagen-edition-cherry-collagen-raw-bar-16pc-2\/","title":{"rendered":"COLLAGEN EDITION cherry-collagen raw bar &#8211; 16pc"},"content":{"rendered":"<h4><strong>Be More new 100% Natural Collagen and Superfood loaded Raw Bars for Your everyday life! <\/strong><\/h4>\n<h4>Collagen Edition Cherry-Collagen Superfood raw bar contains our Collagen Edition Rasperry\u2019n\u2019Cherry Collagen Mix, which increases the vitamin and mineral content of the raw bar. It is\u00a0created for the person who truly cares about the well being of her skin, hair and nails.<\/h4>\n<h4><strong>Collagen Edition Cherry-Collagen Superfood raw bars are\u00a0suitable:<\/strong><\/h4>\n<ul>\n<li>for everybody who wants to increase the amount of vitamins, minerals and antioxidants in their menu<\/li>\n<li>for usage during pregnancy and breastfeeding<\/li>\n<li>for kids<\/li>\n<li>as a good source of fibre for weight loss<\/li>\n<\/ul>\n<h4><strong>What does this product consist of?<\/strong><\/h4>\n<p>Ingredients: dates, gluten-free oat meal, agave syrup, Be More COLLAGEN EDITION Rasperry\u2019n\u2019Cherry (13%) (hydrolized bovine collagen, freeze-dried rasperry powder, freeze-dried cherry powder, freeze-dried camu-camu powder, freeze-dried lemon powder), CASHEW NUTS, cold pressed coconut oil, freeze dried cherries (6%), hydrolyzed bovine collagen powder (3%), freeze-dried cherries (1%).<\/p>\n<h4><strong>Servings per package:<\/strong><\/h4>\n<p>Every box includes 16 raw bars.<\/p>\n<h4><strong>Storage conditions<\/strong><\/h4>\n<p>Store at room temperature, keep away from direct sunlight if possible.<\/p>\n<h4><strong>What does Collagen Edition Cherry-Collagen Superfood raw bar taste like?<\/strong><\/h4>\n<p>Collagen Edition Cherry-Collagen Superfood bar has a slightly sour, but enjoyable taste that comes from the cherry and Collagen Edition Rasperry\u2019n\u2019Cherry collageen mix content. Berries mix together well and taste refreshing like fresh berries from home garden.<\/p>\n","protected":false},"excerpt":{"rendered":"<div class=\"product-description\">\n<h4>Our Collagen Edition Cherry-Collagen flavoured raw bar is a perfect and healthy snack for Your everyday life!<\/h4>\n<ul class=\"ul1\">\n<li>One bar contains <strong>5000 mg of bovine collagen!<\/strong><\/li>\n<li>100% natural<\/li>\n<li>Contains no\u00a0added sugars\u00a0or\u00a0additives<\/li>\n<li>Gluten free<\/li>\n<li>Free from\u00a0preservatives<\/li>\n<li class=\"li1\">One box includes\u00a016 portion\/bars<\/li>\n<li class=\"li1\">Our batons are also enriched with COLLAGEN EDITION Rasperry&#8217;n&#8217;Cherry superfood mix, which adds even more enjoyable flavour<\/li>\n<li class=\"li1\">It also supports your body with a large amount of different vitamins, minerals and antioxidants<\/li>\n<li class=\"li1\">With the purchase of each raw bar, you support the <strong>Estonian Cancer Society<\/strong> with 1 cent and if You buy the whole box then You support them with <strong>16 cents<\/strong><\/li>\n<\/ul>\n<\/div>\n","protected":false},"featured_media":116007,"comment_status":"open","ping_status":"closed","template":"","meta":[],"product_brand":[],"product_cat":[538,333],"product_tag":[],"class_list":{"0":"post-120061","1":"product","2":"type-product","3":"status-publish","4":"has-post-thumbnail","6":"product_cat-be-beautiful","7":"product_cat-superfood-raw-bars","9":"first","10":"instock","11":"taxable","12":"shipping-taxable","13":"purchasable","14":"product-type-bundle"},"bundle_layout":"default","bundled_by":[],"bundled_items":[{"bundled_item_id":1140,"product_id":120472,"menu_order":0,"quantity_min":16,"quantity_max":16,"priced_individually":false,"shipped_individually":false,"override_title":false,"title":"1 COLLAGEN EDITION CHERRY-COLLAGEN RAW BAR","override_description":false,"description":"1 COLLAGEN EDITION CHERRY-COLLAGEN RAW BAR","optional":false,"hide_thumbnail":false,"discount":"","override_variations":false,"allowed_variations":[""],"override_default_variation_attributes":false,"default_variation_attributes":[],"single_product_visibility":"visible","cart_visibility":"visible","order_visibility":"visible","single_product_price_visibility":"visible","cart_price_visibility":"visible","order_price_visibility":"visible","stock_status":"in_stock"}],"yoast_head":"<!-- This site is optimized with the Yoast SEO plugin v27.4 - https:\/\/yoast.com\/product\/yoast-seo-wordpress\/ -->\n<title>COLLAGEN EDITION cherry-collagen raw bar - 16pc - Be More<\/title>\n<meta name=\"description\" content=\"Be More supertoidusegud, teed, toorbatoonid ja toidulisandid on v\u00e4lja t\u00f6\u00f6tatud, et saaksid olla igap\u00e4evaselt parim versioon iseendast.\" \/>\n<meta name=\"robots\" content=\"noindex, follow, max-snippet:-1, max-image-preview:large, max-video-preview:-1\" \/>\n<meta property=\"og:locale\" content=\"en_US\" \/>\n<meta property=\"og:type\" content=\"article\" \/>\n<meta property=\"og:title\" content=\"COLLAGEN EDITION cherry-collagen raw bar - 16pc - Be More\" \/>\n<meta property=\"og:description\" content=\"Be More supertoidusegud, teed, toorbatoonid ja toidulisandid on v\u00e4lja t\u00f6\u00f6tatud, et saaksid olla igap\u00e4evaselt parim versioon iseendast.\" \/>\n<meta property=\"og:url\" content=\"https:\/\/prelive.bemore.ee\/en\/toode\/collagen-edition-cherry-collagen-raw-bar-16pc-2\/\" \/>\n<meta property=\"og:site_name\" content=\"Be More\" \/>\n<meta property=\"article:modified_time\" content=\"2022-07-17T21:09:04+00:00\" \/>\n<meta property=\"og:image\" content=\"https:\/\/prelive.bemore.ee\/wp-content\/uploads\/2021\/08\/Untitled-design-16.png\" \/>\n\t<meta property=\"og:image:width\" content=\"1500\" \/>\n\t<meta property=\"og:image:height\" content=\"1500\" \/>\n\t<meta property=\"og:image:type\" content=\"image\/png\" \/>\n<meta name=\"twitter:card\" content=\"summary_large_image\" \/>\n<meta name=\"twitter:label1\" content=\"Est. reading time\" \/>\n\t<meta name=\"twitter:data1\" content=\"1 minute\" \/>\n<script type=\"application\/ld+json\" class=\"yoast-schema-graph\">{\"@context\":\"https:\\\/\\\/schema.org\",\"@graph\":[{\"@type\":\"WebPage\",\"@id\":\"https:\\\/\\\/prelive.bemore.ee\\\/en\\\/toode\\\/collagen-edition-cherry-collagen-raw-bar-16pc-2\\\/\",\"url\":\"https:\\\/\\\/prelive.bemore.ee\\\/en\\\/toode\\\/collagen-edition-cherry-collagen-raw-bar-16pc-2\\\/\",\"name\":\"COLLAGEN EDITION cherry-collagen raw bar - 16pc - Be More\",\"isPartOf\":{\"@id\":\"https:\\\/\\\/prelive.bemore.ee\\\/#website\"},\"primaryImageOfPage\":{\"@id\":\"https:\\\/\\\/prelive.bemore.ee\\\/en\\\/toode\\\/collagen-edition-cherry-collagen-raw-bar-16pc-2\\\/#primaryimage\"},\"image\":{\"@id\":\"https:\\\/\\\/prelive.bemore.ee\\\/en\\\/toode\\\/collagen-edition-cherry-collagen-raw-bar-16pc-2\\\/#primaryimage\"},\"thumbnailUrl\":\"https:\\\/\\\/prelive.bemore.ee\\\/wp-content\\\/uploads\\\/2021\\\/08\\\/Untitled-design-16.png\",\"datePublished\":\"2021-11-24T13:44:31+00:00\",\"dateModified\":\"2022-07-17T21:09:04+00:00\",\"description\":\"Be More supertoidusegud, teed, toorbatoonid ja toidulisandid on v\u00e4lja t\u00f6\u00f6tatud, et saaksid olla igap\u00e4evaselt parim versioon iseendast.\",\"breadcrumb\":{\"@id\":\"https:\\\/\\\/prelive.bemore.ee\\\/en\\\/toode\\\/collagen-edition-cherry-collagen-raw-bar-16pc-2\\\/#breadcrumb\"},\"inLanguage\":\"en-US\",\"potentialAction\":[{\"@type\":\"ReadAction\",\"target\":[\"https:\\\/\\\/prelive.bemore.ee\\\/en\\\/toode\\\/collagen-edition-cherry-collagen-raw-bar-16pc-2\\\/\"]}]},{\"@type\":\"ImageObject\",\"inLanguage\":\"en-US\",\"@id\":\"https:\\\/\\\/prelive.bemore.ee\\\/en\\\/toode\\\/collagen-edition-cherry-collagen-raw-bar-16pc-2\\\/#primaryimage\",\"url\":\"https:\\\/\\\/prelive.bemore.ee\\\/wp-content\\\/uploads\\\/2021\\\/08\\\/Untitled-design-16.png\",\"contentUrl\":\"https:\\\/\\\/prelive.bemore.ee\\\/wp-content\\\/uploads\\\/2021\\\/08\\\/Untitled-design-16.png\",\"width\":1500,\"height\":1500},{\"@type\":\"BreadcrumbList\",\"@id\":\"https:\\\/\\\/prelive.bemore.ee\\\/en\\\/toode\\\/collagen-edition-cherry-collagen-raw-bar-16pc-2\\\/#breadcrumb\",\"itemListElement\":[{\"@type\":\"ListItem\",\"position\":1,\"name\":\"Shop\",\"item\":\"https:\\\/\\\/prelive.bemore.ee\\\/en\\\/shop\\\/\"},{\"@type\":\"ListItem\",\"position\":2,\"name\":\"COLLAGEN EDITION cherry-collagen raw bar &#8211; 16pc\"}]},{\"@type\":\"WebSite\",\"@id\":\"https:\\\/\\\/prelive.bemore.ee\\\/#website\",\"url\":\"https:\\\/\\\/prelive.bemore.ee\\\/\",\"name\":\"Be More\",\"description\":\"Supertoidud Sinu igap\u00e4evaellu!\",\"potentialAction\":[{\"@type\":\"SearchAction\",\"target\":{\"@type\":\"EntryPoint\",\"urlTemplate\":\"https:\\\/\\\/prelive.bemore.ee\\\/?s={search_term_string}\"},\"query-input\":{\"@type\":\"PropertyValueSpecification\",\"valueRequired\":true,\"valueName\":\"search_term_string\"}}],\"inLanguage\":\"en-US\"}]}<\/script>\n<!-- \/ Yoast SEO plugin. -->","yoast_head_json":{"title":"COLLAGEN EDITION cherry-collagen raw bar - 16pc - Be More","description":"Be More supertoidusegud, teed, toorbatoonid ja toidulisandid on v\u00e4lja t\u00f6\u00f6tatud, et saaksid olla igap\u00e4evaselt parim versioon iseendast.","robots":{"index":"noindex","follow":"follow","max-snippet":"max-snippet:-1","max-image-preview":"max-image-preview:large","max-video-preview":"max-video-preview:-1"},"og_locale":"en_US","og_type":"article","og_title":"COLLAGEN EDITION cherry-collagen raw bar - 16pc - Be More","og_description":"Be More supertoidusegud, teed, toorbatoonid ja toidulisandid on v\u00e4lja t\u00f6\u00f6tatud, et saaksid olla igap\u00e4evaselt parim versioon iseendast.","og_url":"https:\/\/prelive.bemore.ee\/en\/toode\/collagen-edition-cherry-collagen-raw-bar-16pc-2\/","og_site_name":"Be More","article_modified_time":"2022-07-17T21:09:04+00:00","og_image":[{"width":1500,"height":1500,"url":"https:\/\/prelive.bemore.ee\/wp-content\/uploads\/2021\/08\/Untitled-design-16.png","type":"image\/png"}],"twitter_card":"summary_large_image","twitter_misc":{"Est. reading time":"1 minute"},"schema":{"@context":"https:\/\/schema.org","@graph":[{"@type":"WebPage","@id":"https:\/\/prelive.bemore.ee\/en\/toode\/collagen-edition-cherry-collagen-raw-bar-16pc-2\/","url":"https:\/\/prelive.bemore.ee\/en\/toode\/collagen-edition-cherry-collagen-raw-bar-16pc-2\/","name":"COLLAGEN EDITION cherry-collagen raw bar - 16pc - Be More","isPartOf":{"@id":"https:\/\/prelive.bemore.ee\/#website"},"primaryImageOfPage":{"@id":"https:\/\/prelive.bemore.ee\/en\/toode\/collagen-edition-cherry-collagen-raw-bar-16pc-2\/#primaryimage"},"image":{"@id":"https:\/\/prelive.bemore.ee\/en\/toode\/collagen-edition-cherry-collagen-raw-bar-16pc-2\/#primaryimage"},"thumbnailUrl":"https:\/\/prelive.bemore.ee\/wp-content\/uploads\/2021\/08\/Untitled-design-16.png","datePublished":"2021-11-24T13:44:31+00:00","dateModified":"2022-07-17T21:09:04+00:00","description":"Be More supertoidusegud, teed, toorbatoonid ja toidulisandid on v\u00e4lja t\u00f6\u00f6tatud, et saaksid olla igap\u00e4evaselt parim versioon iseendast.","breadcrumb":{"@id":"https:\/\/prelive.bemore.ee\/en\/toode\/collagen-edition-cherry-collagen-raw-bar-16pc-2\/#breadcrumb"},"inLanguage":"en-US","potentialAction":[{"@type":"ReadAction","target":["https:\/\/prelive.bemore.ee\/en\/toode\/collagen-edition-cherry-collagen-raw-bar-16pc-2\/"]}]},{"@type":"ImageObject","inLanguage":"en-US","@id":"https:\/\/prelive.bemore.ee\/en\/toode\/collagen-edition-cherry-collagen-raw-bar-16pc-2\/#primaryimage","url":"https:\/\/prelive.bemore.ee\/wp-content\/uploads\/2021\/08\/Untitled-design-16.png","contentUrl":"https:\/\/prelive.bemore.ee\/wp-content\/uploads\/2021\/08\/Untitled-design-16.png","width":1500,"height":1500},{"@type":"BreadcrumbList","@id":"https:\/\/prelive.bemore.ee\/en\/toode\/collagen-edition-cherry-collagen-raw-bar-16pc-2\/#breadcrumb","itemListElement":[{"@type":"ListItem","position":1,"name":"Shop","item":"https:\/\/prelive.bemore.ee\/en\/shop\/"},{"@type":"ListItem","position":2,"name":"COLLAGEN EDITION cherry-collagen raw bar &#8211; 16pc"}]},{"@type":"WebSite","@id":"https:\/\/prelive.bemore.ee\/#website","url":"https:\/\/prelive.bemore.ee\/","name":"Be More","description":"Supertoidud Sinu igap\u00e4evaellu!","potentialAction":[{"@type":"SearchAction","target":{"@type":"EntryPoint","urlTemplate":"https:\/\/prelive.bemore.ee\/?s={search_term_string}"},"query-input":{"@type":"PropertyValueSpecification","valueRequired":true,"valueName":"search_term_string"}}],"inLanguage":"en-US"}]}},"_links":{"self":[{"href":"https:\/\/prelive.bemore.ee\/en\/wp-json\/wp\/v2\/product\/120061","targetHints":{"allow":["GET"]}}],"collection":[{"href":"https:\/\/prelive.bemore.ee\/en\/wp-json\/wp\/v2\/product"}],"about":[{"href":"https:\/\/prelive.bemore.ee\/en\/wp-json\/wp\/v2\/types\/product"}],"replies":[{"embeddable":true,"href":"https:\/\/prelive.bemore.ee\/en\/wp-json\/wp\/v2\/comments?post=120061"}],"wp:featuredmedia":[{"embeddable":true,"href":"https:\/\/prelive.bemore.ee\/en\/wp-json\/wp\/v2\/media\/116007"}],"wp:attachment":[{"href":"https:\/\/prelive.bemore.ee\/en\/wp-json\/wp\/v2\/media?parent=120061"}],"wp:term":[{"taxonomy":"product_brand","embeddable":true,"href":"https:\/\/prelive.bemore.ee\/en\/wp-json\/wp\/v2\/product_brand?post=120061"},{"taxonomy":"product_cat","embeddable":true,"href":"https:\/\/prelive.bemore.ee\/en\/wp-json\/wp\/v2\/product_cat?post=120061"},{"taxonomy":"product_tag","embeddable":true,"href":"https:\/\/prelive.bemore.ee\/en\/wp-json\/wp\/v2\/product_tag?post=120061"}],"curies":[{"name":"wp","href":"https:\/\/api.w.org\/{rel}","templated":true}]}}