{"id":116250,"date":"2021-11-17T08:52:34","date_gmt":"2021-08-31T08:58:25","guid":{"rendered":"https:\/\/prelive.bemore.ee\/product\/mineral-complex\/"},"modified":"2022-07-18T00:09:05","modified_gmt":"2022-07-17T21:09:05","slug":"mineral-complex","status":"publish","type":"product","link":"https:\/\/prelive.bemore.ee\/en\/toode\/mineral-complex\/","title":{"rendered":"Mineral Complex"},"content":{"rendered":"<p>Mineral Complex includes four components and contains significant amounts of potassium and magnesium. Potassium and magnesium both contribute to normal function of nervous system and<br \/>\nmuscles. In addition, magnesium helps to reduce tiredness and fatigue, maintain normal bones, normal electrolyte balance and protein synthesis.<\/p>\n<p>Mineral Complex includes four components which contain significant amounts of <strong>calcium and<\/strong>\u00a0<strong>magnesium<\/strong>. Calcium and magnesium both contribute to normal energy-yielding metabolism, function\u00a0of normal nervous system, normal muscle function and maintenance of normal bones. Furthermore,\u00a0magnesium contributes to reduction of tiredness and fatigue, electrolyte balance and normal protein\u00a0synthesis.\u00a0<strong>Himalayan salt<\/strong>, which contains a lot of useful minerals, is very necessary for our health, because body fluids &#8211; lymph, blood and intercellular fluid are salty and alkaline, and mineralized alkaline water helps keep the body&#8217;s cells healthy.<\/p>\n<h4><strong>Mineral Complex is suitable for:<\/strong><\/h4>\n<ul>\n<li>People who want to drink alkaline water<\/li>\n<li>For those who want to consume extra minerals in addition to varied and balanced diet<\/li>\n<\/ul>\n<h4><strong>What does this product consist of?<\/strong><\/h4>\n<p><strong>Ingredients:<\/strong> magnesium citrate, potassium bicarbonate, Himalayan salt and sodium bicarbonate<\/p>\n<p><strong>The product does not contain:<\/strong> artificial flavors, flavorings or preservatives.<\/p>\n<h4><strong>How to use it?<\/strong><\/h4>\n<p>Directions for use: for adults (from the age of 18) dissolve half a teaspoon (2,5 g) of the mineral mixture in 2 liters of water and consume during the day.<\/p>\n<p>The food supplement is not intended to replace a varied diet! It is important to eat a varied and balanced diet and lead a healthy lifestyle! The recommended daily intake must not be exceeded!<\/p>\n<h4><strong>Storage conditions<\/strong><\/h4>\n<p>Store in the original package and at a temperature of 5-25 \u2103 protected from moisture and direct\u00a0sunlight.<\/p>\n<p>Keep out of the reach of children!<\/p>\n<h4><strong>Country of origin<\/strong><\/h4>\n<p>Estonia<\/p>\n","protected":false},"excerpt":{"rendered":"<ul>\n<li><strong>Makes water alkaline<\/strong><\/li>\n<li>Reduces fatigue and exhaustion<\/li>\n<li><strong>Helps reduce excessive acidity in the body<\/strong><\/li>\n<li>The basic environment of the organism is less susceptible to pathogens<\/li>\n<li>Alkaline water keeps body cells healthy<\/li>\n<li>Helps to restore minerals in the body<\/li>\n<li>Suitable for <strong>vegans<\/strong><\/li>\n<\/ul>\n","protected":false},"featured_media":129182,"comment_status":"open","ping_status":"closed","template":"","meta":[],"product_brand":[],"product_cat":[537,340],"product_tag":[],"class_list":{"0":"post-116250","1":"product","2":"type-product","3":"status-publish","4":"has-post-thumbnail","6":"product_cat-be-healthy","7":"product_cat-food-supplements","9":"first","10":"instock","11":"taxable","12":"shipping-taxable","13":"purchasable","14":"product-type-simple"},"bundle_layout":"","bundled_by":[],"bundled_items":[],"yoast_head":"<!-- This site is optimized with the Yoast SEO plugin v27.4 - https:\/\/yoast.com\/product\/yoast-seo-wordpress\/ -->\n<title>Mineral Complex - Be More<\/title>\n<meta name=\"description\" content=\"Be More supertoidusegud, teed, toorbatoonid ja toidulisandid on v\u00e4lja t\u00f6\u00f6tatud, et saaksid olla igap\u00e4evaselt parim versioon iseendast.\" \/>\n<meta name=\"robots\" content=\"noindex, follow, max-snippet:-1, max-image-preview:large, max-video-preview:-1\" \/>\n<meta property=\"og:locale\" content=\"en_US\" \/>\n<meta property=\"og:type\" content=\"article\" \/>\n<meta property=\"og:title\" content=\"Mineral Complex - Be More\" \/>\n<meta property=\"og:description\" content=\"Be More supertoidusegud, teed, toorbatoonid ja toidulisandid on v\u00e4lja t\u00f6\u00f6tatud, et saaksid olla igap\u00e4evaselt parim versioon iseendast.\" \/>\n<meta property=\"og:url\" content=\"https:\/\/prelive.bemore.ee\/en\/toode\/mineral-complex\/\" \/>\n<meta property=\"og:site_name\" content=\"Be More\" \/>\n<meta property=\"article:modified_time\" content=\"2022-07-17T21:09:05+00:00\" \/>\n<meta property=\"og:image\" content=\"https:\/\/prelive.bemore.ee\/wp-content\/uploads\/2021\/11\/Be-More-IG-1080x1080-px-16.jpg\" \/>\n\t<meta property=\"og:image:width\" content=\"1080\" \/>\n\t<meta property=\"og:image:height\" content=\"1080\" \/>\n\t<meta property=\"og:image:type\" content=\"image\/jpeg\" \/>\n<meta name=\"twitter:card\" content=\"summary_large_image\" \/>\n<meta name=\"twitter:label1\" content=\"Est. reading time\" \/>\n\t<meta name=\"twitter:data1\" content=\"2 minutes\" \/>\n<script type=\"application\/ld+json\" class=\"yoast-schema-graph\">{\"@context\":\"https:\\\/\\\/schema.org\",\"@graph\":[{\"@type\":\"WebPage\",\"@id\":\"https:\\\/\\\/prelive.bemore.ee\\\/en\\\/toode\\\/mineral-complex\\\/\",\"url\":\"https:\\\/\\\/prelive.bemore.ee\\\/en\\\/toode\\\/mineral-complex\\\/\",\"name\":\"Mineral Complex - Be More\",\"isPartOf\":{\"@id\":\"https:\\\/\\\/prelive.bemore.ee\\\/#website\"},\"primaryImageOfPage\":{\"@id\":\"https:\\\/\\\/prelive.bemore.ee\\\/en\\\/toode\\\/mineral-complex\\\/#primaryimage\"},\"image\":{\"@id\":\"https:\\\/\\\/prelive.bemore.ee\\\/en\\\/toode\\\/mineral-complex\\\/#primaryimage\"},\"thumbnailUrl\":\"https:\\\/\\\/prelive.bemore.ee\\\/wp-content\\\/uploads\\\/2021\\\/11\\\/Be-More-IG-1080x1080-px-16.jpg\",\"datePublished\":\"2021-08-31T08:58:25+00:00\",\"dateModified\":\"2022-07-17T21:09:05+00:00\",\"description\":\"Be More supertoidusegud, teed, toorbatoonid ja toidulisandid on v\u00e4lja t\u00f6\u00f6tatud, et saaksid olla igap\u00e4evaselt parim versioon iseendast.\",\"breadcrumb\":{\"@id\":\"https:\\\/\\\/prelive.bemore.ee\\\/en\\\/toode\\\/mineral-complex\\\/#breadcrumb\"},\"inLanguage\":\"en-US\",\"potentialAction\":[{\"@type\":\"ReadAction\",\"target\":[\"https:\\\/\\\/prelive.bemore.ee\\\/en\\\/toode\\\/mineral-complex\\\/\"]}]},{\"@type\":\"ImageObject\",\"inLanguage\":\"en-US\",\"@id\":\"https:\\\/\\\/prelive.bemore.ee\\\/en\\\/toode\\\/mineral-complex\\\/#primaryimage\",\"url\":\"https:\\\/\\\/prelive.bemore.ee\\\/wp-content\\\/uploads\\\/2021\\\/11\\\/Be-More-IG-1080x1080-px-16.jpg\",\"contentUrl\":\"https:\\\/\\\/prelive.bemore.ee\\\/wp-content\\\/uploads\\\/2021\\\/11\\\/Be-More-IG-1080x1080-px-16.jpg\",\"width\":1080,\"height\":1080,\"caption\":\"mineraal\"},{\"@type\":\"BreadcrumbList\",\"@id\":\"https:\\\/\\\/prelive.bemore.ee\\\/en\\\/toode\\\/mineral-complex\\\/#breadcrumb\",\"itemListElement\":[{\"@type\":\"ListItem\",\"position\":1,\"name\":\"Shop\",\"item\":\"https:\\\/\\\/prelive.bemore.ee\\\/en\\\/shop\\\/\"},{\"@type\":\"ListItem\",\"position\":2,\"name\":\"Mineral Complex\"}]},{\"@type\":\"WebSite\",\"@id\":\"https:\\\/\\\/prelive.bemore.ee\\\/#website\",\"url\":\"https:\\\/\\\/prelive.bemore.ee\\\/\",\"name\":\"Be More\",\"description\":\"Supertoidud Sinu igap\u00e4evaellu!\",\"potentialAction\":[{\"@type\":\"SearchAction\",\"target\":{\"@type\":\"EntryPoint\",\"urlTemplate\":\"https:\\\/\\\/prelive.bemore.ee\\\/?s={search_term_string}\"},\"query-input\":{\"@type\":\"PropertyValueSpecification\",\"valueRequired\":true,\"valueName\":\"search_term_string\"}}],\"inLanguage\":\"en-US\"}]}<\/script>\n<!-- \/ Yoast SEO plugin. -->","yoast_head_json":{"title":"Mineral Complex - Be More","description":"Be More supertoidusegud, teed, toorbatoonid ja toidulisandid on v\u00e4lja t\u00f6\u00f6tatud, et saaksid olla igap\u00e4evaselt parim versioon iseendast.","robots":{"index":"noindex","follow":"follow","max-snippet":"max-snippet:-1","max-image-preview":"max-image-preview:large","max-video-preview":"max-video-preview:-1"},"og_locale":"en_US","og_type":"article","og_title":"Mineral Complex - Be More","og_description":"Be More supertoidusegud, teed, toorbatoonid ja toidulisandid on v\u00e4lja t\u00f6\u00f6tatud, et saaksid olla igap\u00e4evaselt parim versioon iseendast.","og_url":"https:\/\/prelive.bemore.ee\/en\/toode\/mineral-complex\/","og_site_name":"Be More","article_modified_time":"2022-07-17T21:09:05+00:00","og_image":[{"width":1080,"height":1080,"url":"https:\/\/prelive.bemore.ee\/wp-content\/uploads\/2021\/11\/Be-More-IG-1080x1080-px-16.jpg","type":"image\/jpeg"}],"twitter_card":"summary_large_image","twitter_misc":{"Est. reading time":"2 minutes"},"schema":{"@context":"https:\/\/schema.org","@graph":[{"@type":"WebPage","@id":"https:\/\/prelive.bemore.ee\/en\/toode\/mineral-complex\/","url":"https:\/\/prelive.bemore.ee\/en\/toode\/mineral-complex\/","name":"Mineral Complex - Be More","isPartOf":{"@id":"https:\/\/prelive.bemore.ee\/#website"},"primaryImageOfPage":{"@id":"https:\/\/prelive.bemore.ee\/en\/toode\/mineral-complex\/#primaryimage"},"image":{"@id":"https:\/\/prelive.bemore.ee\/en\/toode\/mineral-complex\/#primaryimage"},"thumbnailUrl":"https:\/\/prelive.bemore.ee\/wp-content\/uploads\/2021\/11\/Be-More-IG-1080x1080-px-16.jpg","datePublished":"2021-08-31T08:58:25+00:00","dateModified":"2022-07-17T21:09:05+00:00","description":"Be More supertoidusegud, teed, toorbatoonid ja toidulisandid on v\u00e4lja t\u00f6\u00f6tatud, et saaksid olla igap\u00e4evaselt parim versioon iseendast.","breadcrumb":{"@id":"https:\/\/prelive.bemore.ee\/en\/toode\/mineral-complex\/#breadcrumb"},"inLanguage":"en-US","potentialAction":[{"@type":"ReadAction","target":["https:\/\/prelive.bemore.ee\/en\/toode\/mineral-complex\/"]}]},{"@type":"ImageObject","inLanguage":"en-US","@id":"https:\/\/prelive.bemore.ee\/en\/toode\/mineral-complex\/#primaryimage","url":"https:\/\/prelive.bemore.ee\/wp-content\/uploads\/2021\/11\/Be-More-IG-1080x1080-px-16.jpg","contentUrl":"https:\/\/prelive.bemore.ee\/wp-content\/uploads\/2021\/11\/Be-More-IG-1080x1080-px-16.jpg","width":1080,"height":1080,"caption":"mineraal"},{"@type":"BreadcrumbList","@id":"https:\/\/prelive.bemore.ee\/en\/toode\/mineral-complex\/#breadcrumb","itemListElement":[{"@type":"ListItem","position":1,"name":"Shop","item":"https:\/\/prelive.bemore.ee\/en\/shop\/"},{"@type":"ListItem","position":2,"name":"Mineral Complex"}]},{"@type":"WebSite","@id":"https:\/\/prelive.bemore.ee\/#website","url":"https:\/\/prelive.bemore.ee\/","name":"Be More","description":"Supertoidud Sinu igap\u00e4evaellu!","potentialAction":[{"@type":"SearchAction","target":{"@type":"EntryPoint","urlTemplate":"https:\/\/prelive.bemore.ee\/?s={search_term_string}"},"query-input":{"@type":"PropertyValueSpecification","valueRequired":true,"valueName":"search_term_string"}}],"inLanguage":"en-US"}]}},"_links":{"self":[{"href":"https:\/\/prelive.bemore.ee\/en\/wp-json\/wp\/v2\/product\/116250","targetHints":{"allow":["GET"]}}],"collection":[{"href":"https:\/\/prelive.bemore.ee\/en\/wp-json\/wp\/v2\/product"}],"about":[{"href":"https:\/\/prelive.bemore.ee\/en\/wp-json\/wp\/v2\/types\/product"}],"replies":[{"embeddable":true,"href":"https:\/\/prelive.bemore.ee\/en\/wp-json\/wp\/v2\/comments?post=116250"}],"wp:featuredmedia":[{"embeddable":true,"href":"https:\/\/prelive.bemore.ee\/en\/wp-json\/wp\/v2\/media\/129182"}],"wp:attachment":[{"href":"https:\/\/prelive.bemore.ee\/en\/wp-json\/wp\/v2\/media?parent=116250"}],"wp:term":[{"taxonomy":"product_brand","embeddable":true,"href":"https:\/\/prelive.bemore.ee\/en\/wp-json\/wp\/v2\/product_brand?post=116250"},{"taxonomy":"product_cat","embeddable":true,"href":"https:\/\/prelive.bemore.ee\/en\/wp-json\/wp\/v2\/product_cat?post=116250"},{"taxonomy":"product_tag","embeddable":true,"href":"https:\/\/prelive.bemore.ee\/en\/wp-json\/wp\/v2\/product_tag?post=116250"}],"curies":[{"name":"wp","href":"https:\/\/api.w.org\/{rel}","templated":true}]}}