{"id":116239,"date":"2021-01-20T11:40:22","date_gmt":"2021-01-20T11:40:23","guid":{"rendered":"https:\/\/prelive.bemore.ee\/product\/pau-darco-capsules-with-selenium-and-vitamin-c\/"},"modified":"2022-06-28T11:38:33","modified_gmt":"2022-06-28T08:38:33","slug":"pau-darco-capsules-with-selenium-and-vitamin-c","status":"publish","type":"product","link":"https:\/\/prelive.bemore.ee\/en\/toode\/pau-darco-capsules-with-selenium-and-vitamin-c\/","title":{"rendered":"Pau d\u2019Arco Capsules with Selenium and Vitamin C"},"content":{"rendered":"<p class=\"p1\">Pau D\u2019Arco (Tabebuia impetiginosa), is a native tree of the Amazon rainforests of South America. The inner part of the bark is used as a drug and it contains a lot of active substances that protect cells and tissues from oxidative stress. Also, it increases the body&#8217;s physiological resistance. Selenium and vitamin C are important for the normal functioning of the immune system and they reduce fatigue and exhaustion. In addition, selenium keeps hair and nails healthy, and vitamin C promotes the formation of collagen for the normal functioning of the skin, gums, blood vessels, teeth, bones and cartilage.<\/p>\n<h4><strong>Pau d\u2019Arco Capsules with Selenium and Vitamin C are suitable for\u2026<\/strong><\/h4>\n<ul>\n<li>people who want to increase their body&#8217;s physiological resistance to pathogens<\/li>\n<li>people who feel tired and exhausted<\/li>\n<li>people who want to keep their skin, hair and nails normal in addition to supporting their immune system<\/li>\n<\/ul>\n<h4><strong>Warnings! <\/strong><\/h4>\n<p class=\"p1\">Patients, who are using anticoagulants need to have consultation with a doctor before using Pau d\u2019Arco Capsules with Selenium and Vitamin C. It is recommended to stop using Pau d\u2019Arco Capsules with Selenium and Vitamin C two weeks before surgery or any other invasive medical procedure, due to a potential risk of bleeding.<\/p>\n<p class=\"p1\">If you are pregnant or breastfeeding, have a consultation with your doctor before using Pau d\u2019Arco Capsules with Selenium and Vitamin C.<\/p>\n<h4><strong>What does this product consist of?<\/strong><\/h4>\n<p>Ingredients: Pau D\u2019Arco (Tabebuia impetiginosa) inner bark, rice flour (Oryza sativa) (bulking agent), hydroxypropyl methylcellulose (glazing agent), L-ascorbic acid, L-selenomethionine (carrier: dicalcium phosphate).<\/p>\n<p class=\"p1\">The product does not contain: Artificial flavors, flavorings or preservatives, food colors, sweeteners, sugar, wheat, fish, soy, egg, lactose, nuts, sulfites or genetically modified ingredients.<\/p>\n<h4><strong>How to use it?<\/strong><\/h4>\n<p>Directions for use: For adults (from 18 years old) 1-2 capsules per day swallowed with food and water. The food supplement is not intended to replace a varied diet! It is important to eat a varied and balanced diet and lead a healthy lifestyle! The recommended daily intake must not be exceeded!<\/p>\n<h4><strong>Storage conditions<\/strong><\/h4>\n<p>Store in the original package and at a temperature of 5-25 \u2103 protected from moisture and direct sunlight. Keep out of the reach of children!<\/p>\n<h4><strong>Country of origin<\/strong><\/h4>\n<p>United Kingdom<\/p>\n","protected":false},"excerpt":{"rendered":"<ul>\n<li>\n<h4>Protects cells and tissues from oxidative stress<\/h4>\n<\/li>\n<li>\n<h4>Supports immune system<\/h4>\n<\/li>\n<li>\n<h4>Reduces fatigue and exhaustion<\/h4>\n<\/li>\n<li>\n<h4>Keeps hair and nails normal<\/h4>\n<\/li>\n<li>\n<h4>Promotes the production of collagen for the normal functioning of the skin, gums, blood vessels, teeth and bones<\/h4>\n<\/li>\n<li>\n<h4>Suitable for vegans<\/h4>\n<\/li>\n<\/ul>\n","protected":false},"featured_media":116641,"comment_status":"open","ping_status":"closed","template":"","meta":[],"product_brand":[],"product_cat":[537,340],"product_tag":[],"class_list":{"0":"post-116239","1":"product","2":"type-product","3":"status-publish","4":"has-post-thumbnail","6":"product_cat-be-healthy","7":"product_cat-food-supplements","9":"first","10":"instock","11":"taxable","12":"shipping-taxable","13":"purchasable","14":"product-type-simple"},"bundle_layout":"","bundled_by":[],"bundled_items":[],"yoast_head":"<!-- This site is optimized with the Yoast SEO plugin v27.4 - https:\/\/yoast.com\/product\/yoast-seo-wordpress\/ -->\n<title>Pau d\u2019Arco Capsules with Selenium and Vitamin C - Be More<\/title>\n<meta name=\"description\" content=\"Be More supertoidusegud, teed, toorbatoonid ja toidulisandid on v\u00e4lja t\u00f6\u00f6tatud, et saaksid olla igap\u00e4evaselt parim versioon iseendast.\" \/>\n<meta name=\"robots\" content=\"noindex, follow, max-snippet:-1, max-image-preview:large, max-video-preview:-1\" \/>\n<meta property=\"og:locale\" content=\"en_US\" \/>\n<meta property=\"og:type\" content=\"article\" \/>\n<meta property=\"og:title\" content=\"Pau d\u2019Arco Capsules with Selenium and Vitamin C - Be More\" \/>\n<meta property=\"og:description\" content=\"Be More supertoidusegud, teed, toorbatoonid ja toidulisandid on v\u00e4lja t\u00f6\u00f6tatud, et saaksid olla igap\u00e4evaselt parim versioon iseendast.\" \/>\n<meta property=\"og:url\" content=\"https:\/\/prelive.bemore.ee\/en\/toode\/pau-darco-capsules-with-selenium-and-vitamin-c\/\" \/>\n<meta property=\"og:site_name\" content=\"Be More\" \/>\n<meta property=\"article:modified_time\" content=\"2022-06-28T08:38:33+00:00\" \/>\n<meta property=\"og:image\" content=\"https:\/\/prelive.bemore.ee\/wp-content\/uploads\/2021\/01\/sipelgapuukoor_toode.jpg\" \/>\n\t<meta property=\"og:image:width\" content=\"1920\" \/>\n\t<meta property=\"og:image:height\" content=\"1920\" \/>\n\t<meta property=\"og:image:type\" content=\"image\/jpeg\" \/>\n<meta name=\"twitter:card\" content=\"summary_large_image\" \/>\n<meta name=\"twitter:label1\" content=\"Est. reading time\" \/>\n\t<meta name=\"twitter:data1\" content=\"2 minutes\" \/>\n<script type=\"application\/ld+json\" class=\"yoast-schema-graph\">{\"@context\":\"https:\\\/\\\/schema.org\",\"@graph\":[{\"@type\":\"WebPage\",\"@id\":\"https:\\\/\\\/prelive.bemore.ee\\\/en\\\/toode\\\/pau-darco-capsules-with-selenium-and-vitamin-c\\\/\",\"url\":\"https:\\\/\\\/prelive.bemore.ee\\\/en\\\/toode\\\/pau-darco-capsules-with-selenium-and-vitamin-c\\\/\",\"name\":\"Pau d\u2019Arco Capsules with Selenium and Vitamin C - Be More\",\"isPartOf\":{\"@id\":\"https:\\\/\\\/prelive.bemore.ee\\\/#website\"},\"primaryImageOfPage\":{\"@id\":\"https:\\\/\\\/prelive.bemore.ee\\\/en\\\/toode\\\/pau-darco-capsules-with-selenium-and-vitamin-c\\\/#primaryimage\"},\"image\":{\"@id\":\"https:\\\/\\\/prelive.bemore.ee\\\/en\\\/toode\\\/pau-darco-capsules-with-selenium-and-vitamin-c\\\/#primaryimage\"},\"thumbnailUrl\":\"https:\\\/\\\/prelive.bemore.ee\\\/wp-content\\\/uploads\\\/2021\\\/01\\\/sipelgapuukoor_toode.jpg\",\"datePublished\":\"2021-01-20T11:40:23+00:00\",\"dateModified\":\"2022-06-28T08:38:33+00:00\",\"description\":\"Be More supertoidusegud, teed, toorbatoonid ja toidulisandid on v\u00e4lja t\u00f6\u00f6tatud, et saaksid olla igap\u00e4evaselt parim versioon iseendast.\",\"breadcrumb\":{\"@id\":\"https:\\\/\\\/prelive.bemore.ee\\\/en\\\/toode\\\/pau-darco-capsules-with-selenium-and-vitamin-c\\\/#breadcrumb\"},\"inLanguage\":\"en-US\",\"potentialAction\":[{\"@type\":\"ReadAction\",\"target\":[\"https:\\\/\\\/prelive.bemore.ee\\\/en\\\/toode\\\/pau-darco-capsules-with-selenium-and-vitamin-c\\\/\"]}]},{\"@type\":\"ImageObject\",\"inLanguage\":\"en-US\",\"@id\":\"https:\\\/\\\/prelive.bemore.ee\\\/en\\\/toode\\\/pau-darco-capsules-with-selenium-and-vitamin-c\\\/#primaryimage\",\"url\":\"https:\\\/\\\/prelive.bemore.ee\\\/wp-content\\\/uploads\\\/2021\\\/01\\\/sipelgapuukoor_toode.jpg\",\"contentUrl\":\"https:\\\/\\\/prelive.bemore.ee\\\/wp-content\\\/uploads\\\/2021\\\/01\\\/sipelgapuukoor_toode.jpg\",\"width\":1920,\"height\":1920},{\"@type\":\"BreadcrumbList\",\"@id\":\"https:\\\/\\\/prelive.bemore.ee\\\/en\\\/toode\\\/pau-darco-capsules-with-selenium-and-vitamin-c\\\/#breadcrumb\",\"itemListElement\":[{\"@type\":\"ListItem\",\"position\":1,\"name\":\"Shop\",\"item\":\"https:\\\/\\\/prelive.bemore.ee\\\/en\\\/shop\\\/\"},{\"@type\":\"ListItem\",\"position\":2,\"name\":\"Pau d\u2019Arco Capsules with Selenium and Vitamin C\"}]},{\"@type\":\"WebSite\",\"@id\":\"https:\\\/\\\/prelive.bemore.ee\\\/#website\",\"url\":\"https:\\\/\\\/prelive.bemore.ee\\\/\",\"name\":\"Be More\",\"description\":\"Supertoidud Sinu igap\u00e4evaellu!\",\"potentialAction\":[{\"@type\":\"SearchAction\",\"target\":{\"@type\":\"EntryPoint\",\"urlTemplate\":\"https:\\\/\\\/prelive.bemore.ee\\\/?s={search_term_string}\"},\"query-input\":{\"@type\":\"PropertyValueSpecification\",\"valueRequired\":true,\"valueName\":\"search_term_string\"}}],\"inLanguage\":\"en-US\"}]}<\/script>\n<!-- \/ Yoast SEO plugin. -->","yoast_head_json":{"title":"Pau d\u2019Arco Capsules with Selenium and Vitamin C - Be More","description":"Be More supertoidusegud, teed, toorbatoonid ja toidulisandid on v\u00e4lja t\u00f6\u00f6tatud, et saaksid olla igap\u00e4evaselt parim versioon iseendast.","robots":{"index":"noindex","follow":"follow","max-snippet":"max-snippet:-1","max-image-preview":"max-image-preview:large","max-video-preview":"max-video-preview:-1"},"og_locale":"en_US","og_type":"article","og_title":"Pau d\u2019Arco Capsules with Selenium and Vitamin C - Be More","og_description":"Be More supertoidusegud, teed, toorbatoonid ja toidulisandid on v\u00e4lja t\u00f6\u00f6tatud, et saaksid olla igap\u00e4evaselt parim versioon iseendast.","og_url":"https:\/\/prelive.bemore.ee\/en\/toode\/pau-darco-capsules-with-selenium-and-vitamin-c\/","og_site_name":"Be More","article_modified_time":"2022-06-28T08:38:33+00:00","og_image":[{"width":1920,"height":1920,"url":"https:\/\/prelive.bemore.ee\/wp-content\/uploads\/2021\/01\/sipelgapuukoor_toode.jpg","type":"image\/jpeg"}],"twitter_card":"summary_large_image","twitter_misc":{"Est. reading time":"2 minutes"},"schema":{"@context":"https:\/\/schema.org","@graph":[{"@type":"WebPage","@id":"https:\/\/prelive.bemore.ee\/en\/toode\/pau-darco-capsules-with-selenium-and-vitamin-c\/","url":"https:\/\/prelive.bemore.ee\/en\/toode\/pau-darco-capsules-with-selenium-and-vitamin-c\/","name":"Pau d\u2019Arco Capsules with Selenium and Vitamin C - Be More","isPartOf":{"@id":"https:\/\/prelive.bemore.ee\/#website"},"primaryImageOfPage":{"@id":"https:\/\/prelive.bemore.ee\/en\/toode\/pau-darco-capsules-with-selenium-and-vitamin-c\/#primaryimage"},"image":{"@id":"https:\/\/prelive.bemore.ee\/en\/toode\/pau-darco-capsules-with-selenium-and-vitamin-c\/#primaryimage"},"thumbnailUrl":"https:\/\/prelive.bemore.ee\/wp-content\/uploads\/2021\/01\/sipelgapuukoor_toode.jpg","datePublished":"2021-01-20T11:40:23+00:00","dateModified":"2022-06-28T08:38:33+00:00","description":"Be More supertoidusegud, teed, toorbatoonid ja toidulisandid on v\u00e4lja t\u00f6\u00f6tatud, et saaksid olla igap\u00e4evaselt parim versioon iseendast.","breadcrumb":{"@id":"https:\/\/prelive.bemore.ee\/en\/toode\/pau-darco-capsules-with-selenium-and-vitamin-c\/#breadcrumb"},"inLanguage":"en-US","potentialAction":[{"@type":"ReadAction","target":["https:\/\/prelive.bemore.ee\/en\/toode\/pau-darco-capsules-with-selenium-and-vitamin-c\/"]}]},{"@type":"ImageObject","inLanguage":"en-US","@id":"https:\/\/prelive.bemore.ee\/en\/toode\/pau-darco-capsules-with-selenium-and-vitamin-c\/#primaryimage","url":"https:\/\/prelive.bemore.ee\/wp-content\/uploads\/2021\/01\/sipelgapuukoor_toode.jpg","contentUrl":"https:\/\/prelive.bemore.ee\/wp-content\/uploads\/2021\/01\/sipelgapuukoor_toode.jpg","width":1920,"height":1920},{"@type":"BreadcrumbList","@id":"https:\/\/prelive.bemore.ee\/en\/toode\/pau-darco-capsules-with-selenium-and-vitamin-c\/#breadcrumb","itemListElement":[{"@type":"ListItem","position":1,"name":"Shop","item":"https:\/\/prelive.bemore.ee\/en\/shop\/"},{"@type":"ListItem","position":2,"name":"Pau d\u2019Arco Capsules with Selenium and Vitamin C"}]},{"@type":"WebSite","@id":"https:\/\/prelive.bemore.ee\/#website","url":"https:\/\/prelive.bemore.ee\/","name":"Be More","description":"Supertoidud Sinu igap\u00e4evaellu!","potentialAction":[{"@type":"SearchAction","target":{"@type":"EntryPoint","urlTemplate":"https:\/\/prelive.bemore.ee\/?s={search_term_string}"},"query-input":{"@type":"PropertyValueSpecification","valueRequired":true,"valueName":"search_term_string"}}],"inLanguage":"en-US"}]}},"_links":{"self":[{"href":"https:\/\/prelive.bemore.ee\/en\/wp-json\/wp\/v2\/product\/116239","targetHints":{"allow":["GET"]}}],"collection":[{"href":"https:\/\/prelive.bemore.ee\/en\/wp-json\/wp\/v2\/product"}],"about":[{"href":"https:\/\/prelive.bemore.ee\/en\/wp-json\/wp\/v2\/types\/product"}],"replies":[{"embeddable":true,"href":"https:\/\/prelive.bemore.ee\/en\/wp-json\/wp\/v2\/comments?post=116239"}],"wp:featuredmedia":[{"embeddable":true,"href":"https:\/\/prelive.bemore.ee\/en\/wp-json\/wp\/v2\/media\/116641"}],"wp:attachment":[{"href":"https:\/\/prelive.bemore.ee\/en\/wp-json\/wp\/v2\/media?parent=116239"}],"wp:term":[{"taxonomy":"product_brand","embeddable":true,"href":"https:\/\/prelive.bemore.ee\/en\/wp-json\/wp\/v2\/product_brand?post=116239"},{"taxonomy":"product_cat","embeddable":true,"href":"https:\/\/prelive.bemore.ee\/en\/wp-json\/wp\/v2\/product_cat?post=116239"},{"taxonomy":"product_tag","embeddable":true,"href":"https:\/\/prelive.bemore.ee\/en\/wp-json\/wp\/v2\/product_tag?post=116239"}],"curies":[{"name":"wp","href":"https:\/\/api.w.org\/{rel}","templated":true}]}}