{"id":116238,"date":"2021-01-13T12:04:02","date_gmt":"2021-01-13T12:04:03","guid":{"rendered":"https:\/\/prelive.bemore.ee\/product\/blendtec-designer-650\/"},"modified":"2021-12-01T14:52:41","modified_gmt":"2021-12-01T12:52:41","slug":"blendtec-designer-650","status":"publish","type":"product","link":"https:\/\/prelive.bemore.ee\/en\/toode\/blendtec-designer-650\/","title":{"rendered":"BLENDTEC DESIGNER 650"},"content":{"rendered":"<div class=\"grid\">\n<div class=\"grid__item large--one-half medium--one-half\">\n<h4>HIGH TECH WITH FASHION SENSE<\/h4>\n<p>The Designer 650 is engineered not only to perform\u2014but also to fit in with your fashion sense. Available in classic black color.<\/p>\n<\/div>\n<\/div>\n<div class=\"grid\">\n<div class=\"grid__item large--one-half medium--one-half\">\n<h4>ILLUMINATED TOUCH CONTROLS<\/h4>\n<p>An intuitive touch screen with easy to see icons makes the Designer 650 more versatile and simple to use. It lights up with a single touch, shuts off automatically, and is completely flat so cleaning is as simple as a quick wipe.<\/p>\n<\/div>\n<\/div>\n<div class=\"grid\">\n<div class=\"grid__item large--one-half medium--one-half\">\n<h4>PRE-PRGOGRAMMED FINE TUNED BLEND CYCLES<\/h4>\n<p>No more guesswork! The Designer Series features six preprogrammed custom cycles: Batters, Ice Crush, Smoothie, Ice Cream, Whole Juice, Hot Soup. This exclusive blend cycle technology creates the perfect blends with the touch of a button.<\/p>\n<h4>8 MANUAL SPEEDS + PULSE<\/h4>\n<p>You now have total control of your blending speed literally at your fingertip with our total control slider interface. With the simple touch or sliding of your finger, you have complete control over your blending speed. Select any speed or slide from left to right to increase or decrease speed. Alongside the slider bar are the stop and pulse controls.<\/p>\n<\/div>\n<\/div>\n<h4>IT ALSO INCLUDES WILDSIDE+ JAR:<\/h4>\n<p>It\u2019s the jar that revolutionized high-speed blending. The WildSide+ jar features an extra-wide wide base and a narrow fifth \u201cwild\u201d side that helps create a faster, smoother blend. The WildSide+ jar also features two vertical ridges on the interior walls to disrupt the blending pattern even further and accelerate the blend. The result? The fastest, smoothest blend yet.<\/p>\n<h4>Furthermore, everyone who buys Blendtec Blender from our website will receive a free Blendtec Twister jar worth of 139\u20ac for absolutely FREE!<\/h4>\n<p>The Twister\u2122 jar is designed to handle extra-thick\u00a0blends and it has never been easier! The Twister jar tackles nut butters, hummus, sorbets &amp; more with ease. The patented Twister lid features tines that run along the inner side of the jar. Turning the Twister lid during blends keeps ingredients from sticking to the sides and pushes them back down to the blade into the blending vortex. No more stopping and scraping the sides manually.<\/p>\n","protected":false},"excerpt":{"rendered":"<p>Blendtec superblender is a powerful helper for your everyday life!<\/p>\n<ul>\n<li>Powerful <strong>1560W engine.<\/strong><\/li>\n<li>Unique design.<\/li>\n<li><strong>8 years warranty!<\/strong><\/li>\n<li>Touch panel.<\/li>\n<li>Suitable for both hot and cold foods.<\/li>\n<li><strong>FREE TWISTER JAR INCLUDED,<\/strong> which is perfect for sorbets and nut butters!<\/li>\n<\/ul>\n","protected":false},"featured_media":115972,"comment_status":"open","ping_status":"closed","template":"","meta":[],"product_brand":[],"product_cat":[337],"product_tag":[],"class_list":{"0":"post-116238","1":"product","2":"type-product","3":"status-publish","4":"has-post-thumbnail","6":"product_cat-accessories","8":"first","9":"instock","10":"taxable","11":"shipping-taxable","12":"purchasable","13":"product-type-simple"},"bundle_layout":"","bundled_by":[],"bundled_items":[],"yoast_head":"<!-- This site is optimized with the Yoast SEO plugin v27.4 - https:\/\/yoast.com\/product\/yoast-seo-wordpress\/ -->\n<title>BLENDTEC DESIGNER 650 - Be More<\/title>\n<meta name=\"description\" content=\"Be More supertoidusegud, teed, toorbatoonid ja toidulisandid on v\u00e4lja t\u00f6\u00f6tatud, et saaksid olla igap\u00e4evaselt parim versioon iseendast.\" \/>\n<meta name=\"robots\" content=\"noindex, follow, max-snippet:-1, max-image-preview:large, max-video-preview:-1\" \/>\n<meta property=\"og:locale\" content=\"en_US\" \/>\n<meta property=\"og:type\" content=\"article\" \/>\n<meta property=\"og:title\" content=\"BLENDTEC DESIGNER 650 - Be More\" \/>\n<meta property=\"og:description\" content=\"Be More supertoidusegud, teed, toorbatoonid ja toidulisandid on v\u00e4lja t\u00f6\u00f6tatud, et saaksid olla igap\u00e4evaselt parim versioon iseendast.\" \/>\n<meta property=\"og:url\" content=\"https:\/\/prelive.bemore.ee\/en\/toode\/blendtec-designer-650\/\" \/>\n<meta property=\"og:site_name\" content=\"Be More\" \/>\n<meta property=\"article:modified_time\" content=\"2021-12-01T12:52:41+00:00\" \/>\n<meta property=\"og:image\" content=\"https:\/\/prelive.bemore.ee\/wp-content\/uploads\/2021\/08\/D650-Black-WS-NEW-INTERFACE.png\" \/>\n\t<meta property=\"og:image:width\" content=\"1920\" \/>\n\t<meta property=\"og:image:height\" content=\"1920\" \/>\n\t<meta property=\"og:image:type\" content=\"image\/png\" \/>\n<meta name=\"twitter:card\" content=\"summary_large_image\" \/>\n<meta name=\"twitter:label1\" content=\"Est. reading time\" \/>\n\t<meta name=\"twitter:data1\" content=\"2 minutes\" \/>\n<script type=\"application\/ld+json\" class=\"yoast-schema-graph\">{\"@context\":\"https:\\\/\\\/schema.org\",\"@graph\":[{\"@type\":\"WebPage\",\"@id\":\"https:\\\/\\\/prelive.bemore.ee\\\/en\\\/toode\\\/blendtec-designer-650\\\/\",\"url\":\"https:\\\/\\\/prelive.bemore.ee\\\/en\\\/toode\\\/blendtec-designer-650\\\/\",\"name\":\"BLENDTEC DESIGNER 650 - Be More\",\"isPartOf\":{\"@id\":\"https:\\\/\\\/prelive.bemore.ee\\\/#website\"},\"primaryImageOfPage\":{\"@id\":\"https:\\\/\\\/prelive.bemore.ee\\\/en\\\/toode\\\/blendtec-designer-650\\\/#primaryimage\"},\"image\":{\"@id\":\"https:\\\/\\\/prelive.bemore.ee\\\/en\\\/toode\\\/blendtec-designer-650\\\/#primaryimage\"},\"thumbnailUrl\":\"https:\\\/\\\/prelive.bemore.ee\\\/wp-content\\\/uploads\\\/2021\\\/08\\\/D650-Black-WS-NEW-INTERFACE.png\",\"datePublished\":\"2021-01-13T12:04:03+00:00\",\"dateModified\":\"2021-12-01T12:52:41+00:00\",\"description\":\"Be More supertoidusegud, teed, toorbatoonid ja toidulisandid on v\u00e4lja t\u00f6\u00f6tatud, et saaksid olla igap\u00e4evaselt parim versioon iseendast.\",\"breadcrumb\":{\"@id\":\"https:\\\/\\\/prelive.bemore.ee\\\/en\\\/toode\\\/blendtec-designer-650\\\/#breadcrumb\"},\"inLanguage\":\"en-US\",\"potentialAction\":[{\"@type\":\"ReadAction\",\"target\":[\"https:\\\/\\\/prelive.bemore.ee\\\/en\\\/toode\\\/blendtec-designer-650\\\/\"]}]},{\"@type\":\"ImageObject\",\"inLanguage\":\"en-US\",\"@id\":\"https:\\\/\\\/prelive.bemore.ee\\\/en\\\/toode\\\/blendtec-designer-650\\\/#primaryimage\",\"url\":\"https:\\\/\\\/prelive.bemore.ee\\\/wp-content\\\/uploads\\\/2021\\\/08\\\/D650-Black-WS-NEW-INTERFACE.png\",\"contentUrl\":\"https:\\\/\\\/prelive.bemore.ee\\\/wp-content\\\/uploads\\\/2021\\\/08\\\/D650-Black-WS-NEW-INTERFACE.png\",\"width\":1920,\"height\":1920},{\"@type\":\"BreadcrumbList\",\"@id\":\"https:\\\/\\\/prelive.bemore.ee\\\/en\\\/toode\\\/blendtec-designer-650\\\/#breadcrumb\",\"itemListElement\":[{\"@type\":\"ListItem\",\"position\":1,\"name\":\"Shop\",\"item\":\"https:\\\/\\\/prelive.bemore.ee\\\/en\\\/shop\\\/\"},{\"@type\":\"ListItem\",\"position\":2,\"name\":\"BLENDTEC DESIGNER 650\"}]},{\"@type\":\"WebSite\",\"@id\":\"https:\\\/\\\/prelive.bemore.ee\\\/#website\",\"url\":\"https:\\\/\\\/prelive.bemore.ee\\\/\",\"name\":\"Be More\",\"description\":\"Supertoidud Sinu igap\u00e4evaellu!\",\"potentialAction\":[{\"@type\":\"SearchAction\",\"target\":{\"@type\":\"EntryPoint\",\"urlTemplate\":\"https:\\\/\\\/prelive.bemore.ee\\\/?s={search_term_string}\"},\"query-input\":{\"@type\":\"PropertyValueSpecification\",\"valueRequired\":true,\"valueName\":\"search_term_string\"}}],\"inLanguage\":\"en-US\"}]}<\/script>\n<!-- \/ Yoast SEO plugin. -->","yoast_head_json":{"title":"BLENDTEC DESIGNER 650 - Be More","description":"Be More supertoidusegud, teed, toorbatoonid ja toidulisandid on v\u00e4lja t\u00f6\u00f6tatud, et saaksid olla igap\u00e4evaselt parim versioon iseendast.","robots":{"index":"noindex","follow":"follow","max-snippet":"max-snippet:-1","max-image-preview":"max-image-preview:large","max-video-preview":"max-video-preview:-1"},"og_locale":"en_US","og_type":"article","og_title":"BLENDTEC DESIGNER 650 - Be More","og_description":"Be More supertoidusegud, teed, toorbatoonid ja toidulisandid on v\u00e4lja t\u00f6\u00f6tatud, et saaksid olla igap\u00e4evaselt parim versioon iseendast.","og_url":"https:\/\/prelive.bemore.ee\/en\/toode\/blendtec-designer-650\/","og_site_name":"Be More","article_modified_time":"2021-12-01T12:52:41+00:00","og_image":[{"width":1920,"height":1920,"url":"https:\/\/prelive.bemore.ee\/wp-content\/uploads\/2021\/08\/D650-Black-WS-NEW-INTERFACE.png","type":"image\/png"}],"twitter_card":"summary_large_image","twitter_misc":{"Est. reading time":"2 minutes"},"schema":{"@context":"https:\/\/schema.org","@graph":[{"@type":"WebPage","@id":"https:\/\/prelive.bemore.ee\/en\/toode\/blendtec-designer-650\/","url":"https:\/\/prelive.bemore.ee\/en\/toode\/blendtec-designer-650\/","name":"BLENDTEC DESIGNER 650 - Be More","isPartOf":{"@id":"https:\/\/prelive.bemore.ee\/#website"},"primaryImageOfPage":{"@id":"https:\/\/prelive.bemore.ee\/en\/toode\/blendtec-designer-650\/#primaryimage"},"image":{"@id":"https:\/\/prelive.bemore.ee\/en\/toode\/blendtec-designer-650\/#primaryimage"},"thumbnailUrl":"https:\/\/prelive.bemore.ee\/wp-content\/uploads\/2021\/08\/D650-Black-WS-NEW-INTERFACE.png","datePublished":"2021-01-13T12:04:03+00:00","dateModified":"2021-12-01T12:52:41+00:00","description":"Be More supertoidusegud, teed, toorbatoonid ja toidulisandid on v\u00e4lja t\u00f6\u00f6tatud, et saaksid olla igap\u00e4evaselt parim versioon iseendast.","breadcrumb":{"@id":"https:\/\/prelive.bemore.ee\/en\/toode\/blendtec-designer-650\/#breadcrumb"},"inLanguage":"en-US","potentialAction":[{"@type":"ReadAction","target":["https:\/\/prelive.bemore.ee\/en\/toode\/blendtec-designer-650\/"]}]},{"@type":"ImageObject","inLanguage":"en-US","@id":"https:\/\/prelive.bemore.ee\/en\/toode\/blendtec-designer-650\/#primaryimage","url":"https:\/\/prelive.bemore.ee\/wp-content\/uploads\/2021\/08\/D650-Black-WS-NEW-INTERFACE.png","contentUrl":"https:\/\/prelive.bemore.ee\/wp-content\/uploads\/2021\/08\/D650-Black-WS-NEW-INTERFACE.png","width":1920,"height":1920},{"@type":"BreadcrumbList","@id":"https:\/\/prelive.bemore.ee\/en\/toode\/blendtec-designer-650\/#breadcrumb","itemListElement":[{"@type":"ListItem","position":1,"name":"Shop","item":"https:\/\/prelive.bemore.ee\/en\/shop\/"},{"@type":"ListItem","position":2,"name":"BLENDTEC DESIGNER 650"}]},{"@type":"WebSite","@id":"https:\/\/prelive.bemore.ee\/#website","url":"https:\/\/prelive.bemore.ee\/","name":"Be More","description":"Supertoidud Sinu igap\u00e4evaellu!","potentialAction":[{"@type":"SearchAction","target":{"@type":"EntryPoint","urlTemplate":"https:\/\/prelive.bemore.ee\/?s={search_term_string}"},"query-input":{"@type":"PropertyValueSpecification","valueRequired":true,"valueName":"search_term_string"}}],"inLanguage":"en-US"}]}},"_links":{"self":[{"href":"https:\/\/prelive.bemore.ee\/en\/wp-json\/wp\/v2\/product\/116238","targetHints":{"allow":["GET"]}}],"collection":[{"href":"https:\/\/prelive.bemore.ee\/en\/wp-json\/wp\/v2\/product"}],"about":[{"href":"https:\/\/prelive.bemore.ee\/en\/wp-json\/wp\/v2\/types\/product"}],"replies":[{"embeddable":true,"href":"https:\/\/prelive.bemore.ee\/en\/wp-json\/wp\/v2\/comments?post=116238"}],"wp:featuredmedia":[{"embeddable":true,"href":"https:\/\/prelive.bemore.ee\/en\/wp-json\/wp\/v2\/media\/115972"}],"wp:attachment":[{"href":"https:\/\/prelive.bemore.ee\/en\/wp-json\/wp\/v2\/media?parent=116238"}],"wp:term":[{"taxonomy":"product_brand","embeddable":true,"href":"https:\/\/prelive.bemore.ee\/en\/wp-json\/wp\/v2\/product_brand?post=116238"},{"taxonomy":"product_cat","embeddable":true,"href":"https:\/\/prelive.bemore.ee\/en\/wp-json\/wp\/v2\/product_cat?post=116238"},{"taxonomy":"product_tag","embeddable":true,"href":"https:\/\/prelive.bemore.ee\/en\/wp-json\/wp\/v2\/product_tag?post=116238"}],"curies":[{"name":"wp","href":"https:\/\/api.w.org\/{rel}","templated":true}]}}