{"id":116235,"date":"2020-11-16T21:04:16","date_gmt":"2020-11-16T21:17:45","guid":{"rendered":"https:\/\/prelive.bemore.ee\/product\/healthy-combo\/"},"modified":"2022-04-28T01:00:42","modified_gmt":"2022-04-27T22:00:42","slug":"healthy-combo","status":"publish","type":"product","link":"https:\/\/prelive.bemore.ee\/en\/toode\/healthy-combo\/","title":{"rendered":"Healthy combo"},"content":{"rendered":"<p><span style=\"font-weight: 400;\">It is a combo designed to strengthen the body&#8217;s resistance to diseases. It contains huge amounts of vitamins and antioxidants that are directly related to the work of the immune system. In addition, ashwagandha powder has adaptogenic properties that improve the body&#8217;s resistance to stress and anxiety &#8211; which in return helps to stay healthy. Ashwagandha is also sleep-promoting, so you\u2019ll have a better sleep quality.<\/span><\/p>\n<h4><strong>How to use it?<\/strong><\/h4>\n<p><span style=\"font-weight: 400;\">Turmeric and black pepper capsules: <\/span><span style=\"font-weight: 400;\">For adults (from 18 years old) 1 capsule per day swallowed with food and water.<\/span><\/p>\n<p><span style=\"font-weight: 400;\">Vitamin C: <\/span><span style=\"font-weight: 400;\">For adults (from 18 years old) 1 capsule per day swallowed with food and water.<\/span><\/p>\n<p><span style=\"font-weight: 400;\">Ashwagandha powder: <\/span><span style=\"font-weight: 400;\">The recommended daily amount is 1 tablespoon, which can be mixed with warm water, milk, smoothie or porridge.<\/span><\/p>\n<h4><b>Serving size<\/b><\/h4>\n<p><span style=\"font-weight: 400;\">1 x turmeric and black pepper capsules &#8211; 60 psc<\/span><\/p>\n<p><span style=\"font-weight: 400;\">1 x vitamin C &#8211; 60 psc<\/span><\/p>\n<p><span style=\"font-weight: 400;\">1 x ashwagandha powder, 100g<\/span><\/p>\n<h4><b>Storage conditions<\/b><\/h4>\n<p><span style=\"font-weight: 400;\">Store in the original package and at a temperature of 5-25 \u2103 protected from moisture and direct sunlight.<\/span><\/p>\n<h4><b>Warnings<\/b><\/h4>\n<p><span style=\"font-weight: 400;\">The food supplement is not intended to replace a varied diet! It is important to eat a varied and balanced diet and lead a healthy lifestyle! The recommended daily intake must not be exceeded!<\/span><\/p>\n<p><span style=\"font-weight: 400;\">Turmeric and Black Pepper Capsules are not recommended for pregnant and breastfeeding mothers.<\/span><\/p>\n","protected":false},"excerpt":{"rendered":"<ul>\n<li style=\"font-weight: 400;\">\n<h4><span style=\"font-weight: 400;\">Strengthens immune system<\/span><\/h4>\n<\/li>\n<li style=\"font-weight: 400;\">\n<h4><span style=\"font-weight: 400;\">Rich in vitamin C<\/span><\/h4>\n<\/li>\n<li style=\"font-weight: 400;\">\n<h4><span style=\"font-weight: 400;\">Adaptogenic properties improve body&#8217;s resistance to stress and diseases<\/span><\/h4>\n<\/li>\n<li style=\"font-weight: 400;\">\n<h4><span style=\"font-weight: 400;\">GMP certified food supplements<\/span><\/h4>\n<\/li>\n<li style=\"font-weight: 400;\">\n<h4><span style=\"font-weight: 400;\">Suitable with gluten and lactose intolerance<\/span><\/h4>\n<\/li>\n<li style=\"font-weight: 400;\">\n<h4><span style=\"font-weight: 400;\">No preservatives<\/span><\/h4>\n<\/li>\n<li style=\"font-weight: 400;\">\n<h4><span style=\"font-weight: 400;\">Food supplements have shatterproof PET packaging<\/span><\/h4>\n<\/li>\n<\/ul>\n","protected":false},"featured_media":115959,"comment_status":"open","ping_status":"closed","template":"","meta":[],"product_brand":[],"product_cat":[537,332],"product_tag":[],"class_list":{"0":"post-116235","1":"product","2":"type-product","3":"status-publish","4":"has-post-thumbnail","6":"product_cat-be-healthy","7":"product_cat-combo-deals","9":"first","10":"instock","11":"sale","12":"taxable","13":"shipping-taxable","14":"purchasable","15":"product-type-bundle"},"bundle_layout":"default","bundled_by":[],"bundled_items":[{"bundled_item_id":1031,"product_id":116223,"menu_order":0,"quantity_min":1,"quantity_max":1,"priced_individually":false,"shipped_individually":false,"override_title":false,"title":"Turmeric and black pepper capsules","override_description":false,"description":"Turmeric and black pepper capsules","optional":false,"hide_thumbnail":false,"discount":"","override_variations":false,"allowed_variations":[""],"override_default_variation_attributes":false,"default_variation_attributes":[],"single_product_visibility":"visible","cart_visibility":"visible","order_visibility":"visible","single_product_price_visibility":"visible","cart_price_visibility":"visible","order_price_visibility":"visible","stock_status":"in_stock"},{"bundled_item_id":1032,"product_id":116204,"menu_order":1,"quantity_min":1,"quantity_max":1,"priced_individually":false,"shipped_individually":false,"override_title":false,"title":"Ashwagandha Root Powder, 150g","override_description":false,"description":"Ashwagandha Root Powder, 150g","optional":false,"hide_thumbnail":false,"discount":"","override_variations":false,"allowed_variations":[""],"override_default_variation_attributes":false,"default_variation_attributes":[],"single_product_visibility":"visible","cart_visibility":"visible","order_visibility":"visible","single_product_price_visibility":"visible","cart_price_visibility":"visible","order_price_visibility":"visible","stock_status":"in_stock"},{"bundled_item_id":1223,"product_id":129967,"menu_order":2,"quantity_min":1,"quantity_max":1,"priced_individually":false,"shipped_individually":false,"override_title":false,"title":"C-vitamiin","override_description":false,"description":"C-vitamiin","optional":false,"hide_thumbnail":false,"discount":"","override_variations":false,"allowed_variations":[""],"override_default_variation_attributes":false,"default_variation_attributes":[],"single_product_visibility":"visible","cart_visibility":"visible","order_visibility":"visible","single_product_price_visibility":"visible","cart_price_visibility":"visible","order_price_visibility":"visible","stock_status":"in_stock"}],"yoast_head":"<!-- This site is optimized with the Yoast SEO plugin v27.4 - https:\/\/yoast.com\/product\/yoast-seo-wordpress\/ -->\n<title>Healthy combo - Be More<\/title>\n<meta name=\"description\" content=\"Be More supertoidusegud, teed, toorbatoonid ja toidulisandid on v\u00e4lja t\u00f6\u00f6tatud, et saaksid olla igap\u00e4evaselt parim versioon iseendast.\" \/>\n<meta name=\"robots\" content=\"noindex, follow, max-snippet:-1, max-image-preview:large, max-video-preview:-1\" \/>\n<meta property=\"og:locale\" content=\"en_US\" \/>\n<meta property=\"og:type\" content=\"article\" \/>\n<meta property=\"og:title\" content=\"Healthy combo - Be More\" \/>\n<meta property=\"og:description\" content=\"Be More supertoidusegud, teed, toorbatoonid ja toidulisandid on v\u00e4lja t\u00f6\u00f6tatud, et saaksid olla igap\u00e4evaselt parim versioon iseendast.\" \/>\n<meta property=\"og:url\" content=\"https:\/\/prelive.bemore.ee\/en\/toode\/healthy-combo\/\" \/>\n<meta property=\"og:site_name\" content=\"Be More\" \/>\n<meta property=\"article:modified_time\" content=\"2022-04-27T22:00:42+00:00\" \/>\n<meta property=\"og:image\" content=\"https:\/\/prelive.bemore.ee\/wp-content\/uploads\/2021\/08\/Tervislik_jo\u0303ulupakk.jpg\" \/>\n\t<meta property=\"og:image:width\" content=\"1080\" \/>\n\t<meta property=\"og:image:height\" content=\"1080\" \/>\n\t<meta property=\"og:image:type\" content=\"image\/jpeg\" \/>\n<meta name=\"twitter:card\" content=\"summary_large_image\" \/>\n<meta name=\"twitter:label1\" content=\"Est. reading time\" \/>\n\t<meta name=\"twitter:data1\" content=\"1 minute\" \/>\n<script type=\"application\/ld+json\" class=\"yoast-schema-graph\">{\"@context\":\"https:\\\/\\\/schema.org\",\"@graph\":[{\"@type\":\"WebPage\",\"@id\":\"https:\\\/\\\/prelive.bemore.ee\\\/en\\\/toode\\\/healthy-combo\\\/\",\"url\":\"https:\\\/\\\/prelive.bemore.ee\\\/en\\\/toode\\\/healthy-combo\\\/\",\"name\":\"Healthy combo - Be More\",\"isPartOf\":{\"@id\":\"https:\\\/\\\/prelive.bemore.ee\\\/#website\"},\"primaryImageOfPage\":{\"@id\":\"https:\\\/\\\/prelive.bemore.ee\\\/en\\\/toode\\\/healthy-combo\\\/#primaryimage\"},\"image\":{\"@id\":\"https:\\\/\\\/prelive.bemore.ee\\\/en\\\/toode\\\/healthy-combo\\\/#primaryimage\"},\"thumbnailUrl\":\"https:\\\/\\\/prelive.bemore.ee\\\/wp-content\\\/uploads\\\/2021\\\/08\\\/Tervislik_jo\u0303ulupakk.jpg\",\"datePublished\":\"2020-11-16T21:17:45+00:00\",\"dateModified\":\"2022-04-27T22:00:42+00:00\",\"description\":\"Be More supertoidusegud, teed, toorbatoonid ja toidulisandid on v\u00e4lja t\u00f6\u00f6tatud, et saaksid olla igap\u00e4evaselt parim versioon iseendast.\",\"breadcrumb\":{\"@id\":\"https:\\\/\\\/prelive.bemore.ee\\\/en\\\/toode\\\/healthy-combo\\\/#breadcrumb\"},\"inLanguage\":\"en-US\",\"potentialAction\":[{\"@type\":\"ReadAction\",\"target\":[\"https:\\\/\\\/prelive.bemore.ee\\\/en\\\/toode\\\/healthy-combo\\\/\"]}]},{\"@type\":\"ImageObject\",\"inLanguage\":\"en-US\",\"@id\":\"https:\\\/\\\/prelive.bemore.ee\\\/en\\\/toode\\\/healthy-combo\\\/#primaryimage\",\"url\":\"https:\\\/\\\/prelive.bemore.ee\\\/wp-content\\\/uploads\\\/2021\\\/08\\\/Tervislik_jo\u0303ulupakk.jpg\",\"contentUrl\":\"https:\\\/\\\/prelive.bemore.ee\\\/wp-content\\\/uploads\\\/2021\\\/08\\\/Tervislik_jo\u0303ulupakk.jpg\",\"width\":1080,\"height\":1080},{\"@type\":\"BreadcrumbList\",\"@id\":\"https:\\\/\\\/prelive.bemore.ee\\\/en\\\/toode\\\/healthy-combo\\\/#breadcrumb\",\"itemListElement\":[{\"@type\":\"ListItem\",\"position\":1,\"name\":\"Shop\",\"item\":\"https:\\\/\\\/prelive.bemore.ee\\\/en\\\/shop\\\/\"},{\"@type\":\"ListItem\",\"position\":2,\"name\":\"Healthy combo\"}]},{\"@type\":\"WebSite\",\"@id\":\"https:\\\/\\\/prelive.bemore.ee\\\/#website\",\"url\":\"https:\\\/\\\/prelive.bemore.ee\\\/\",\"name\":\"Be More\",\"description\":\"Supertoidud Sinu igap\u00e4evaellu!\",\"potentialAction\":[{\"@type\":\"SearchAction\",\"target\":{\"@type\":\"EntryPoint\",\"urlTemplate\":\"https:\\\/\\\/prelive.bemore.ee\\\/?s={search_term_string}\"},\"query-input\":{\"@type\":\"PropertyValueSpecification\",\"valueRequired\":true,\"valueName\":\"search_term_string\"}}],\"inLanguage\":\"en-US\"}]}<\/script>\n<!-- \/ Yoast SEO plugin. -->","yoast_head_json":{"title":"Healthy combo - Be More","description":"Be More supertoidusegud, teed, toorbatoonid ja toidulisandid on v\u00e4lja t\u00f6\u00f6tatud, et saaksid olla igap\u00e4evaselt parim versioon iseendast.","robots":{"index":"noindex","follow":"follow","max-snippet":"max-snippet:-1","max-image-preview":"max-image-preview:large","max-video-preview":"max-video-preview:-1"},"og_locale":"en_US","og_type":"article","og_title":"Healthy combo - Be More","og_description":"Be More supertoidusegud, teed, toorbatoonid ja toidulisandid on v\u00e4lja t\u00f6\u00f6tatud, et saaksid olla igap\u00e4evaselt parim versioon iseendast.","og_url":"https:\/\/prelive.bemore.ee\/en\/toode\/healthy-combo\/","og_site_name":"Be More","article_modified_time":"2022-04-27T22:00:42+00:00","og_image":[{"width":1080,"height":1080,"url":"https:\/\/prelive.bemore.ee\/wp-content\/uploads\/2021\/08\/Tervislik_jo\u0303ulupakk.jpg","type":"image\/jpeg"}],"twitter_card":"summary_large_image","twitter_misc":{"Est. reading time":"1 minute"},"schema":{"@context":"https:\/\/schema.org","@graph":[{"@type":"WebPage","@id":"https:\/\/prelive.bemore.ee\/en\/toode\/healthy-combo\/","url":"https:\/\/prelive.bemore.ee\/en\/toode\/healthy-combo\/","name":"Healthy combo - Be More","isPartOf":{"@id":"https:\/\/prelive.bemore.ee\/#website"},"primaryImageOfPage":{"@id":"https:\/\/prelive.bemore.ee\/en\/toode\/healthy-combo\/#primaryimage"},"image":{"@id":"https:\/\/prelive.bemore.ee\/en\/toode\/healthy-combo\/#primaryimage"},"thumbnailUrl":"https:\/\/prelive.bemore.ee\/wp-content\/uploads\/2021\/08\/Tervislik_jo\u0303ulupakk.jpg","datePublished":"2020-11-16T21:17:45+00:00","dateModified":"2022-04-27T22:00:42+00:00","description":"Be More supertoidusegud, teed, toorbatoonid ja toidulisandid on v\u00e4lja t\u00f6\u00f6tatud, et saaksid olla igap\u00e4evaselt parim versioon iseendast.","breadcrumb":{"@id":"https:\/\/prelive.bemore.ee\/en\/toode\/healthy-combo\/#breadcrumb"},"inLanguage":"en-US","potentialAction":[{"@type":"ReadAction","target":["https:\/\/prelive.bemore.ee\/en\/toode\/healthy-combo\/"]}]},{"@type":"ImageObject","inLanguage":"en-US","@id":"https:\/\/prelive.bemore.ee\/en\/toode\/healthy-combo\/#primaryimage","url":"https:\/\/prelive.bemore.ee\/wp-content\/uploads\/2021\/08\/Tervislik_jo\u0303ulupakk.jpg","contentUrl":"https:\/\/prelive.bemore.ee\/wp-content\/uploads\/2021\/08\/Tervislik_jo\u0303ulupakk.jpg","width":1080,"height":1080},{"@type":"BreadcrumbList","@id":"https:\/\/prelive.bemore.ee\/en\/toode\/healthy-combo\/#breadcrumb","itemListElement":[{"@type":"ListItem","position":1,"name":"Shop","item":"https:\/\/prelive.bemore.ee\/en\/shop\/"},{"@type":"ListItem","position":2,"name":"Healthy combo"}]},{"@type":"WebSite","@id":"https:\/\/prelive.bemore.ee\/#website","url":"https:\/\/prelive.bemore.ee\/","name":"Be More","description":"Supertoidud Sinu igap\u00e4evaellu!","potentialAction":[{"@type":"SearchAction","target":{"@type":"EntryPoint","urlTemplate":"https:\/\/prelive.bemore.ee\/?s={search_term_string}"},"query-input":{"@type":"PropertyValueSpecification","valueRequired":true,"valueName":"search_term_string"}}],"inLanguage":"en-US"}]}},"_links":{"self":[{"href":"https:\/\/prelive.bemore.ee\/en\/wp-json\/wp\/v2\/product\/116235","targetHints":{"allow":["GET"]}}],"collection":[{"href":"https:\/\/prelive.bemore.ee\/en\/wp-json\/wp\/v2\/product"}],"about":[{"href":"https:\/\/prelive.bemore.ee\/en\/wp-json\/wp\/v2\/types\/product"}],"replies":[{"embeddable":true,"href":"https:\/\/prelive.bemore.ee\/en\/wp-json\/wp\/v2\/comments?post=116235"}],"wp:featuredmedia":[{"embeddable":true,"href":"https:\/\/prelive.bemore.ee\/en\/wp-json\/wp\/v2\/media\/115959"}],"wp:attachment":[{"href":"https:\/\/prelive.bemore.ee\/en\/wp-json\/wp\/v2\/media?parent=116235"}],"wp:term":[{"taxonomy":"product_brand","embeddable":true,"href":"https:\/\/prelive.bemore.ee\/en\/wp-json\/wp\/v2\/product_brand?post=116235"},{"taxonomy":"product_cat","embeddable":true,"href":"https:\/\/prelive.bemore.ee\/en\/wp-json\/wp\/v2\/product_cat?post=116235"},{"taxonomy":"product_tag","embeddable":true,"href":"https:\/\/prelive.bemore.ee\/en\/wp-json\/wp\/v2\/product_tag?post=116235"}],"curies":[{"name":"wp","href":"https:\/\/api.w.org\/{rel}","templated":true}]}}