{"id":116228,"date":"2020-11-16T21:09:33","date_gmt":"2020-11-16T21:18:14","guid":{"rendered":"https:\/\/prelive.bemore.ee\/product\/energy-combo\/"},"modified":"2022-06-07T09:38:22","modified_gmt":"2022-06-07T06:38:22","slug":"energy-combo","status":"publish","type":"product","link":"https:\/\/prelive.bemore.ee\/en\/toode\/energy-combo\/","title":{"rendered":"Energy combo"},"content":{"rendered":"<p><span style=\"font-weight: 400;\">In this package you will find products designed to provide additional energy in the dark and cold period &#8211; they contain a huge amount of different vitamins, antioxidants, minerals, fibers and phytonutrients.<\/span><\/p>\n<p><span style=\"font-weight: 400;\">Be Healthy and Be Active superfood mixes contain large amounts of iron, which is an important fatigue repellent. In addition to various vitamins, this combo also contains Chaga powder, which is known in folk medicine for its excellent immune-strengthening properties. Yerba mate tea contains more antioxidants than all green teas and is known for its energetic effect.<\/span><\/p>\n<h4><strong>How to use it?<\/strong><\/h4>\n<p><span style=\"font-weight: 400;\">Superfood mixes can be added to the smoothie, porridge, muesli or to your preferred food.<\/span><\/p>\n<p><span style=\"font-weight: 400;\">For hot tea, add 2 teaspoons to a teacup, pour 200ml ~ 77\u02da water and let it brew for ~ 5 minutes.<\/span><\/p>\n<h4><strong>Serving size<\/strong><\/h4>\n<p><span style=\"font-weight: 400;\">1 x Be Healthy superfood mix, 150g<\/span><\/p>\n<p><span style=\"font-weight: 400;\">1 x Be Active superfood mix, 150g<\/span><\/p>\n<p><span style=\"font-weight: 400;\">1 x Yerba Mate tea, 50g<\/span><\/p>\n<h4><strong>Storage conditions<\/strong><\/h4>\n<p><span style=\"font-weight: 400;\">Store at room temperature, keep away from direct sunlight if possible. After each use seal packages carefully.<\/span><\/p>\n","protected":false},"excerpt":{"rendered":"<ul>\n<li style=\"font-weight: 400;\">\n<h4><span style=\"font-weight: 400;\">Excellent energy source<\/span><\/h4>\n<\/li>\n<li style=\"font-weight: 400;\">\n<h4><span style=\"font-weight: 400;\">100% natural<\/span><\/h4>\n<\/li>\n<li style=\"font-weight: 400;\">\n<h4><span style=\"font-weight: 400;\">Suitable for vegans<\/span><\/h4>\n<\/li>\n<li style=\"font-weight: 400;\">\n<h4><span style=\"font-weight: 400;\">Gluten and lactose free<\/span><\/h4>\n<\/li>\n<li style=\"font-weight: 400;\">\n<h4><span style=\"font-weight: 400;\">Without added flavors<\/span><\/h4>\n<\/li>\n<li style=\"font-weight: 400;\">\n<h4><span style=\"font-weight: 400;\">Rich in vitamins and minerals<\/span><\/h4>\n<\/li>\n<li style=\"font-weight: 400;\">\n<h4><span style=\"font-weight: 400;\">Very high vitamin C content<\/span><\/h4>\n<\/li>\n<li style=\"font-weight: 400;\">\n<h4><span style=\"font-weight: 400;\">Only natural sugars<\/span><\/h4>\n<\/li>\n<\/ul>\n","protected":false},"featured_media":115939,"comment_status":"open","ping_status":"closed","template":"","meta":[],"product_brand":[],"product_cat":[537,332],"product_tag":[],"class_list":{"0":"post-116228","1":"product","2":"type-product","3":"status-publish","4":"has-post-thumbnail","6":"product_cat-be-healthy","7":"product_cat-combo-deals","9":"first","10":"instock","11":"sale","12":"taxable","13":"shipping-taxable","14":"purchasable","15":"product-type-bundle"},"bundle_layout":"default","bundled_by":[],"bundled_items":[{"bundled_item_id":888,"product_id":116194,"menu_order":0,"quantity_min":1,"quantity_max":1,"priced_individually":false,"shipped_individually":false,"override_title":false,"title":"Be Healthy superfood mix, 150g","override_description":false,"description":"Be Healthy superfood mix, 150g","optional":false,"hide_thumbnail":false,"discount":"","override_variations":false,"allowed_variations":[""],"override_default_variation_attributes":false,"default_variation_attributes":[],"single_product_visibility":"hidden","cart_visibility":"hidden","order_visibility":"hidden","single_product_price_visibility":"visible","cart_price_visibility":"visible","order_price_visibility":"visible","stock_status":"in_stock"},{"bundled_item_id":889,"product_id":116146,"menu_order":1,"quantity_min":1,"quantity_max":1,"priced_individually":false,"shipped_individually":false,"override_title":false,"title":"Be Active superfood mix, 150g","override_description":false,"description":"Be Active superfood mix, 150g","optional":false,"hide_thumbnail":false,"discount":"","override_variations":false,"allowed_variations":[""],"override_default_variation_attributes":false,"default_variation_attributes":[],"single_product_visibility":"hidden","cart_visibility":"hidden","order_visibility":"hidden","single_product_price_visibility":"visible","cart_price_visibility":"visible","order_price_visibility":"visible","stock_status":"in_stock"},{"bundled_item_id":890,"product_id":116145,"menu_order":2,"quantity_min":1,"quantity_max":1,"priced_individually":false,"shipped_individually":false,"override_title":false,"title":"Yerba mate tea, 50g","override_description":false,"description":"Yerba mate tea, 50g","optional":false,"hide_thumbnail":false,"discount":"","override_variations":false,"allowed_variations":[""],"override_default_variation_attributes":false,"default_variation_attributes":[],"single_product_visibility":"hidden","cart_visibility":"hidden","order_visibility":"hidden","single_product_price_visibility":"visible","cart_price_visibility":"visible","order_price_visibility":"visible","stock_status":"in_stock"}],"yoast_head":"<!-- This site is optimized with the Yoast SEO plugin v27.4 - https:\/\/yoast.com\/product\/yoast-seo-wordpress\/ -->\n<title>Energy combo - Be More<\/title>\n<meta name=\"description\" content=\"Be More supertoidusegud, teed, toorbatoonid ja toidulisandid on v\u00e4lja t\u00f6\u00f6tatud, et saaksid olla igap\u00e4evaselt parim versioon iseendast.\" \/>\n<meta name=\"robots\" content=\"noindex, follow, max-snippet:-1, max-image-preview:large, max-video-preview:-1\" \/>\n<meta property=\"og:locale\" content=\"en_US\" \/>\n<meta property=\"og:type\" content=\"article\" \/>\n<meta property=\"og:title\" content=\"Energy combo - Be More\" \/>\n<meta property=\"og:description\" content=\"Be More supertoidusegud, teed, toorbatoonid ja toidulisandid on v\u00e4lja t\u00f6\u00f6tatud, et saaksid olla igap\u00e4evaselt parim versioon iseendast.\" \/>\n<meta property=\"og:url\" content=\"https:\/\/prelive.bemore.ee\/en\/toode\/energy-combo\/\" \/>\n<meta property=\"og:site_name\" content=\"Be More\" \/>\n<meta property=\"article:modified_time\" content=\"2022-06-07T06:38:22+00:00\" \/>\n<meta property=\"og:image\" content=\"https:\/\/prelive.bemore.ee\/wp-content\/uploads\/2021\/08\/Energia_jo\u0303ulupakk.jpg\" \/>\n\t<meta property=\"og:image:width\" content=\"1080\" \/>\n\t<meta property=\"og:image:height\" content=\"1080\" \/>\n\t<meta property=\"og:image:type\" content=\"image\/jpeg\" \/>\n<meta name=\"twitter:card\" content=\"summary_large_image\" \/>\n<meta name=\"twitter:label1\" content=\"Est. reading time\" \/>\n\t<meta name=\"twitter:data1\" content=\"1 minute\" \/>\n<script type=\"application\/ld+json\" class=\"yoast-schema-graph\">{\"@context\":\"https:\\\/\\\/schema.org\",\"@graph\":[{\"@type\":\"WebPage\",\"@id\":\"https:\\\/\\\/prelive.bemore.ee\\\/en\\\/toode\\\/energy-combo\\\/\",\"url\":\"https:\\\/\\\/prelive.bemore.ee\\\/en\\\/toode\\\/energy-combo\\\/\",\"name\":\"Energy combo - Be More\",\"isPartOf\":{\"@id\":\"https:\\\/\\\/prelive.bemore.ee\\\/#website\"},\"primaryImageOfPage\":{\"@id\":\"https:\\\/\\\/prelive.bemore.ee\\\/en\\\/toode\\\/energy-combo\\\/#primaryimage\"},\"image\":{\"@id\":\"https:\\\/\\\/prelive.bemore.ee\\\/en\\\/toode\\\/energy-combo\\\/#primaryimage\"},\"thumbnailUrl\":\"https:\\\/\\\/prelive.bemore.ee\\\/wp-content\\\/uploads\\\/2021\\\/08\\\/Energia_jo\u0303ulupakk.jpg\",\"datePublished\":\"2020-11-16T21:18:14+00:00\",\"dateModified\":\"2022-06-07T06:38:22+00:00\",\"description\":\"Be More supertoidusegud, teed, toorbatoonid ja toidulisandid on v\u00e4lja t\u00f6\u00f6tatud, et saaksid olla igap\u00e4evaselt parim versioon iseendast.\",\"breadcrumb\":{\"@id\":\"https:\\\/\\\/prelive.bemore.ee\\\/en\\\/toode\\\/energy-combo\\\/#breadcrumb\"},\"inLanguage\":\"en-US\",\"potentialAction\":[{\"@type\":\"ReadAction\",\"target\":[\"https:\\\/\\\/prelive.bemore.ee\\\/en\\\/toode\\\/energy-combo\\\/\"]}]},{\"@type\":\"ImageObject\",\"inLanguage\":\"en-US\",\"@id\":\"https:\\\/\\\/prelive.bemore.ee\\\/en\\\/toode\\\/energy-combo\\\/#primaryimage\",\"url\":\"https:\\\/\\\/prelive.bemore.ee\\\/wp-content\\\/uploads\\\/2021\\\/08\\\/Energia_jo\u0303ulupakk.jpg\",\"contentUrl\":\"https:\\\/\\\/prelive.bemore.ee\\\/wp-content\\\/uploads\\\/2021\\\/08\\\/Energia_jo\u0303ulupakk.jpg\",\"width\":1080,\"height\":1080},{\"@type\":\"BreadcrumbList\",\"@id\":\"https:\\\/\\\/prelive.bemore.ee\\\/en\\\/toode\\\/energy-combo\\\/#breadcrumb\",\"itemListElement\":[{\"@type\":\"ListItem\",\"position\":1,\"name\":\"Shop\",\"item\":\"https:\\\/\\\/prelive.bemore.ee\\\/en\\\/shop\\\/\"},{\"@type\":\"ListItem\",\"position\":2,\"name\":\"Energy combo\"}]},{\"@type\":\"WebSite\",\"@id\":\"https:\\\/\\\/prelive.bemore.ee\\\/#website\",\"url\":\"https:\\\/\\\/prelive.bemore.ee\\\/\",\"name\":\"Be More\",\"description\":\"Supertoidud Sinu igap\u00e4evaellu!\",\"potentialAction\":[{\"@type\":\"SearchAction\",\"target\":{\"@type\":\"EntryPoint\",\"urlTemplate\":\"https:\\\/\\\/prelive.bemore.ee\\\/?s={search_term_string}\"},\"query-input\":{\"@type\":\"PropertyValueSpecification\",\"valueRequired\":true,\"valueName\":\"search_term_string\"}}],\"inLanguage\":\"en-US\"}]}<\/script>\n<!-- \/ Yoast SEO plugin. -->","yoast_head_json":{"title":"Energy combo - Be More","description":"Be More supertoidusegud, teed, toorbatoonid ja toidulisandid on v\u00e4lja t\u00f6\u00f6tatud, et saaksid olla igap\u00e4evaselt parim versioon iseendast.","robots":{"index":"noindex","follow":"follow","max-snippet":"max-snippet:-1","max-image-preview":"max-image-preview:large","max-video-preview":"max-video-preview:-1"},"og_locale":"en_US","og_type":"article","og_title":"Energy combo - Be More","og_description":"Be More supertoidusegud, teed, toorbatoonid ja toidulisandid on v\u00e4lja t\u00f6\u00f6tatud, et saaksid olla igap\u00e4evaselt parim versioon iseendast.","og_url":"https:\/\/prelive.bemore.ee\/en\/toode\/energy-combo\/","og_site_name":"Be More","article_modified_time":"2022-06-07T06:38:22+00:00","og_image":[{"width":1080,"height":1080,"url":"https:\/\/prelive.bemore.ee\/wp-content\/uploads\/2021\/08\/Energia_jo\u0303ulupakk.jpg","type":"image\/jpeg"}],"twitter_card":"summary_large_image","twitter_misc":{"Est. reading time":"1 minute"},"schema":{"@context":"https:\/\/schema.org","@graph":[{"@type":"WebPage","@id":"https:\/\/prelive.bemore.ee\/en\/toode\/energy-combo\/","url":"https:\/\/prelive.bemore.ee\/en\/toode\/energy-combo\/","name":"Energy combo - Be More","isPartOf":{"@id":"https:\/\/prelive.bemore.ee\/#website"},"primaryImageOfPage":{"@id":"https:\/\/prelive.bemore.ee\/en\/toode\/energy-combo\/#primaryimage"},"image":{"@id":"https:\/\/prelive.bemore.ee\/en\/toode\/energy-combo\/#primaryimage"},"thumbnailUrl":"https:\/\/prelive.bemore.ee\/wp-content\/uploads\/2021\/08\/Energia_jo\u0303ulupakk.jpg","datePublished":"2020-11-16T21:18:14+00:00","dateModified":"2022-06-07T06:38:22+00:00","description":"Be More supertoidusegud, teed, toorbatoonid ja toidulisandid on v\u00e4lja t\u00f6\u00f6tatud, et saaksid olla igap\u00e4evaselt parim versioon iseendast.","breadcrumb":{"@id":"https:\/\/prelive.bemore.ee\/en\/toode\/energy-combo\/#breadcrumb"},"inLanguage":"en-US","potentialAction":[{"@type":"ReadAction","target":["https:\/\/prelive.bemore.ee\/en\/toode\/energy-combo\/"]}]},{"@type":"ImageObject","inLanguage":"en-US","@id":"https:\/\/prelive.bemore.ee\/en\/toode\/energy-combo\/#primaryimage","url":"https:\/\/prelive.bemore.ee\/wp-content\/uploads\/2021\/08\/Energia_jo\u0303ulupakk.jpg","contentUrl":"https:\/\/prelive.bemore.ee\/wp-content\/uploads\/2021\/08\/Energia_jo\u0303ulupakk.jpg","width":1080,"height":1080},{"@type":"BreadcrumbList","@id":"https:\/\/prelive.bemore.ee\/en\/toode\/energy-combo\/#breadcrumb","itemListElement":[{"@type":"ListItem","position":1,"name":"Shop","item":"https:\/\/prelive.bemore.ee\/en\/shop\/"},{"@type":"ListItem","position":2,"name":"Energy combo"}]},{"@type":"WebSite","@id":"https:\/\/prelive.bemore.ee\/#website","url":"https:\/\/prelive.bemore.ee\/","name":"Be More","description":"Supertoidud Sinu igap\u00e4evaellu!","potentialAction":[{"@type":"SearchAction","target":{"@type":"EntryPoint","urlTemplate":"https:\/\/prelive.bemore.ee\/?s={search_term_string}"},"query-input":{"@type":"PropertyValueSpecification","valueRequired":true,"valueName":"search_term_string"}}],"inLanguage":"en-US"}]}},"_links":{"self":[{"href":"https:\/\/prelive.bemore.ee\/en\/wp-json\/wp\/v2\/product\/116228","targetHints":{"allow":["GET"]}}],"collection":[{"href":"https:\/\/prelive.bemore.ee\/en\/wp-json\/wp\/v2\/product"}],"about":[{"href":"https:\/\/prelive.bemore.ee\/en\/wp-json\/wp\/v2\/types\/product"}],"replies":[{"embeddable":true,"href":"https:\/\/prelive.bemore.ee\/en\/wp-json\/wp\/v2\/comments?post=116228"}],"wp:featuredmedia":[{"embeddable":true,"href":"https:\/\/prelive.bemore.ee\/en\/wp-json\/wp\/v2\/media\/115939"}],"wp:attachment":[{"href":"https:\/\/prelive.bemore.ee\/en\/wp-json\/wp\/v2\/media?parent=116228"}],"wp:term":[{"taxonomy":"product_brand","embeddable":true,"href":"https:\/\/prelive.bemore.ee\/en\/wp-json\/wp\/v2\/product_brand?post=116228"},{"taxonomy":"product_cat","embeddable":true,"href":"https:\/\/prelive.bemore.ee\/en\/wp-json\/wp\/v2\/product_cat?post=116228"},{"taxonomy":"product_tag","embeddable":true,"href":"https:\/\/prelive.bemore.ee\/en\/wp-json\/wp\/v2\/product_tag?post=116228"}],"curies":[{"name":"wp","href":"https:\/\/api.w.org\/{rel}","templated":true}]}}