{"id":116204,"date":"2020-08-24T06:42:06","date_gmt":"2020-08-24T06:44:34","guid":{"rendered":"https:\/\/prelive.bemore.ee\/product\/ashwagandha-root-powder-150g\/"},"modified":"2022-05-10T11:34:15","modified_gmt":"2022-05-10T08:34:15","slug":"ashwagandha-root-powder-150g","status":"publish","type":"product","link":"https:\/\/prelive.bemore.ee\/en\/toode\/ashwagandha-root-powder-150g\/","title":{"rendered":"Ashwagandha Root Powder, 150g"},"content":{"rendered":"<p>Ashwagandha (<em>Withania somnifera<\/em>) is a perennial half-shrub and it belongs to Solanaceae family. It has yellow-green flowers and red ripe fruit. The plant is widespread from southern Europe to the India and in Africa. Ashwagandha, often known as Indian ginseng, is an important component of traditional Indian medicine in Ayurveda, as it has been valued since ancient times for its hypnotic, sedative and antiseptic properties. Mostly dried roots and leaves are used. The root is used as a general tonic and adaptogen, as it has both antioxidant activity and contributes the physical and emotional balance and general well-being. In addition, ashwagandha is also used to promote sleep, reduce anxiety and stress and stimulate urinary excretion.<\/p>\n<h4><strong>Organic Ashwagandha Root Powder is suitable for\u2026<\/strong><\/h4>\n<ul>\n<li>a person, whose lifestyle is full of stress and wants to get a natural help<\/li>\n<li>a person, who has problems with getting sleep<\/li>\n<li>a person, who feels the need for physical and emotional balance<\/li>\n<\/ul>\n<h4><strong>Warnings! <\/strong><\/h4>\n<p>It is not recommended to use Organic Ashwagandha Root Powder, when you are pregnant or breastfeeding.<\/p>\n<p>Patients, who have thyroid disease, autoimmune disease or who are using immunosuppressants and\/or sedative-hypnotic drugs need to have a consultation with a doctor before using Organic Ashwagandha Root Powder.<\/p>\n<h4><strong>What does this product consist of?<\/strong><\/h4>\n<p>Ingredients: Ashwagandha (<em>Withania<\/em> <em>somnifera<\/em>) Root Powder (100%)<\/p>\n<p>The product does not contain: Artificial flavors, flavorings or preservatives, food colors, sweeteners, sugar, wheat, gluten, fish, soy, egg, lactose, nuts, sulfites or genetically modified ingredients.<\/p>\n<h4><strong>How to use it?<\/strong><\/h4>\n<p>Directions for use: The recommended daily amount is 1 tablespoon, which can be mixed with warm water, milk, smoothie or porridge.<\/p>\n<p>The product is not a substitute for a varied and balanced diet and a healthy lifestyle!<\/p>\n<h4><strong>Storage conditions<\/strong><\/h4>\n<p>Store in the original package and at room temperature protected from moisture and direct sunlight.<\/p>\n<p>Close the package carefully after use.<\/p>\n<h4><strong>Country of origin<\/strong><\/h4>\n<p>EU, Netherlands<\/p>\n","protected":false},"excerpt":{"rendered":"<ul>\n<li>Antioxidant activity that protects cells from damage<\/li>\n<li>Adaptogen, which increases the body&#8217;s resistance to stress, diseases and environment<\/li>\n<li>Helps to create physical and emotional balance<\/li>\n<li>Contributes to general well-being<\/li>\n<li>Promotes sleep<\/li>\n<li>Relieves stress<\/li>\n<li>Reduces anxiety<\/li>\n<\/ul>\n","protected":false},"featured_media":115893,"comment_status":"open","ping_status":"closed","template":"","meta":[],"product_brand":[],"product_cat":[530,537,334],"product_tag":[],"class_list":{"0":"post-116204","1":"product","2":"type-product","3":"status-publish","4":"has-post-thumbnail","6":"product_cat-be-green","7":"product_cat-be-healthy","8":"product_cat-superfoods","10":"first","11":"instock","12":"taxable","13":"shipping-taxable","14":"purchasable","15":"product-type-simple"},"bundle_layout":"","bundled_by":["116235"],"bundled_items":[],"yoast_head":"<!-- This site is optimized with the Yoast SEO plugin v27.4 - https:\/\/yoast.com\/product\/yoast-seo-wordpress\/ -->\n<title>Ashwagandha Root Powder, 150g - Be More<\/title>\n<meta name=\"description\" content=\"Be More supertoidusegud, teed, toorbatoonid ja toidulisandid on v\u00e4lja t\u00f6\u00f6tatud, et saaksid olla igap\u00e4evaselt parim versioon iseendast.\" \/>\n<meta name=\"robots\" content=\"noindex, follow, max-snippet:-1, max-image-preview:large, max-video-preview:-1\" \/>\n<meta property=\"og:locale\" content=\"en_US\" \/>\n<meta property=\"og:type\" content=\"article\" \/>\n<meta property=\"og:title\" content=\"Ashwagandha Root Powder, 150g - Be More\" \/>\n<meta property=\"og:description\" content=\"Be More supertoidusegud, teed, toorbatoonid ja toidulisandid on v\u00e4lja t\u00f6\u00f6tatud, et saaksid olla igap\u00e4evaselt parim versioon iseendast.\" \/>\n<meta property=\"og:url\" content=\"https:\/\/prelive.bemore.ee\/en\/toode\/ashwagandha-root-powder-150g\/\" \/>\n<meta property=\"og:site_name\" content=\"Be More\" \/>\n<meta property=\"article:modified_time\" content=\"2022-05-10T08:34:15+00:00\" \/>\n<meta property=\"og:image\" content=\"https:\/\/prelive.bemore.ee\/wp-content\/uploads\/2021\/08\/Ashwagandha.ees_-1024x1024.png\" \/>\n\t<meta property=\"og:image:width\" content=\"1024\" \/>\n\t<meta property=\"og:image:height\" content=\"1024\" \/>\n\t<meta property=\"og:image:type\" content=\"image\/png\" \/>\n<meta name=\"twitter:card\" content=\"summary_large_image\" \/>\n<meta name=\"twitter:label1\" content=\"Est. reading time\" \/>\n\t<meta name=\"twitter:data1\" content=\"2 minutes\" \/>\n<script type=\"application\/ld+json\" class=\"yoast-schema-graph\">{\"@context\":\"https:\\\/\\\/schema.org\",\"@graph\":[{\"@type\":\"WebPage\",\"@id\":\"https:\\\/\\\/prelive.bemore.ee\\\/en\\\/toode\\\/ashwagandha-root-powder-150g\\\/\",\"url\":\"https:\\\/\\\/prelive.bemore.ee\\\/en\\\/toode\\\/ashwagandha-root-powder-150g\\\/\",\"name\":\"Ashwagandha Root Powder, 150g - Be More\",\"isPartOf\":{\"@id\":\"https:\\\/\\\/prelive.bemore.ee\\\/#website\"},\"primaryImageOfPage\":{\"@id\":\"https:\\\/\\\/prelive.bemore.ee\\\/en\\\/toode\\\/ashwagandha-root-powder-150g\\\/#primaryimage\"},\"image\":{\"@id\":\"https:\\\/\\\/prelive.bemore.ee\\\/en\\\/toode\\\/ashwagandha-root-powder-150g\\\/#primaryimage\"},\"thumbnailUrl\":\"https:\\\/\\\/prelive.bemore.ee\\\/wp-content\\\/uploads\\\/2021\\\/08\\\/Ashwagandha.ees_.png\",\"datePublished\":\"2020-08-24T06:44:34+00:00\",\"dateModified\":\"2022-05-10T08:34:15+00:00\",\"description\":\"Be More supertoidusegud, teed, toorbatoonid ja toidulisandid on v\u00e4lja t\u00f6\u00f6tatud, et saaksid olla igap\u00e4evaselt parim versioon iseendast.\",\"breadcrumb\":{\"@id\":\"https:\\\/\\\/prelive.bemore.ee\\\/en\\\/toode\\\/ashwagandha-root-powder-150g\\\/#breadcrumb\"},\"inLanguage\":\"en-US\",\"potentialAction\":[{\"@type\":\"ReadAction\",\"target\":[\"https:\\\/\\\/prelive.bemore.ee\\\/en\\\/toode\\\/ashwagandha-root-powder-150g\\\/\"]}]},{\"@type\":\"ImageObject\",\"inLanguage\":\"en-US\",\"@id\":\"https:\\\/\\\/prelive.bemore.ee\\\/en\\\/toode\\\/ashwagandha-root-powder-150g\\\/#primaryimage\",\"url\":\"https:\\\/\\\/prelive.bemore.ee\\\/wp-content\\\/uploads\\\/2021\\\/08\\\/Ashwagandha.ees_.png\",\"contentUrl\":\"https:\\\/\\\/prelive.bemore.ee\\\/wp-content\\\/uploads\\\/2021\\\/08\\\/Ashwagandha.ees_.png\",\"width\":2500,\"height\":2500},{\"@type\":\"BreadcrumbList\",\"@id\":\"https:\\\/\\\/prelive.bemore.ee\\\/en\\\/toode\\\/ashwagandha-root-powder-150g\\\/#breadcrumb\",\"itemListElement\":[{\"@type\":\"ListItem\",\"position\":1,\"name\":\"Shop\",\"item\":\"https:\\\/\\\/prelive.bemore.ee\\\/en\\\/shop\\\/\"},{\"@type\":\"ListItem\",\"position\":2,\"name\":\"Ashwagandha Root Powder, 150g\"}]},{\"@type\":\"WebSite\",\"@id\":\"https:\\\/\\\/prelive.bemore.ee\\\/#website\",\"url\":\"https:\\\/\\\/prelive.bemore.ee\\\/\",\"name\":\"Be More\",\"description\":\"Supertoidud Sinu igap\u00e4evaellu!\",\"potentialAction\":[{\"@type\":\"SearchAction\",\"target\":{\"@type\":\"EntryPoint\",\"urlTemplate\":\"https:\\\/\\\/prelive.bemore.ee\\\/?s={search_term_string}\"},\"query-input\":{\"@type\":\"PropertyValueSpecification\",\"valueRequired\":true,\"valueName\":\"search_term_string\"}}],\"inLanguage\":\"en-US\"}]}<\/script>\n<!-- \/ Yoast SEO plugin. -->","yoast_head_json":{"title":"Ashwagandha Root Powder, 150g - Be More","description":"Be More supertoidusegud, teed, toorbatoonid ja toidulisandid on v\u00e4lja t\u00f6\u00f6tatud, et saaksid olla igap\u00e4evaselt parim versioon iseendast.","robots":{"index":"noindex","follow":"follow","max-snippet":"max-snippet:-1","max-image-preview":"max-image-preview:large","max-video-preview":"max-video-preview:-1"},"og_locale":"en_US","og_type":"article","og_title":"Ashwagandha Root Powder, 150g - Be More","og_description":"Be More supertoidusegud, teed, toorbatoonid ja toidulisandid on v\u00e4lja t\u00f6\u00f6tatud, et saaksid olla igap\u00e4evaselt parim versioon iseendast.","og_url":"https:\/\/prelive.bemore.ee\/en\/toode\/ashwagandha-root-powder-150g\/","og_site_name":"Be More","article_modified_time":"2022-05-10T08:34:15+00:00","og_image":[{"width":1024,"height":1024,"url":"https:\/\/prelive.bemore.ee\/wp-content\/uploads\/2021\/08\/Ashwagandha.ees_-1024x1024.png","type":"image\/png"}],"twitter_card":"summary_large_image","twitter_misc":{"Est. reading time":"2 minutes"},"schema":{"@context":"https:\/\/schema.org","@graph":[{"@type":"WebPage","@id":"https:\/\/prelive.bemore.ee\/en\/toode\/ashwagandha-root-powder-150g\/","url":"https:\/\/prelive.bemore.ee\/en\/toode\/ashwagandha-root-powder-150g\/","name":"Ashwagandha Root Powder, 150g - Be More","isPartOf":{"@id":"https:\/\/prelive.bemore.ee\/#website"},"primaryImageOfPage":{"@id":"https:\/\/prelive.bemore.ee\/en\/toode\/ashwagandha-root-powder-150g\/#primaryimage"},"image":{"@id":"https:\/\/prelive.bemore.ee\/en\/toode\/ashwagandha-root-powder-150g\/#primaryimage"},"thumbnailUrl":"https:\/\/prelive.bemore.ee\/wp-content\/uploads\/2021\/08\/Ashwagandha.ees_.png","datePublished":"2020-08-24T06:44:34+00:00","dateModified":"2022-05-10T08:34:15+00:00","description":"Be More supertoidusegud, teed, toorbatoonid ja toidulisandid on v\u00e4lja t\u00f6\u00f6tatud, et saaksid olla igap\u00e4evaselt parim versioon iseendast.","breadcrumb":{"@id":"https:\/\/prelive.bemore.ee\/en\/toode\/ashwagandha-root-powder-150g\/#breadcrumb"},"inLanguage":"en-US","potentialAction":[{"@type":"ReadAction","target":["https:\/\/prelive.bemore.ee\/en\/toode\/ashwagandha-root-powder-150g\/"]}]},{"@type":"ImageObject","inLanguage":"en-US","@id":"https:\/\/prelive.bemore.ee\/en\/toode\/ashwagandha-root-powder-150g\/#primaryimage","url":"https:\/\/prelive.bemore.ee\/wp-content\/uploads\/2021\/08\/Ashwagandha.ees_.png","contentUrl":"https:\/\/prelive.bemore.ee\/wp-content\/uploads\/2021\/08\/Ashwagandha.ees_.png","width":2500,"height":2500},{"@type":"BreadcrumbList","@id":"https:\/\/prelive.bemore.ee\/en\/toode\/ashwagandha-root-powder-150g\/#breadcrumb","itemListElement":[{"@type":"ListItem","position":1,"name":"Shop","item":"https:\/\/prelive.bemore.ee\/en\/shop\/"},{"@type":"ListItem","position":2,"name":"Ashwagandha Root Powder, 150g"}]},{"@type":"WebSite","@id":"https:\/\/prelive.bemore.ee\/#website","url":"https:\/\/prelive.bemore.ee\/","name":"Be More","description":"Supertoidud Sinu igap\u00e4evaellu!","potentialAction":[{"@type":"SearchAction","target":{"@type":"EntryPoint","urlTemplate":"https:\/\/prelive.bemore.ee\/?s={search_term_string}"},"query-input":{"@type":"PropertyValueSpecification","valueRequired":true,"valueName":"search_term_string"}}],"inLanguage":"en-US"}]}},"_links":{"self":[{"href":"https:\/\/prelive.bemore.ee\/en\/wp-json\/wp\/v2\/product\/116204","targetHints":{"allow":["GET"]}}],"collection":[{"href":"https:\/\/prelive.bemore.ee\/en\/wp-json\/wp\/v2\/product"}],"about":[{"href":"https:\/\/prelive.bemore.ee\/en\/wp-json\/wp\/v2\/types\/product"}],"replies":[{"embeddable":true,"href":"https:\/\/prelive.bemore.ee\/en\/wp-json\/wp\/v2\/comments?post=116204"}],"wp:featuredmedia":[{"embeddable":true,"href":"https:\/\/prelive.bemore.ee\/en\/wp-json\/wp\/v2\/media\/115893"}],"wp:attachment":[{"href":"https:\/\/prelive.bemore.ee\/en\/wp-json\/wp\/v2\/media?parent=116204"}],"wp:term":[{"taxonomy":"product_brand","embeddable":true,"href":"https:\/\/prelive.bemore.ee\/en\/wp-json\/wp\/v2\/product_brand?post=116204"},{"taxonomy":"product_cat","embeddable":true,"href":"https:\/\/prelive.bemore.ee\/en\/wp-json\/wp\/v2\/product_cat?post=116204"},{"taxonomy":"product_tag","embeddable":true,"href":"https:\/\/prelive.bemore.ee\/en\/wp-json\/wp\/v2\/product_tag?post=116204"}],"curies":[{"name":"wp","href":"https:\/\/api.w.org\/{rel}","templated":true}]}}