{"id":116178,"date":"2020-03-23T08:22:35","date_gmt":"2020-03-23T08:21:54","guid":{"rendered":"https:\/\/prelive.bemore.ee\/product\/blendtec-professional-800\/"},"modified":"2021-12-01T14:52:39","modified_gmt":"2021-12-01T12:52:39","slug":"blendtec-professional-800","status":"publish","type":"product","link":"https:\/\/prelive.bemore.ee\/en\/toode\/blendtec-professional-800\/","title":{"rendered":"BLENDTEC PROFESSIONAL 800"},"content":{"rendered":"<div class=\"grid\">\n<div class=\"grid__item large--one-half medium--one-half\">\n<h4>THE QUIETEST BLENDER IN THE WORLD<\/h4>\n<p>Bring our best, most powerful blender into your kitchen. Operating at the sound level of normal conversation, the Professional 800 is the quietest, most capable blender in the world.<\/p>\n<\/div>\n<\/div>\n<div class=\"grid\">\n<div class=\"grid__item large--one-half medium--one-half\">\n<h4>STEALTH TECHNOLOGY\u2122<\/h4>\n<p>The Professional 800 is our most powerful and quietest blender &#8211; it operates at the sound level of regular conversation. Housed in a sleek, sealed sound enclosure, it features the most advanced proprietary sound dampening and airflow innovations anywhere, proving that industrial-strength power doesn\u2019t require industrial-strength noise.<\/p>\n<\/div>\n<\/div>\n<div class=\"grid\">\n<div class=\"grid__item large--one-half medium--one-half\">\n<h4>11-SPEED TOUCH SLIDER + PULSE<\/h4>\n<p>For the ultimate precision speed control, the Professional 800 features an 11-speed capacitive touch slider. Users can blend to the perfect consistency simply by sliding a finger up and down the control panel. The pulse button adds a burst of high-speed blending power.<\/p>\n<\/div>\n<\/div>\n<div class=\"grid\">\n<div class=\"grid__item large--one-half medium--one-half\">\n<h4>6 PREPROGRAMMED BLEND CYCLES<\/h4>\n<p>Six preprogrammed blend cycles are customized to blend just about any recipe &#8211; from green smoothies to margaritas to hot soups &#8211; with the touch of an icon.<\/p>\n<\/div>\n<div><img decoding=\"async\" src=\"https:\/\/blendtec.ee\/wp-content\/uploads\/2018\/06\/professional800-interface-300x103.png\" \/><\/div>\n<\/div>\n<h4>IT ALSO INCLUDES WILDSIDE+ JAR:<\/h4>\n<p>Capacity: 2.7 l, with measuring lines up to 1.1 l<\/p>\n<p>Pitcher dimensions: 13.6 cm wide \u00d7 22.9 cm high \u00d7 13.6 cm deep;<\/p>\n<p>Packaging dimensions: 17.8 cm wide \u00d7 24 cm high \u00d7 17.8 cm deep<\/p>\n<p>Weight: 0.7 kg<\/p>\n<h3>Furthermore, everyone who buys Blendtec Blender from our website will receive a free Blendtec Twister jar worth of 139\u20ac for absolutely FREE!<\/h3>\n<p>The Twister\u2122 jar is designed to handle extra-thick\u00a0blends and it has never been easier! The Twister jar tackles nut butters, hummus, sorbets &amp; more with ease. The patented Twister lid features tines that run along the inner side of the jar. Turning the Twister lid during blends keeps ingredients from sticking to the sides and pushes them back down to the blade into the blending vortex. No more stopping and scraping the sides manually.<\/p>\n","protected":false},"excerpt":{"rendered":"<p>Blendtec Professional 800 superblender satisfies even your biggest demands!<\/p>\n<ul>\n<li>Powerful <strong>3,8 hp engine.<\/strong><\/li>\n<li><strong>WORLD&#8217;S QUIETEST BLENDER FOR THE HOME-USE &#8211;\u00a0<\/strong>make a smoothie, while your sweetheart enjoys a peaceful sleep.<\/li>\n<li><strong>2 different colors,<\/strong> choose your favorite! In the shopping cart simply write your preferenced tone in the notes.<\/li>\n<li>Unique design.<\/li>\n<li><span style=\"color: #ff0000;\"><strong>10 years of warranty!<\/strong><\/span><\/li>\n<li>Touch panel.<\/li>\n<li>Suitable for both hot and cold foods.<\/li>\n<li><strong>FREE TWISTER JAR INCLUDED,<\/strong> which is perfect for sorbets and nut butters!<\/li>\n<\/ul>\n","protected":false},"featured_media":115733,"comment_status":"open","ping_status":"closed","template":"","meta":[],"product_brand":[],"product_cat":[337],"product_tag":[],"class_list":{"0":"post-116178","1":"product","2":"type-product","3":"status-publish","4":"has-post-thumbnail","6":"product_cat-accessories","8":"first","9":"instock","10":"taxable","11":"shipping-taxable","12":"purchasable","13":"product-type-simple"},"bundle_layout":"","bundled_by":[],"bundled_items":[],"yoast_head":"<!-- This site is optimized with the Yoast SEO plugin v27.4 - https:\/\/yoast.com\/product\/yoast-seo-wordpress\/ -->\n<title>BLENDTEC PROFESSIONAL 800 - Be More<\/title>\n<meta name=\"description\" content=\"Be More supertoidusegud, teed, toorbatoonid ja toidulisandid on v\u00e4lja t\u00f6\u00f6tatud, et saaksid olla igap\u00e4evaselt parim versioon iseendast.\" \/>\n<meta name=\"robots\" content=\"noindex, follow, max-snippet:-1, max-image-preview:large, max-video-preview:-1\" \/>\n<meta property=\"og:locale\" content=\"en_US\" \/>\n<meta property=\"og:type\" content=\"article\" \/>\n<meta property=\"og:title\" content=\"BLENDTEC PROFESSIONAL 800 - Be More\" \/>\n<meta property=\"og:description\" content=\"Be More supertoidusegud, teed, toorbatoonid ja toidulisandid on v\u00e4lja t\u00f6\u00f6tatud, et saaksid olla igap\u00e4evaselt parim versioon iseendast.\" \/>\n<meta property=\"og:url\" content=\"https:\/\/prelive.bemore.ee\/en\/toode\/blendtec-professional-800\/\" \/>\n<meta property=\"og:site_name\" content=\"Be More\" \/>\n<meta property=\"article:modified_time\" content=\"2021-12-01T12:52:39+00:00\" \/>\n<meta property=\"og:image\" content=\"https:\/\/prelive.bemore.ee\/wp-content\/uploads\/2021\/08\/Professional-800-Black-1.jpg\" \/>\n\t<meta property=\"og:image:width\" content=\"1500\" \/>\n\t<meta property=\"og:image:height\" content=\"1500\" \/>\n\t<meta property=\"og:image:type\" content=\"image\/jpeg\" \/>\n<meta name=\"twitter:card\" content=\"summary_large_image\" \/>\n<meta name=\"twitter:label1\" content=\"Est. reading time\" \/>\n\t<meta name=\"twitter:data1\" content=\"1 minute\" \/>\n<script type=\"application\/ld+json\" class=\"yoast-schema-graph\">{\"@context\":\"https:\\\/\\\/schema.org\",\"@graph\":[{\"@type\":\"WebPage\",\"@id\":\"https:\\\/\\\/prelive.bemore.ee\\\/en\\\/toode\\\/blendtec-professional-800\\\/\",\"url\":\"https:\\\/\\\/prelive.bemore.ee\\\/en\\\/toode\\\/blendtec-professional-800\\\/\",\"name\":\"BLENDTEC PROFESSIONAL 800 - Be More\",\"isPartOf\":{\"@id\":\"https:\\\/\\\/prelive.bemore.ee\\\/#website\"},\"primaryImageOfPage\":{\"@id\":\"https:\\\/\\\/prelive.bemore.ee\\\/en\\\/toode\\\/blendtec-professional-800\\\/#primaryimage\"},\"image\":{\"@id\":\"https:\\\/\\\/prelive.bemore.ee\\\/en\\\/toode\\\/blendtec-professional-800\\\/#primaryimage\"},\"thumbnailUrl\":\"https:\\\/\\\/prelive.bemore.ee\\\/wp-content\\\/uploads\\\/2021\\\/08\\\/Professional-800-Black-1.jpg\",\"datePublished\":\"2020-03-23T08:21:54+00:00\",\"dateModified\":\"2021-12-01T12:52:39+00:00\",\"description\":\"Be More supertoidusegud, teed, toorbatoonid ja toidulisandid on v\u00e4lja t\u00f6\u00f6tatud, et saaksid olla igap\u00e4evaselt parim versioon iseendast.\",\"breadcrumb\":{\"@id\":\"https:\\\/\\\/prelive.bemore.ee\\\/en\\\/toode\\\/blendtec-professional-800\\\/#breadcrumb\"},\"inLanguage\":\"en-US\",\"potentialAction\":[{\"@type\":\"ReadAction\",\"target\":[\"https:\\\/\\\/prelive.bemore.ee\\\/en\\\/toode\\\/blendtec-professional-800\\\/\"]}]},{\"@type\":\"ImageObject\",\"inLanguage\":\"en-US\",\"@id\":\"https:\\\/\\\/prelive.bemore.ee\\\/en\\\/toode\\\/blendtec-professional-800\\\/#primaryimage\",\"url\":\"https:\\\/\\\/prelive.bemore.ee\\\/wp-content\\\/uploads\\\/2021\\\/08\\\/Professional-800-Black-1.jpg\",\"contentUrl\":\"https:\\\/\\\/prelive.bemore.ee\\\/wp-content\\\/uploads\\\/2021\\\/08\\\/Professional-800-Black-1.jpg\",\"width\":1500,\"height\":1500},{\"@type\":\"BreadcrumbList\",\"@id\":\"https:\\\/\\\/prelive.bemore.ee\\\/en\\\/toode\\\/blendtec-professional-800\\\/#breadcrumb\",\"itemListElement\":[{\"@type\":\"ListItem\",\"position\":1,\"name\":\"Shop\",\"item\":\"https:\\\/\\\/prelive.bemore.ee\\\/en\\\/shop\\\/\"},{\"@type\":\"ListItem\",\"position\":2,\"name\":\"BLENDTEC PROFESSIONAL 800\"}]},{\"@type\":\"WebSite\",\"@id\":\"https:\\\/\\\/prelive.bemore.ee\\\/#website\",\"url\":\"https:\\\/\\\/prelive.bemore.ee\\\/\",\"name\":\"Be More\",\"description\":\"Supertoidud Sinu igap\u00e4evaellu!\",\"potentialAction\":[{\"@type\":\"SearchAction\",\"target\":{\"@type\":\"EntryPoint\",\"urlTemplate\":\"https:\\\/\\\/prelive.bemore.ee\\\/?s={search_term_string}\"},\"query-input\":{\"@type\":\"PropertyValueSpecification\",\"valueRequired\":true,\"valueName\":\"search_term_string\"}}],\"inLanguage\":\"en-US\"}]}<\/script>\n<!-- \/ Yoast SEO plugin. -->","yoast_head_json":{"title":"BLENDTEC PROFESSIONAL 800 - Be More","description":"Be More supertoidusegud, teed, toorbatoonid ja toidulisandid on v\u00e4lja t\u00f6\u00f6tatud, et saaksid olla igap\u00e4evaselt parim versioon iseendast.","robots":{"index":"noindex","follow":"follow","max-snippet":"max-snippet:-1","max-image-preview":"max-image-preview:large","max-video-preview":"max-video-preview:-1"},"og_locale":"en_US","og_type":"article","og_title":"BLENDTEC PROFESSIONAL 800 - Be More","og_description":"Be More supertoidusegud, teed, toorbatoonid ja toidulisandid on v\u00e4lja t\u00f6\u00f6tatud, et saaksid olla igap\u00e4evaselt parim versioon iseendast.","og_url":"https:\/\/prelive.bemore.ee\/en\/toode\/blendtec-professional-800\/","og_site_name":"Be More","article_modified_time":"2021-12-01T12:52:39+00:00","og_image":[{"width":1500,"height":1500,"url":"https:\/\/prelive.bemore.ee\/wp-content\/uploads\/2021\/08\/Professional-800-Black-1.jpg","type":"image\/jpeg"}],"twitter_card":"summary_large_image","twitter_misc":{"Est. reading time":"1 minute"},"schema":{"@context":"https:\/\/schema.org","@graph":[{"@type":"WebPage","@id":"https:\/\/prelive.bemore.ee\/en\/toode\/blendtec-professional-800\/","url":"https:\/\/prelive.bemore.ee\/en\/toode\/blendtec-professional-800\/","name":"BLENDTEC PROFESSIONAL 800 - Be More","isPartOf":{"@id":"https:\/\/prelive.bemore.ee\/#website"},"primaryImageOfPage":{"@id":"https:\/\/prelive.bemore.ee\/en\/toode\/blendtec-professional-800\/#primaryimage"},"image":{"@id":"https:\/\/prelive.bemore.ee\/en\/toode\/blendtec-professional-800\/#primaryimage"},"thumbnailUrl":"https:\/\/prelive.bemore.ee\/wp-content\/uploads\/2021\/08\/Professional-800-Black-1.jpg","datePublished":"2020-03-23T08:21:54+00:00","dateModified":"2021-12-01T12:52:39+00:00","description":"Be More supertoidusegud, teed, toorbatoonid ja toidulisandid on v\u00e4lja t\u00f6\u00f6tatud, et saaksid olla igap\u00e4evaselt parim versioon iseendast.","breadcrumb":{"@id":"https:\/\/prelive.bemore.ee\/en\/toode\/blendtec-professional-800\/#breadcrumb"},"inLanguage":"en-US","potentialAction":[{"@type":"ReadAction","target":["https:\/\/prelive.bemore.ee\/en\/toode\/blendtec-professional-800\/"]}]},{"@type":"ImageObject","inLanguage":"en-US","@id":"https:\/\/prelive.bemore.ee\/en\/toode\/blendtec-professional-800\/#primaryimage","url":"https:\/\/prelive.bemore.ee\/wp-content\/uploads\/2021\/08\/Professional-800-Black-1.jpg","contentUrl":"https:\/\/prelive.bemore.ee\/wp-content\/uploads\/2021\/08\/Professional-800-Black-1.jpg","width":1500,"height":1500},{"@type":"BreadcrumbList","@id":"https:\/\/prelive.bemore.ee\/en\/toode\/blendtec-professional-800\/#breadcrumb","itemListElement":[{"@type":"ListItem","position":1,"name":"Shop","item":"https:\/\/prelive.bemore.ee\/en\/shop\/"},{"@type":"ListItem","position":2,"name":"BLENDTEC PROFESSIONAL 800"}]},{"@type":"WebSite","@id":"https:\/\/prelive.bemore.ee\/#website","url":"https:\/\/prelive.bemore.ee\/","name":"Be More","description":"Supertoidud Sinu igap\u00e4evaellu!","potentialAction":[{"@type":"SearchAction","target":{"@type":"EntryPoint","urlTemplate":"https:\/\/prelive.bemore.ee\/?s={search_term_string}"},"query-input":{"@type":"PropertyValueSpecification","valueRequired":true,"valueName":"search_term_string"}}],"inLanguage":"en-US"}]}},"_links":{"self":[{"href":"https:\/\/prelive.bemore.ee\/en\/wp-json\/wp\/v2\/product\/116178","targetHints":{"allow":["GET"]}}],"collection":[{"href":"https:\/\/prelive.bemore.ee\/en\/wp-json\/wp\/v2\/product"}],"about":[{"href":"https:\/\/prelive.bemore.ee\/en\/wp-json\/wp\/v2\/types\/product"}],"replies":[{"embeddable":true,"href":"https:\/\/prelive.bemore.ee\/en\/wp-json\/wp\/v2\/comments?post=116178"}],"wp:featuredmedia":[{"embeddable":true,"href":"https:\/\/prelive.bemore.ee\/en\/wp-json\/wp\/v2\/media\/115733"}],"wp:attachment":[{"href":"https:\/\/prelive.bemore.ee\/en\/wp-json\/wp\/v2\/media?parent=116178"}],"wp:term":[{"taxonomy":"product_brand","embeddable":true,"href":"https:\/\/prelive.bemore.ee\/en\/wp-json\/wp\/v2\/product_brand?post=116178"},{"taxonomy":"product_cat","embeddable":true,"href":"https:\/\/prelive.bemore.ee\/en\/wp-json\/wp\/v2\/product_cat?post=116178"},{"taxonomy":"product_tag","embeddable":true,"href":"https:\/\/prelive.bemore.ee\/en\/wp-json\/wp\/v2\/product_tag?post=116178"}],"curies":[{"name":"wp","href":"https:\/\/api.w.org\/{rel}","templated":true}]}}