{"id":116177,"date":"2020-03-23T08:25:18","date_gmt":"2020-03-23T08:12:08","guid":{"rendered":"https:\/\/prelive.bemore.ee\/product\/blendtec-designer-625\/"},"modified":"2022-06-30T03:49:16","modified_gmt":"2022-06-30T00:49:16","slug":"blendtec-designer-625","status":"publish","type":"product","link":"https:\/\/prelive.bemore.ee\/en\/toode\/blendtec-designer-625\/","title":{"rendered":"BLENDTEC DESIGNER 625"},"content":{"rendered":"<div class=\"grid\">\n<div class=\"grid__item large--one-half medium--one-half\">\n<h4>HIGH TECH WITH FASHION SENSE<\/h4>\n<p>The Designer 625 is engineered not only to perform\u2014but also to fit in with your fashion sense. Available in 4 different colors: Black, Pomegranate Red, Polar White and Slate Grey.<\/p>\n<\/div>\n<\/div>\n<div class=\"grid\">\n<div class=\"grid__item large--one-half medium--one-half\">\n<h4>ILLUMINATED TOUCH CONTROLS<\/h4>\n<p>An intuitive touch screen with easy to see icons makes the Designer 625 more versatile and simple to use. It lights up with a single touch, shuts off automatically, and is completely flat so cleaning is as simple as a quick wipe.<\/p>\n<\/div>\n<\/div>\n<div class=\"grid\">\n<div class=\"grid__item large--one-half medium--one-half\">\n<h4>SIX-SPEED TOUCH SLIDER + PULSE<\/h4>\n<p>Simply slide your finger left or right to control the motor speed for customized blending. Use Pulse for an added burst of power at any speed.<\/p>\n<\/div>\n<\/div>\n<div class=\"grid\">\n<div class=\"grid__item large--one-half medium--one-half\">\n<h4>PREPROGRAMMED BLEND CYCLES<\/h4>\n<p>No more guesswork! Four preprogrammed custom cycles enable one-touch blending perfection: Smoothie, Ice Cream, Whole Juice, and Hot Soup.<\/p>\n<\/div>\n<\/div>\n<p><img loading=\"lazy\" decoding=\"async\" class=\"alignnone size-medium wp-image-52\" src=\"https:\/\/blendtec.ee\/wp-content\/uploads\/2018\/06\/designer625-interface-300x149.png\" sizes=\"auto, (max-width: 300px) 100vw, 300px\" srcset=\"https:\/\/www.blendtec.ee\/wp-content\/uploads\/2018\/06\/designer625-interface-300x149.png 300w, https:\/\/www.blendtec.ee\/wp-content\/uploads\/2018\/06\/designer625-interface.png 380w\" alt=\"\" width=\"300\" height=\"149\" \/><\/p>\n<h4>IT ALSO INCLUDES WILDSIDE+ JAR:<\/h4>\n<p>Capacity: 2.7 l, with measuring lines up to 1.1 l<\/p>\n<p>Pitcher dimensions: 13.6 cm wide \u00d7 22.9 cm high \u00d7 13.6 cm deep;<\/p>\n<p>Packaging dimensions: 17.8 cm wide \u00d7 24 cm high \u00d7 17.8 cm deep<\/p>\n<p>Weight: 0.7 kg<\/p>\n<h3>Furthermore, everyone who buys Blendtec Blender from our website will receive a free Blendtec Twister jar worth of 139\u20ac for absolutely FREE!<\/h3>\n<p>The Twister\u2122 jar is designed to handle extra-thick\u00a0blends and it has never been easier! The Twister jar tackles nut butters, hummus, sorbets &amp; more with ease. The patented Twister lid features tines that run along the inner side of the jar. Turning the Twister lid during blends keeps ingredients from sticking to the sides and pushes them back down to the blade into the blending vortex. No more stopping and scraping the sides manually.<\/p>\n","protected":false},"excerpt":{"rendered":"<p>Blendtec superblender is a powerful helper for your everyday life!<\/p>\n<ul>\n<li>Powerful <strong>3 hp engine.<\/strong><\/li>\n<li><strong>4 different colors,<\/strong> choose your favorite! In the shopping cart simply write your preferenced tone in the notes.<\/li>\n<li>Unique design.<\/li>\n<li><strong>8 years warranty!<\/strong><\/li>\n<li>Touch panel.<\/li>\n<li>Suitable for both hot and cold foods.<\/li>\n<li><strong>FREE TWISTER JAR INCLUDED,<\/strong> which is perfect for sorbets and nut butters!<\/li>\n<\/ul>\n","protected":false},"featured_media":115724,"comment_status":"open","ping_status":"closed","template":"","meta":[],"product_brand":[],"product_cat":[337],"product_tag":[],"class_list":{"0":"post-116177","1":"product","2":"type-product","3":"status-publish","4":"has-post-thumbnail","6":"product_cat-accessories","8":"first","9":"instock","10":"taxable","11":"shipping-taxable","12":"purchasable","13":"product-type-simple"},"bundle_layout":"","bundled_by":[],"bundled_items":[],"yoast_head":"<!-- This site is optimized with the Yoast SEO plugin v27.4 - https:\/\/yoast.com\/product\/yoast-seo-wordpress\/ -->\n<title>BLENDTEC DESIGNER 625 - Be More<\/title>\n<meta name=\"description\" content=\"Be More supertoidusegud, teed, toorbatoonid ja toidulisandid on v\u00e4lja t\u00f6\u00f6tatud, et saaksid olla igap\u00e4evaselt parim versioon iseendast.\" \/>\n<meta name=\"robots\" content=\"noindex, follow, max-snippet:-1, max-image-preview:large, max-video-preview:-1\" \/>\n<meta property=\"og:locale\" content=\"en_US\" \/>\n<meta property=\"og:type\" content=\"article\" \/>\n<meta property=\"og:title\" content=\"BLENDTEC DESIGNER 625 - Be More\" \/>\n<meta property=\"og:description\" content=\"Be More supertoidusegud, teed, toorbatoonid ja toidulisandid on v\u00e4lja t\u00f6\u00f6tatud, et saaksid olla igap\u00e4evaselt parim versioon iseendast.\" \/>\n<meta property=\"og:url\" content=\"https:\/\/prelive.bemore.ee\/en\/toode\/blendtec-designer-625\/\" \/>\n<meta property=\"og:site_name\" content=\"Be More\" \/>\n<meta property=\"article:modified_time\" content=\"2022-06-30T00:49:16+00:00\" \/>\n<meta property=\"og:image\" content=\"https:\/\/prelive.bemore.ee\/wp-content\/uploads\/2021\/08\/Designer-625-Black-1.jpg\" \/>\n\t<meta property=\"og:image:width\" content=\"1500\" \/>\n\t<meta property=\"og:image:height\" content=\"1500\" \/>\n\t<meta property=\"og:image:type\" content=\"image\/jpeg\" \/>\n<meta name=\"twitter:card\" content=\"summary_large_image\" \/>\n<meta name=\"twitter:label1\" content=\"Est. reading time\" \/>\n\t<meta name=\"twitter:data1\" content=\"1 minute\" \/>\n<script type=\"application\/ld+json\" class=\"yoast-schema-graph\">{\"@context\":\"https:\\\/\\\/schema.org\",\"@graph\":[{\"@type\":\"WebPage\",\"@id\":\"https:\\\/\\\/prelive.bemore.ee\\\/en\\\/toode\\\/blendtec-designer-625\\\/\",\"url\":\"https:\\\/\\\/prelive.bemore.ee\\\/en\\\/toode\\\/blendtec-designer-625\\\/\",\"name\":\"BLENDTEC DESIGNER 625 - Be More\",\"isPartOf\":{\"@id\":\"https:\\\/\\\/prelive.bemore.ee\\\/#website\"},\"primaryImageOfPage\":{\"@id\":\"https:\\\/\\\/prelive.bemore.ee\\\/en\\\/toode\\\/blendtec-designer-625\\\/#primaryimage\"},\"image\":{\"@id\":\"https:\\\/\\\/prelive.bemore.ee\\\/en\\\/toode\\\/blendtec-designer-625\\\/#primaryimage\"},\"thumbnailUrl\":\"https:\\\/\\\/prelive.bemore.ee\\\/wp-content\\\/uploads\\\/2021\\\/08\\\/Designer-625-Black-1.jpg\",\"datePublished\":\"2020-03-23T08:12:08+00:00\",\"dateModified\":\"2022-06-30T00:49:16+00:00\",\"description\":\"Be More supertoidusegud, teed, toorbatoonid ja toidulisandid on v\u00e4lja t\u00f6\u00f6tatud, et saaksid olla igap\u00e4evaselt parim versioon iseendast.\",\"breadcrumb\":{\"@id\":\"https:\\\/\\\/prelive.bemore.ee\\\/en\\\/toode\\\/blendtec-designer-625\\\/#breadcrumb\"},\"inLanguage\":\"en-US\",\"potentialAction\":[{\"@type\":\"ReadAction\",\"target\":[\"https:\\\/\\\/prelive.bemore.ee\\\/en\\\/toode\\\/blendtec-designer-625\\\/\"]}]},{\"@type\":\"ImageObject\",\"inLanguage\":\"en-US\",\"@id\":\"https:\\\/\\\/prelive.bemore.ee\\\/en\\\/toode\\\/blendtec-designer-625\\\/#primaryimage\",\"url\":\"https:\\\/\\\/prelive.bemore.ee\\\/wp-content\\\/uploads\\\/2021\\\/08\\\/Designer-625-Black-1.jpg\",\"contentUrl\":\"https:\\\/\\\/prelive.bemore.ee\\\/wp-content\\\/uploads\\\/2021\\\/08\\\/Designer-625-Black-1.jpg\",\"width\":1500,\"height\":1500},{\"@type\":\"BreadcrumbList\",\"@id\":\"https:\\\/\\\/prelive.bemore.ee\\\/en\\\/toode\\\/blendtec-designer-625\\\/#breadcrumb\",\"itemListElement\":[{\"@type\":\"ListItem\",\"position\":1,\"name\":\"Shop\",\"item\":\"https:\\\/\\\/prelive.bemore.ee\\\/en\\\/shop\\\/\"},{\"@type\":\"ListItem\",\"position\":2,\"name\":\"BLENDTEC DESIGNER 625\"}]},{\"@type\":\"WebSite\",\"@id\":\"https:\\\/\\\/prelive.bemore.ee\\\/#website\",\"url\":\"https:\\\/\\\/prelive.bemore.ee\\\/\",\"name\":\"Be More\",\"description\":\"Supertoidud Sinu igap\u00e4evaellu!\",\"potentialAction\":[{\"@type\":\"SearchAction\",\"target\":{\"@type\":\"EntryPoint\",\"urlTemplate\":\"https:\\\/\\\/prelive.bemore.ee\\\/?s={search_term_string}\"},\"query-input\":{\"@type\":\"PropertyValueSpecification\",\"valueRequired\":true,\"valueName\":\"search_term_string\"}}],\"inLanguage\":\"en-US\"}]}<\/script>\n<!-- \/ Yoast SEO plugin. -->","yoast_head_json":{"title":"BLENDTEC DESIGNER 625 - Be More","description":"Be More supertoidusegud, teed, toorbatoonid ja toidulisandid on v\u00e4lja t\u00f6\u00f6tatud, et saaksid olla igap\u00e4evaselt parim versioon iseendast.","robots":{"index":"noindex","follow":"follow","max-snippet":"max-snippet:-1","max-image-preview":"max-image-preview:large","max-video-preview":"max-video-preview:-1"},"og_locale":"en_US","og_type":"article","og_title":"BLENDTEC DESIGNER 625 - Be More","og_description":"Be More supertoidusegud, teed, toorbatoonid ja toidulisandid on v\u00e4lja t\u00f6\u00f6tatud, et saaksid olla igap\u00e4evaselt parim versioon iseendast.","og_url":"https:\/\/prelive.bemore.ee\/en\/toode\/blendtec-designer-625\/","og_site_name":"Be More","article_modified_time":"2022-06-30T00:49:16+00:00","og_image":[{"width":1500,"height":1500,"url":"https:\/\/prelive.bemore.ee\/wp-content\/uploads\/2021\/08\/Designer-625-Black-1.jpg","type":"image\/jpeg"}],"twitter_card":"summary_large_image","twitter_misc":{"Est. reading time":"1 minute"},"schema":{"@context":"https:\/\/schema.org","@graph":[{"@type":"WebPage","@id":"https:\/\/prelive.bemore.ee\/en\/toode\/blendtec-designer-625\/","url":"https:\/\/prelive.bemore.ee\/en\/toode\/blendtec-designer-625\/","name":"BLENDTEC DESIGNER 625 - Be More","isPartOf":{"@id":"https:\/\/prelive.bemore.ee\/#website"},"primaryImageOfPage":{"@id":"https:\/\/prelive.bemore.ee\/en\/toode\/blendtec-designer-625\/#primaryimage"},"image":{"@id":"https:\/\/prelive.bemore.ee\/en\/toode\/blendtec-designer-625\/#primaryimage"},"thumbnailUrl":"https:\/\/prelive.bemore.ee\/wp-content\/uploads\/2021\/08\/Designer-625-Black-1.jpg","datePublished":"2020-03-23T08:12:08+00:00","dateModified":"2022-06-30T00:49:16+00:00","description":"Be More supertoidusegud, teed, toorbatoonid ja toidulisandid on v\u00e4lja t\u00f6\u00f6tatud, et saaksid olla igap\u00e4evaselt parim versioon iseendast.","breadcrumb":{"@id":"https:\/\/prelive.bemore.ee\/en\/toode\/blendtec-designer-625\/#breadcrumb"},"inLanguage":"en-US","potentialAction":[{"@type":"ReadAction","target":["https:\/\/prelive.bemore.ee\/en\/toode\/blendtec-designer-625\/"]}]},{"@type":"ImageObject","inLanguage":"en-US","@id":"https:\/\/prelive.bemore.ee\/en\/toode\/blendtec-designer-625\/#primaryimage","url":"https:\/\/prelive.bemore.ee\/wp-content\/uploads\/2021\/08\/Designer-625-Black-1.jpg","contentUrl":"https:\/\/prelive.bemore.ee\/wp-content\/uploads\/2021\/08\/Designer-625-Black-1.jpg","width":1500,"height":1500},{"@type":"BreadcrumbList","@id":"https:\/\/prelive.bemore.ee\/en\/toode\/blendtec-designer-625\/#breadcrumb","itemListElement":[{"@type":"ListItem","position":1,"name":"Shop","item":"https:\/\/prelive.bemore.ee\/en\/shop\/"},{"@type":"ListItem","position":2,"name":"BLENDTEC DESIGNER 625"}]},{"@type":"WebSite","@id":"https:\/\/prelive.bemore.ee\/#website","url":"https:\/\/prelive.bemore.ee\/","name":"Be More","description":"Supertoidud Sinu igap\u00e4evaellu!","potentialAction":[{"@type":"SearchAction","target":{"@type":"EntryPoint","urlTemplate":"https:\/\/prelive.bemore.ee\/?s={search_term_string}"},"query-input":{"@type":"PropertyValueSpecification","valueRequired":true,"valueName":"search_term_string"}}],"inLanguage":"en-US"}]}},"_links":{"self":[{"href":"https:\/\/prelive.bemore.ee\/en\/wp-json\/wp\/v2\/product\/116177","targetHints":{"allow":["GET"]}}],"collection":[{"href":"https:\/\/prelive.bemore.ee\/en\/wp-json\/wp\/v2\/product"}],"about":[{"href":"https:\/\/prelive.bemore.ee\/en\/wp-json\/wp\/v2\/types\/product"}],"replies":[{"embeddable":true,"href":"https:\/\/prelive.bemore.ee\/en\/wp-json\/wp\/v2\/comments?post=116177"}],"wp:featuredmedia":[{"embeddable":true,"href":"https:\/\/prelive.bemore.ee\/en\/wp-json\/wp\/v2\/media\/115724"}],"wp:attachment":[{"href":"https:\/\/prelive.bemore.ee\/en\/wp-json\/wp\/v2\/media?parent=116177"}],"wp:term":[{"taxonomy":"product_brand","embeddable":true,"href":"https:\/\/prelive.bemore.ee\/en\/wp-json\/wp\/v2\/product_brand?post=116177"},{"taxonomy":"product_cat","embeddable":true,"href":"https:\/\/prelive.bemore.ee\/en\/wp-json\/wp\/v2\/product_cat?post=116177"},{"taxonomy":"product_tag","embeddable":true,"href":"https:\/\/prelive.bemore.ee\/en\/wp-json\/wp\/v2\/product_tag?post=116177"}],"curies":[{"name":"wp","href":"https:\/\/api.w.org\/{rel}","templated":true}]}}