{"id":116139,"date":"2019-10-01T07:11:52","date_gmt":"2019-10-01T07:12:06","guid":{"rendered":"https:\/\/prelive.bemore.ee\/product\/be-active-red-velvet-blackcurrant-almond-raw-bar-16pc\/"},"modified":"2022-07-18T00:09:05","modified_gmt":"2022-07-17T21:09:05","slug":"be-active-red-velvet-blackcurrant-almond-raw-bar-16pc","status":"publish","type":"product","link":"https:\/\/prelive.bemore.ee\/en\/toode\/be-active-red-velvet-blackcurrant-almond-raw-bar-16pc\/","title":{"rendered":"Be Active Red Velvet blackcurrant-almond raw bar &#8211; 16pc"},"content":{"rendered":"<h4><strong>100% Natural Superfood loaded Raw Bars for Your everyday life!<\/strong><\/h4>\n<p>Be Active red velvet blackcurrant-almond raw bar contains our Be Active Superfood Mix, which adds a lot of vitamins and minerals to the raw bar. It is created for the person who wants to Be Active.<\/p>\n<h4><strong>Be Active red velvet blackcurrant-almond raw bars are\u00a0suitable:<\/strong><\/h4>\n<ul>\n<li>for everybody who wants to increase the amount of vitamins, minerals and antioxidants in their menu<\/li>\n<li>for vegans<\/li>\n<li>for usage during pregnancy and breastfeeding<\/li>\n<li>for kids<\/li>\n<li>as a good source of fibre for weight loss<\/li>\n<\/ul>\n<h4><strong>What does this product consist of?<\/strong><\/h4>\n<p>Ingredients: dates, gluten-free oatmeal, agave syrup, ALMOND (10%), ALMOND FLOUR (10%), Be Active Superfood Mix (10%) (beetroot powder, freeze-dried blackcurrant powder, freeze-dried goji berry powder, chia seeds, freeze-dried camu-camu powder), freeze-dried black currants (5%), cold-pressed coconut oil, raw cacao nibs<\/p>\n<h4><strong>Servings per package:<\/strong><\/h4>\n<p>Every box includes 16 raw bars.<\/p>\n<h4><strong>Storage conditions<\/strong><\/h4>\n<p>Store at room temperature, keep away from direct sunlight if possible.<\/p>\n<h4><strong>What does Be Active Raw Bar taste like?<\/strong><\/h4>\n<p>Be Active raw bar has a pleasantly sour blackcurrant flavour complemented by a creamy and slightly sweet almond. The product is perfected by raw cacao nibs, which adds a slightly bitter taste to the otherwise sweet mouthfeel and balance the taste. The raw cacao nibs also add a slightly crunchy texture to the otherwise velvety bar.<\/p>\n","protected":false},"excerpt":{"rendered":"<h4><strong>Our blackcurrant and almond flavoured Be Active raw bar is the perfect and healthy snack for Your everyday life!<\/strong><\/h4>\n<ul>\n<li>100% natural<\/li>\n<li>Perfect snack<\/li>\n<li>Gluten-free<\/li>\n<li>Vegan<\/li>\n<li>Free from preservatives<\/li>\n<li>One box includes 16 portion\/bar<\/li>\n<li>Our raw bars are also enriched with Be Active superfood mix, which adds a tasty berrylicious flavour to it.<\/li>\n<li>It also supports your body with a large number of different vitamins, minerals and antioxidants.<\/li>\n<li>With the purchase of each raw bar, <strong>You support the Estonian Cancer Society<\/strong> with 1 cent and if You buy the whole box then You support them with 16 cents.<\/li>\n<\/ul>\n","protected":false},"featured_media":115639,"comment_status":"open","ping_status":"closed","template":"","meta":[],"product_brand":[],"product_cat":[533,333],"product_tag":[],"class_list":{"0":"post-116139","1":"product","2":"type-product","3":"status-publish","4":"has-post-thumbnail","6":"product_cat-be-active","7":"product_cat-superfood-raw-bars","9":"first","10":"instock","11":"taxable","12":"shipping-taxable","13":"purchasable","14":"product-type-bundle"},"bundle_layout":"default","bundled_by":[],"bundled_items":[{"bundled_item_id":1114,"product_id":116143,"menu_order":0,"quantity_min":16,"quantity_max":16,"priced_individually":false,"shipped_individually":false,"override_title":false,"title":"1 Active raw bar","override_description":false,"description":"1 Active raw bar","optional":false,"hide_thumbnail":false,"discount":"","override_variations":false,"allowed_variations":[""],"override_default_variation_attributes":false,"default_variation_attributes":[],"single_product_visibility":"visible","cart_visibility":"visible","order_visibility":"visible","single_product_price_visibility":"visible","cart_price_visibility":"visible","order_price_visibility":"visible","stock_status":"in_stock"}],"yoast_head":"<!-- This site is optimized with the Yoast SEO plugin v27.4 - https:\/\/yoast.com\/product\/yoast-seo-wordpress\/ -->\n<title>Be Active Red Velvet blackcurrant-almond raw bar - 16pc - Be More<\/title>\n<meta name=\"description\" content=\"Be More supertoidusegud, teed, toorbatoonid ja toidulisandid on v\u00e4lja t\u00f6\u00f6tatud, et saaksid olla igap\u00e4evaselt parim versioon iseendast.\" \/>\n<meta name=\"robots\" content=\"noindex, follow, max-snippet:-1, max-image-preview:large, max-video-preview:-1\" \/>\n<meta property=\"og:locale\" content=\"en_US\" \/>\n<meta property=\"og:type\" content=\"article\" \/>\n<meta property=\"og:title\" content=\"Be Active Red Velvet blackcurrant-almond raw bar - 16pc - Be More\" \/>\n<meta property=\"og:description\" content=\"Be More supertoidusegud, teed, toorbatoonid ja toidulisandid on v\u00e4lja t\u00f6\u00f6tatud, et saaksid olla igap\u00e4evaselt parim versioon iseendast.\" \/>\n<meta property=\"og:url\" content=\"https:\/\/prelive.bemore.ee\/en\/toode\/be-active-red-velvet-blackcurrant-almond-raw-bar-16pc\/\" \/>\n<meta property=\"og:site_name\" content=\"Be More\" \/>\n<meta property=\"article:modified_time\" content=\"2022-07-17T21:09:05+00:00\" \/>\n<meta property=\"og:image\" content=\"https:\/\/prelive.bemore.ee\/wp-content\/uploads\/2021\/08\/BeActive-1.jpg\" \/>\n\t<meta property=\"og:image:width\" content=\"1500\" \/>\n\t<meta property=\"og:image:height\" content=\"1500\" \/>\n\t<meta property=\"og:image:type\" content=\"image\/jpeg\" \/>\n<meta name=\"twitter:card\" content=\"summary_large_image\" \/>\n<meta name=\"twitter:label1\" content=\"Est. reading time\" \/>\n\t<meta name=\"twitter:data1\" content=\"1 minute\" \/>\n<script type=\"application\/ld+json\" class=\"yoast-schema-graph\">{\"@context\":\"https:\\\/\\\/schema.org\",\"@graph\":[{\"@type\":\"WebPage\",\"@id\":\"https:\\\/\\\/prelive.bemore.ee\\\/en\\\/toode\\\/be-active-red-velvet-blackcurrant-almond-raw-bar-16pc\\\/\",\"url\":\"https:\\\/\\\/prelive.bemore.ee\\\/en\\\/toode\\\/be-active-red-velvet-blackcurrant-almond-raw-bar-16pc\\\/\",\"name\":\"Be Active Red Velvet blackcurrant-almond raw bar - 16pc - Be More\",\"isPartOf\":{\"@id\":\"https:\\\/\\\/prelive.bemore.ee\\\/#website\"},\"primaryImageOfPage\":{\"@id\":\"https:\\\/\\\/prelive.bemore.ee\\\/en\\\/toode\\\/be-active-red-velvet-blackcurrant-almond-raw-bar-16pc\\\/#primaryimage\"},\"image\":{\"@id\":\"https:\\\/\\\/prelive.bemore.ee\\\/en\\\/toode\\\/be-active-red-velvet-blackcurrant-almond-raw-bar-16pc\\\/#primaryimage\"},\"thumbnailUrl\":\"https:\\\/\\\/prelive.bemore.ee\\\/wp-content\\\/uploads\\\/2021\\\/08\\\/BeActive-1.jpg\",\"datePublished\":\"2019-10-01T07:12:06+00:00\",\"dateModified\":\"2022-07-17T21:09:05+00:00\",\"description\":\"Be More supertoidusegud, teed, toorbatoonid ja toidulisandid on v\u00e4lja t\u00f6\u00f6tatud, et saaksid olla igap\u00e4evaselt parim versioon iseendast.\",\"breadcrumb\":{\"@id\":\"https:\\\/\\\/prelive.bemore.ee\\\/en\\\/toode\\\/be-active-red-velvet-blackcurrant-almond-raw-bar-16pc\\\/#breadcrumb\"},\"inLanguage\":\"en-US\",\"potentialAction\":[{\"@type\":\"ReadAction\",\"target\":[\"https:\\\/\\\/prelive.bemore.ee\\\/en\\\/toode\\\/be-active-red-velvet-blackcurrant-almond-raw-bar-16pc\\\/\"]}]},{\"@type\":\"ImageObject\",\"inLanguage\":\"en-US\",\"@id\":\"https:\\\/\\\/prelive.bemore.ee\\\/en\\\/toode\\\/be-active-red-velvet-blackcurrant-almond-raw-bar-16pc\\\/#primaryimage\",\"url\":\"https:\\\/\\\/prelive.bemore.ee\\\/wp-content\\\/uploads\\\/2021\\\/08\\\/BeActive-1.jpg\",\"contentUrl\":\"https:\\\/\\\/prelive.bemore.ee\\\/wp-content\\\/uploads\\\/2021\\\/08\\\/BeActive-1.jpg\",\"width\":1500,\"height\":1500},{\"@type\":\"BreadcrumbList\",\"@id\":\"https:\\\/\\\/prelive.bemore.ee\\\/en\\\/toode\\\/be-active-red-velvet-blackcurrant-almond-raw-bar-16pc\\\/#breadcrumb\",\"itemListElement\":[{\"@type\":\"ListItem\",\"position\":1,\"name\":\"Shop\",\"item\":\"https:\\\/\\\/prelive.bemore.ee\\\/en\\\/shop\\\/\"},{\"@type\":\"ListItem\",\"position\":2,\"name\":\"Be Active Red Velvet blackcurrant-almond raw bar &#8211; 16pc\"}]},{\"@type\":\"WebSite\",\"@id\":\"https:\\\/\\\/prelive.bemore.ee\\\/#website\",\"url\":\"https:\\\/\\\/prelive.bemore.ee\\\/\",\"name\":\"Be More\",\"description\":\"Supertoidud Sinu igap\u00e4evaellu!\",\"potentialAction\":[{\"@type\":\"SearchAction\",\"target\":{\"@type\":\"EntryPoint\",\"urlTemplate\":\"https:\\\/\\\/prelive.bemore.ee\\\/?s={search_term_string}\"},\"query-input\":{\"@type\":\"PropertyValueSpecification\",\"valueRequired\":true,\"valueName\":\"search_term_string\"}}],\"inLanguage\":\"en-US\"}]}<\/script>\n<!-- \/ Yoast SEO plugin. -->","yoast_head_json":{"title":"Be Active Red Velvet blackcurrant-almond raw bar - 16pc - Be More","description":"Be More supertoidusegud, teed, toorbatoonid ja toidulisandid on v\u00e4lja t\u00f6\u00f6tatud, et saaksid olla igap\u00e4evaselt parim versioon iseendast.","robots":{"index":"noindex","follow":"follow","max-snippet":"max-snippet:-1","max-image-preview":"max-image-preview:large","max-video-preview":"max-video-preview:-1"},"og_locale":"en_US","og_type":"article","og_title":"Be Active Red Velvet blackcurrant-almond raw bar - 16pc - Be More","og_description":"Be More supertoidusegud, teed, toorbatoonid ja toidulisandid on v\u00e4lja t\u00f6\u00f6tatud, et saaksid olla igap\u00e4evaselt parim versioon iseendast.","og_url":"https:\/\/prelive.bemore.ee\/en\/toode\/be-active-red-velvet-blackcurrant-almond-raw-bar-16pc\/","og_site_name":"Be More","article_modified_time":"2022-07-17T21:09:05+00:00","og_image":[{"width":1500,"height":1500,"url":"https:\/\/prelive.bemore.ee\/wp-content\/uploads\/2021\/08\/BeActive-1.jpg","type":"image\/jpeg"}],"twitter_card":"summary_large_image","twitter_misc":{"Est. reading time":"1 minute"},"schema":{"@context":"https:\/\/schema.org","@graph":[{"@type":"WebPage","@id":"https:\/\/prelive.bemore.ee\/en\/toode\/be-active-red-velvet-blackcurrant-almond-raw-bar-16pc\/","url":"https:\/\/prelive.bemore.ee\/en\/toode\/be-active-red-velvet-blackcurrant-almond-raw-bar-16pc\/","name":"Be Active Red Velvet blackcurrant-almond raw bar - 16pc - Be More","isPartOf":{"@id":"https:\/\/prelive.bemore.ee\/#website"},"primaryImageOfPage":{"@id":"https:\/\/prelive.bemore.ee\/en\/toode\/be-active-red-velvet-blackcurrant-almond-raw-bar-16pc\/#primaryimage"},"image":{"@id":"https:\/\/prelive.bemore.ee\/en\/toode\/be-active-red-velvet-blackcurrant-almond-raw-bar-16pc\/#primaryimage"},"thumbnailUrl":"https:\/\/prelive.bemore.ee\/wp-content\/uploads\/2021\/08\/BeActive-1.jpg","datePublished":"2019-10-01T07:12:06+00:00","dateModified":"2022-07-17T21:09:05+00:00","description":"Be More supertoidusegud, teed, toorbatoonid ja toidulisandid on v\u00e4lja t\u00f6\u00f6tatud, et saaksid olla igap\u00e4evaselt parim versioon iseendast.","breadcrumb":{"@id":"https:\/\/prelive.bemore.ee\/en\/toode\/be-active-red-velvet-blackcurrant-almond-raw-bar-16pc\/#breadcrumb"},"inLanguage":"en-US","potentialAction":[{"@type":"ReadAction","target":["https:\/\/prelive.bemore.ee\/en\/toode\/be-active-red-velvet-blackcurrant-almond-raw-bar-16pc\/"]}]},{"@type":"ImageObject","inLanguage":"en-US","@id":"https:\/\/prelive.bemore.ee\/en\/toode\/be-active-red-velvet-blackcurrant-almond-raw-bar-16pc\/#primaryimage","url":"https:\/\/prelive.bemore.ee\/wp-content\/uploads\/2021\/08\/BeActive-1.jpg","contentUrl":"https:\/\/prelive.bemore.ee\/wp-content\/uploads\/2021\/08\/BeActive-1.jpg","width":1500,"height":1500},{"@type":"BreadcrumbList","@id":"https:\/\/prelive.bemore.ee\/en\/toode\/be-active-red-velvet-blackcurrant-almond-raw-bar-16pc\/#breadcrumb","itemListElement":[{"@type":"ListItem","position":1,"name":"Shop","item":"https:\/\/prelive.bemore.ee\/en\/shop\/"},{"@type":"ListItem","position":2,"name":"Be Active Red Velvet blackcurrant-almond raw bar &#8211; 16pc"}]},{"@type":"WebSite","@id":"https:\/\/prelive.bemore.ee\/#website","url":"https:\/\/prelive.bemore.ee\/","name":"Be More","description":"Supertoidud Sinu igap\u00e4evaellu!","potentialAction":[{"@type":"SearchAction","target":{"@type":"EntryPoint","urlTemplate":"https:\/\/prelive.bemore.ee\/?s={search_term_string}"},"query-input":{"@type":"PropertyValueSpecification","valueRequired":true,"valueName":"search_term_string"}}],"inLanguage":"en-US"}]}},"_links":{"self":[{"href":"https:\/\/prelive.bemore.ee\/en\/wp-json\/wp\/v2\/product\/116139","targetHints":{"allow":["GET"]}}],"collection":[{"href":"https:\/\/prelive.bemore.ee\/en\/wp-json\/wp\/v2\/product"}],"about":[{"href":"https:\/\/prelive.bemore.ee\/en\/wp-json\/wp\/v2\/types\/product"}],"replies":[{"embeddable":true,"href":"https:\/\/prelive.bemore.ee\/en\/wp-json\/wp\/v2\/comments?post=116139"}],"wp:featuredmedia":[{"embeddable":true,"href":"https:\/\/prelive.bemore.ee\/en\/wp-json\/wp\/v2\/media\/115639"}],"wp:attachment":[{"href":"https:\/\/prelive.bemore.ee\/en\/wp-json\/wp\/v2\/media?parent=116139"}],"wp:term":[{"taxonomy":"product_brand","embeddable":true,"href":"https:\/\/prelive.bemore.ee\/en\/wp-json\/wp\/v2\/product_brand?post=116139"},{"taxonomy":"product_cat","embeddable":true,"href":"https:\/\/prelive.bemore.ee\/en\/wp-json\/wp\/v2\/product_cat?post=116139"},{"taxonomy":"product_tag","embeddable":true,"href":"https:\/\/prelive.bemore.ee\/en\/wp-json\/wp\/v2\/product_tag?post=116139"}],"curies":[{"name":"wp","href":"https:\/\/api.w.org\/{rel}","templated":true}]}}