{"id":116138,"date":"2019-08-28T15:28:41","date_gmt":"2019-08-28T15:30:25","guid":{"rendered":"https:\/\/prelive.bemore.ee\/product\/tea-combo-i-want-it-all\/"},"modified":"2022-07-18T00:09:06","modified_gmt":"2022-07-17T21:09:06","slug":"tea-combo-i-want-it-all","status":"publish","type":"product","link":"https:\/\/prelive.bemore.ee\/en\/toode\/tea-combo-i-want-it-all\/","title":{"rendered":"Tea combo: I want it all!"},"content":{"rendered":"<h4>Tea Combo: &#8220;I Want It All!&#8221; contains 4 Premium Be More Superfoods loose teas: Detox, Be Beautiful, Be Active and Be Sleepy! All to help you in your daily life and to Be Bore!<\/h4>\n<p>The Tea Combo &#8220;I Want It All!&#8221; contains four products that combine in a total of almost 20 different, powerful and tasty superfoods that adds many different options to your tea-drinking rituals as well with many beneficial properties.<\/p>\n<p>If you want to support your metabolic processes or reduce your bloating, give a chance to a cup of Detox. If you want to support your inner beauty as well as your external beauty, a cup of Be Beautiful tea is ideal for that. With an exhausting and busy day, you can keep your mind and spirit fresh with the Be Active tea. Or, if you have anxiety in the evening and the stress does not let you rest enough, soothe your body and mind with Be Sleepy tea and good quality sleep is guaranteed!<\/p>\n<p>Did you know that tea is the most drinkable drink in the world besides water? If you haven&#8217;t started tea consumption yet, be sure to try and find your favorite and get all the good things that tea has to offer to you in addition to a good taste!<\/p>\n<h4><strong>What does this combo consist of?<\/strong><\/h4>\n<p>This combo consists of 4 different loose teas and we&#8217;ve listed all the ingredients below.<\/p>\n<p>Detox ingredients: Lemongrass, Freeze-Dried Apples, Yerba Mate (Ilex Paraguariensis), Red Clover, Fennel Seeds, Chicory Root, Green Rooibos, Peppermint Leaves.<\/p>\n<p>Be Beautiful ingredients: Freeze-Dried Raspberries, Raspberry Leaves, Freeze-Dried Apples, Melissa, Moringa, Green Rooibos, Peppermint Leaves.<\/p>\n<p>Be Active ingredients: Freeze-Dried Blackcurrants, Blueberry Leaves, Black Currant Leaves, Hibiscus, Peppermint Leaves.<\/p>\n<p><strong>Be Sleepy ingredients:<\/strong> Chamomile, Melissa, Ginger, Peppermint Leaves, Freeze-Dried Cherries.<\/p>\n<p>To find out more about each ingredient press the \u2018Ingredients\u2019 tab on the side of the page.<\/p>\n<h4><strong>How to use it?<\/strong><\/h4>\n<p>For hot tea, add 2 teaspoons to a teacup, pour 200ml ~ 80-85\u02da water and let it brew for ~ 5 minutes.<\/p>\n<p>For iced tea, add 3 teaspoons to a teacup, pour 250ml ~ 80-85\u02da water and let it brew for ~ 30 minutes. Serve with lots of ice!<\/p>\n<h4><strong>Serving size:<\/strong><\/h4>\n<p>For hot tea, add 2 teaspoons to a teacup, ~ 2 grams. For iced tea, add 3 teaspoons to a teacup, ~ 3 grams.<\/p>\n<h4><strong>Servings per package:<\/strong><\/h4>\n<p>Each 36g package contains up to 18 servings, depending on portion size, in total up to 72 cups of tea.<\/p>\n<h4><strong>Storage conditions<\/strong><\/h4>\n<p>Store at room temperature, keep away from direct sunlight if possible.<\/p>\n<h4><strong>What does the teas taste like?<\/strong><\/h4>\n<p><strong>Detox: <\/strong>Detox has a refreshing lemony flavor and aroma, imparted by the depth of Yerba Mate and the sweetness of a freeze-dried apple.<\/p>\n<p><strong>Be Beautiful: <\/strong>Be Beautiful has a pleasingly tasty raspberry flavor, complemented by melissa, rooibos and freshness by the mint.<\/p>\n<p><strong>Be Active:<\/strong> Be Active has a sour blackcurrant flavor, that is freshened up by amazing minty aftertaste.<\/p>\n<p><strong>Be Sleepy: <\/strong>Be Sleepy has a pleasant chamomile flavor with a small hint of melissa and slightly spicy ginger.<\/p>\n","protected":false},"excerpt":{"rendered":"<h3>A perfect combo for the biggest tea lovers &#8211; enrich your daily life in every moment with just the right cup of tea.<\/h3>\n<ul>\n<li>4 different flavors and benefits.<\/li>\n<li><strong>100% natural<\/strong><\/li>\n<li>Contains no added sugars or sweeteners<\/li>\n<li>Nearly 20 different superfoods!<\/li>\n<li>With the combo, you get an average of 72 teas!<\/li>\n<li>Unique package, that is perfect for a gift &#8211; matte finish with silver foil!<\/li>\n<li><strong>Produced in Estonia<\/strong><\/li>\n<\/ul>\n","protected":false},"featured_media":115637,"comment_status":"open","ping_status":"closed","template":"","meta":[],"product_brand":[],"product_cat":[537,332,335],"product_tag":[],"class_list":{"0":"post-116138","1":"product","2":"type-product","3":"status-publish","4":"has-post-thumbnail","6":"product_cat-be-healthy","7":"product_cat-combo-deals","8":"product_cat-teas","10":"first","11":"instock","12":"sale","13":"taxable","14":"shipping-taxable","15":"purchasable","16":"product-type-bundle"},"bundle_layout":"default","bundled_by":[],"bundled_items":[{"bundled_item_id":861,"product_id":116135,"menu_order":0,"quantity_min":1,"quantity_max":1,"priced_individually":false,"shipped_individually":false,"override_title":false,"title":"Detox loose tea","override_description":false,"description":"Detox loose tea","optional":false,"hide_thumbnail":false,"discount":"","override_variations":false,"allowed_variations":[""],"override_default_variation_attributes":false,"default_variation_attributes":[],"single_product_visibility":"hidden","cart_visibility":"visible","order_visibility":"visible","single_product_price_visibility":"visible","cart_price_visibility":"visible","order_price_visibility":"visible","stock_status":"in_stock"},{"bundled_item_id":1107,"product_id":116137,"menu_order":1,"quantity_min":1,"quantity_max":1,"priced_individually":false,"shipped_individually":false,"override_title":false,"title":"Be Beautiful loose tea","override_description":false,"description":"Be Beautiful loose tea","optional":false,"hide_thumbnail":false,"discount":"","override_variations":false,"allowed_variations":[""],"override_default_variation_attributes":false,"default_variation_attributes":[],"single_product_visibility":"hidden","cart_visibility":"visible","order_visibility":"visible","single_product_price_visibility":"visible","cart_price_visibility":"visible","order_price_visibility":"visible","stock_status":"in_stock"},{"bundled_item_id":1108,"product_id":116136,"menu_order":2,"quantity_min":1,"quantity_max":1,"priced_individually":false,"shipped_individually":false,"override_title":false,"title":"Be Active loose tea","override_description":false,"description":"Be Active loose tea","optional":false,"hide_thumbnail":false,"discount":"","override_variations":false,"allowed_variations":[""],"override_default_variation_attributes":false,"default_variation_attributes":[],"single_product_visibility":"hidden","cart_visibility":"visible","order_visibility":"visible","single_product_price_visibility":"visible","cart_price_visibility":"visible","order_price_visibility":"visible","stock_status":"in_stock"},{"bundled_item_id":1128,"product_id":116134,"menu_order":3,"quantity_min":1,"quantity_max":1,"priced_individually":false,"shipped_individually":false,"override_title":false,"title":"Be Sleepy loose tea","override_description":false,"description":"Be Sleepy loose tea","optional":false,"hide_thumbnail":false,"discount":"","override_variations":false,"allowed_variations":[""],"override_default_variation_attributes":false,"default_variation_attributes":[],"single_product_visibility":"visible","cart_visibility":"visible","order_visibility":"visible","single_product_price_visibility":"visible","cart_price_visibility":"visible","order_price_visibility":"visible","stock_status":"in_stock"}],"yoast_head":"<!-- This site is optimized with the Yoast SEO plugin v27.4 - https:\/\/yoast.com\/product\/yoast-seo-wordpress\/ -->\n<title>Tea combo: I want it all! - Be More<\/title>\n<meta name=\"description\" content=\"Be More supertoidusegud, teed, toorbatoonid ja toidulisandid on v\u00e4lja t\u00f6\u00f6tatud, et saaksid olla igap\u00e4evaselt parim versioon iseendast.\" \/>\n<meta name=\"robots\" content=\"noindex, follow, max-snippet:-1, max-image-preview:large, max-video-preview:-1\" \/>\n<meta property=\"og:locale\" content=\"en_US\" \/>\n<meta property=\"og:type\" content=\"article\" \/>\n<meta property=\"og:title\" content=\"Tea combo: I want it all! - Be More\" \/>\n<meta property=\"og:description\" content=\"Be More supertoidusegud, teed, toorbatoonid ja toidulisandid on v\u00e4lja t\u00f6\u00f6tatud, et saaksid olla igap\u00e4evaselt parim versioon iseendast.\" \/>\n<meta property=\"og:url\" content=\"https:\/\/prelive.bemore.ee\/en\/toode\/tea-combo-i-want-it-all\/\" \/>\n<meta property=\"og:site_name\" content=\"Be More\" \/>\n<meta property=\"article:modified_time\" content=\"2022-07-17T21:09:06+00:00\" \/>\n<meta property=\"og:image\" content=\"https:\/\/prelive.bemore.ee\/wp-content\/uploads\/2021\/08\/combo-2.jpg\" \/>\n\t<meta property=\"og:image:width\" content=\"1500\" \/>\n\t<meta property=\"og:image:height\" content=\"1500\" \/>\n\t<meta property=\"og:image:type\" content=\"image\/jpeg\" \/>\n<meta name=\"twitter:card\" content=\"summary_large_image\" \/>\n<meta name=\"twitter:label1\" content=\"Est. reading time\" \/>\n\t<meta name=\"twitter:data1\" content=\"3 minutes\" \/>\n<script type=\"application\/ld+json\" class=\"yoast-schema-graph\">{\"@context\":\"https:\\\/\\\/schema.org\",\"@graph\":[{\"@type\":\"WebPage\",\"@id\":\"https:\\\/\\\/prelive.bemore.ee\\\/en\\\/toode\\\/tea-combo-i-want-it-all\\\/\",\"url\":\"https:\\\/\\\/prelive.bemore.ee\\\/en\\\/toode\\\/tea-combo-i-want-it-all\\\/\",\"name\":\"Tea combo: I want it all! - Be More\",\"isPartOf\":{\"@id\":\"https:\\\/\\\/prelive.bemore.ee\\\/#website\"},\"primaryImageOfPage\":{\"@id\":\"https:\\\/\\\/prelive.bemore.ee\\\/en\\\/toode\\\/tea-combo-i-want-it-all\\\/#primaryimage\"},\"image\":{\"@id\":\"https:\\\/\\\/prelive.bemore.ee\\\/en\\\/toode\\\/tea-combo-i-want-it-all\\\/#primaryimage\"},\"thumbnailUrl\":\"https:\\\/\\\/prelive.bemore.ee\\\/wp-content\\\/uploads\\\/2021\\\/08\\\/combo-2.jpg\",\"datePublished\":\"2019-08-28T15:30:25+00:00\",\"dateModified\":\"2022-07-17T21:09:06+00:00\",\"description\":\"Be More supertoidusegud, teed, toorbatoonid ja toidulisandid on v\u00e4lja t\u00f6\u00f6tatud, et saaksid olla igap\u00e4evaselt parim versioon iseendast.\",\"breadcrumb\":{\"@id\":\"https:\\\/\\\/prelive.bemore.ee\\\/en\\\/toode\\\/tea-combo-i-want-it-all\\\/#breadcrumb\"},\"inLanguage\":\"en-US\",\"potentialAction\":[{\"@type\":\"ReadAction\",\"target\":[\"https:\\\/\\\/prelive.bemore.ee\\\/en\\\/toode\\\/tea-combo-i-want-it-all\\\/\"]}]},{\"@type\":\"ImageObject\",\"inLanguage\":\"en-US\",\"@id\":\"https:\\\/\\\/prelive.bemore.ee\\\/en\\\/toode\\\/tea-combo-i-want-it-all\\\/#primaryimage\",\"url\":\"https:\\\/\\\/prelive.bemore.ee\\\/wp-content\\\/uploads\\\/2021\\\/08\\\/combo-2.jpg\",\"contentUrl\":\"https:\\\/\\\/prelive.bemore.ee\\\/wp-content\\\/uploads\\\/2021\\\/08\\\/combo-2.jpg\",\"width\":1500,\"height\":1500},{\"@type\":\"BreadcrumbList\",\"@id\":\"https:\\\/\\\/prelive.bemore.ee\\\/en\\\/toode\\\/tea-combo-i-want-it-all\\\/#breadcrumb\",\"itemListElement\":[{\"@type\":\"ListItem\",\"position\":1,\"name\":\"Shop\",\"item\":\"https:\\\/\\\/prelive.bemore.ee\\\/en\\\/shop\\\/\"},{\"@type\":\"ListItem\",\"position\":2,\"name\":\"Tea combo: I want it all!\"}]},{\"@type\":\"WebSite\",\"@id\":\"https:\\\/\\\/prelive.bemore.ee\\\/#website\",\"url\":\"https:\\\/\\\/prelive.bemore.ee\\\/\",\"name\":\"Be More\",\"description\":\"Supertoidud Sinu igap\u00e4evaellu!\",\"potentialAction\":[{\"@type\":\"SearchAction\",\"target\":{\"@type\":\"EntryPoint\",\"urlTemplate\":\"https:\\\/\\\/prelive.bemore.ee\\\/?s={search_term_string}\"},\"query-input\":{\"@type\":\"PropertyValueSpecification\",\"valueRequired\":true,\"valueName\":\"search_term_string\"}}],\"inLanguage\":\"en-US\"}]}<\/script>\n<!-- \/ Yoast SEO plugin. -->","yoast_head_json":{"title":"Tea combo: I want it all! - Be More","description":"Be More supertoidusegud, teed, toorbatoonid ja toidulisandid on v\u00e4lja t\u00f6\u00f6tatud, et saaksid olla igap\u00e4evaselt parim versioon iseendast.","robots":{"index":"noindex","follow":"follow","max-snippet":"max-snippet:-1","max-image-preview":"max-image-preview:large","max-video-preview":"max-video-preview:-1"},"og_locale":"en_US","og_type":"article","og_title":"Tea combo: I want it all! - Be More","og_description":"Be More supertoidusegud, teed, toorbatoonid ja toidulisandid on v\u00e4lja t\u00f6\u00f6tatud, et saaksid olla igap\u00e4evaselt parim versioon iseendast.","og_url":"https:\/\/prelive.bemore.ee\/en\/toode\/tea-combo-i-want-it-all\/","og_site_name":"Be More","article_modified_time":"2022-07-17T21:09:06+00:00","og_image":[{"width":1500,"height":1500,"url":"https:\/\/prelive.bemore.ee\/wp-content\/uploads\/2021\/08\/combo-2.jpg","type":"image\/jpeg"}],"twitter_card":"summary_large_image","twitter_misc":{"Est. reading time":"3 minutes"},"schema":{"@context":"https:\/\/schema.org","@graph":[{"@type":"WebPage","@id":"https:\/\/prelive.bemore.ee\/en\/toode\/tea-combo-i-want-it-all\/","url":"https:\/\/prelive.bemore.ee\/en\/toode\/tea-combo-i-want-it-all\/","name":"Tea combo: I want it all! - Be More","isPartOf":{"@id":"https:\/\/prelive.bemore.ee\/#website"},"primaryImageOfPage":{"@id":"https:\/\/prelive.bemore.ee\/en\/toode\/tea-combo-i-want-it-all\/#primaryimage"},"image":{"@id":"https:\/\/prelive.bemore.ee\/en\/toode\/tea-combo-i-want-it-all\/#primaryimage"},"thumbnailUrl":"https:\/\/prelive.bemore.ee\/wp-content\/uploads\/2021\/08\/combo-2.jpg","datePublished":"2019-08-28T15:30:25+00:00","dateModified":"2022-07-17T21:09:06+00:00","description":"Be More supertoidusegud, teed, toorbatoonid ja toidulisandid on v\u00e4lja t\u00f6\u00f6tatud, et saaksid olla igap\u00e4evaselt parim versioon iseendast.","breadcrumb":{"@id":"https:\/\/prelive.bemore.ee\/en\/toode\/tea-combo-i-want-it-all\/#breadcrumb"},"inLanguage":"en-US","potentialAction":[{"@type":"ReadAction","target":["https:\/\/prelive.bemore.ee\/en\/toode\/tea-combo-i-want-it-all\/"]}]},{"@type":"ImageObject","inLanguage":"en-US","@id":"https:\/\/prelive.bemore.ee\/en\/toode\/tea-combo-i-want-it-all\/#primaryimage","url":"https:\/\/prelive.bemore.ee\/wp-content\/uploads\/2021\/08\/combo-2.jpg","contentUrl":"https:\/\/prelive.bemore.ee\/wp-content\/uploads\/2021\/08\/combo-2.jpg","width":1500,"height":1500},{"@type":"BreadcrumbList","@id":"https:\/\/prelive.bemore.ee\/en\/toode\/tea-combo-i-want-it-all\/#breadcrumb","itemListElement":[{"@type":"ListItem","position":1,"name":"Shop","item":"https:\/\/prelive.bemore.ee\/en\/shop\/"},{"@type":"ListItem","position":2,"name":"Tea combo: I want it all!"}]},{"@type":"WebSite","@id":"https:\/\/prelive.bemore.ee\/#website","url":"https:\/\/prelive.bemore.ee\/","name":"Be More","description":"Supertoidud Sinu igap\u00e4evaellu!","potentialAction":[{"@type":"SearchAction","target":{"@type":"EntryPoint","urlTemplate":"https:\/\/prelive.bemore.ee\/?s={search_term_string}"},"query-input":{"@type":"PropertyValueSpecification","valueRequired":true,"valueName":"search_term_string"}}],"inLanguage":"en-US"}]}},"_links":{"self":[{"href":"https:\/\/prelive.bemore.ee\/en\/wp-json\/wp\/v2\/product\/116138","targetHints":{"allow":["GET"]}}],"collection":[{"href":"https:\/\/prelive.bemore.ee\/en\/wp-json\/wp\/v2\/product"}],"about":[{"href":"https:\/\/prelive.bemore.ee\/en\/wp-json\/wp\/v2\/types\/product"}],"replies":[{"embeddable":true,"href":"https:\/\/prelive.bemore.ee\/en\/wp-json\/wp\/v2\/comments?post=116138"}],"wp:featuredmedia":[{"embeddable":true,"href":"https:\/\/prelive.bemore.ee\/en\/wp-json\/wp\/v2\/media\/115637"}],"wp:attachment":[{"href":"https:\/\/prelive.bemore.ee\/en\/wp-json\/wp\/v2\/media?parent=116138"}],"wp:term":[{"taxonomy":"product_brand","embeddable":true,"href":"https:\/\/prelive.bemore.ee\/en\/wp-json\/wp\/v2\/product_brand?post=116138"},{"taxonomy":"product_cat","embeddable":true,"href":"https:\/\/prelive.bemore.ee\/en\/wp-json\/wp\/v2\/product_cat?post=116138"},{"taxonomy":"product_tag","embeddable":true,"href":"https:\/\/prelive.bemore.ee\/en\/wp-json\/wp\/v2\/product_tag?post=116138"}],"curies":[{"name":"wp","href":"https:\/\/api.w.org\/{rel}","templated":true}]}}