{"id":116094,"date":"2019-03-22T11:20:18","date_gmt":"2019-03-22T11:44:15","guid":{"rendered":"https:\/\/prelive.bemore.ee\/product\/im-a-teaholic-combo\/"},"modified":"2022-07-18T00:09:06","modified_gmt":"2022-07-17T21:09:06","slug":"im-a-teaholic-combo","status":"publish","type":"product","link":"https:\/\/prelive.bemore.ee\/en\/toode\/im-a-teaholic-combo\/","title":{"rendered":"I\u00b4m a teaholic combo"},"content":{"rendered":"<p><strong>Be Slim is a\u00a0<em>supertea<\/em> &#8211; it has the combined health benefits and strength of yerba mate and lemongrass!<\/strong><\/p>\n<p>Be Slim tea is a combination of Yerba mate and lemongrass. Yerba mate is made from the dried leaves of\u00a0 <em>Ilex paraguariensis<\/em> &#8211; a\u00a0native plant of\u00a0South America and that&#8217;s gaining worldwide popularity because of the\u00a0way it improves how people\u00a0feel.\u00a0 It\u2019s said that it has the strength of coffee, the health benefits of tea, and the joy of chocolate. Lemongrass has a strong and pleasant flavour and taste which is very similar to lemons&#8217;. Lemongrass is known for improving metabolism.<\/p>\n<h4><strong>How to use: <\/strong><\/h4>\n<p>Use a tea-strainer and wait 4-5 min. The ideal brewing temperature is approximately 77\u00b0C; using boiling water will produce a bitter beverage.<\/p>\n<h4><b>Storage conditions:<\/b><\/h4>\n<p>Store at room temperature, keep away from direct sunlight if possible. After each use seal it carefully.<\/p>\n<h4><strong>How do the teas taste like?<\/strong><\/h4>\n<p>Yerba Mate taste reminds of green tea, Be Slim taste reminds of green tea with a lemon slice. The longer you keep leaves in hot water, the stronger the taste.<\/p>\n<h4><strong>Ingredients:<\/strong><\/h4>\n<p>Be Slim: Yerba Mate dried leaves and dried lemongrass.<\/p>\n<p>Yerba Mate: Yerba Mate dried leaves.<\/p>\n<h4><b>More info:<\/b><\/h4>\n<p>If you want to get acquainted with the macronutrients contained in the product, click on the &#8220;Nutritional value&#8221; tab.<\/p>\n<p>NB! This product does not replace the versatile and balanced diet and healthy lifestyle.<\/p>\n","protected":false},"excerpt":{"rendered":"<p><strong>Two teas, both of them contribute to boost normal metabolism and fight fatigue and exhaustion.<\/strong><\/p>\n<ul>\n<li>Boosts metabolism<\/li>\n<li>More <strong>a<\/strong>ntioxidants than any other green tea<\/li>\n<li>Does not contain added sugars or sweeteners<\/li>\n<li><strong>100% natural<\/strong><\/li>\n<\/ul>\n","protected":false},"featured_media":115486,"comment_status":"open","ping_status":"closed","template":"","meta":[],"product_brand":[],"product_cat":[530,332,335],"product_tag":[],"class_list":{"0":"post-116094","1":"product","2":"type-product","3":"status-publish","4":"has-post-thumbnail","6":"product_cat-be-green","7":"product_cat-combo-deals","8":"product_cat-teas","10":"first","11":"instock","12":"sale","13":"taxable","14":"shipping-taxable","15":"purchasable","16":"product-type-bundle"},"bundle_layout":"default","bundled_by":[],"bundled_items":[{"bundled_item_id":1091,"product_id":116075,"menu_order":0,"quantity_min":1,"quantity_max":1,"priced_individually":false,"shipped_individually":false,"override_title":false,"title":"Be Slim tea, 50g","override_description":false,"description":"Be Slim tea, 50g","optional":false,"hide_thumbnail":false,"discount":"","override_variations":false,"allowed_variations":[""],"override_default_variation_attributes":false,"default_variation_attributes":[],"single_product_visibility":"visible","cart_visibility":"visible","order_visibility":"visible","single_product_price_visibility":"visible","cart_price_visibility":"visible","order_price_visibility":"visible","stock_status":"in_stock"},{"bundled_item_id":1092,"product_id":116145,"menu_order":1,"quantity_min":1,"quantity_max":1,"priced_individually":false,"shipped_individually":false,"override_title":false,"title":"Yerba mate tea, 50g","override_description":false,"description":"Yerba mate tea, 50g","optional":false,"hide_thumbnail":false,"discount":"","override_variations":false,"allowed_variations":[""],"override_default_variation_attributes":false,"default_variation_attributes":[],"single_product_visibility":"visible","cart_visibility":"visible","order_visibility":"visible","single_product_price_visibility":"visible","cart_price_visibility":"visible","order_price_visibility":"visible","stock_status":"in_stock"}],"yoast_head":"<!-- This site is optimized with the Yoast SEO plugin v27.4 - https:\/\/yoast.com\/product\/yoast-seo-wordpress\/ -->\n<title>I\u00b4m a teaholic combo - Be More<\/title>\n<meta name=\"description\" content=\"Be More supertoidusegud, teed, toorbatoonid ja toidulisandid on v\u00e4lja t\u00f6\u00f6tatud, et saaksid olla igap\u00e4evaselt parim versioon iseendast.\" \/>\n<meta name=\"robots\" content=\"noindex, follow, max-snippet:-1, max-image-preview:large, max-video-preview:-1\" \/>\n<meta property=\"og:locale\" content=\"en_US\" \/>\n<meta property=\"og:type\" content=\"article\" \/>\n<meta property=\"og:title\" content=\"I\u00b4m a teaholic combo - Be More\" \/>\n<meta property=\"og:description\" content=\"Be More supertoidusegud, teed, toorbatoonid ja toidulisandid on v\u00e4lja t\u00f6\u00f6tatud, et saaksid olla igap\u00e4evaselt parim versioon iseendast.\" \/>\n<meta property=\"og:url\" content=\"https:\/\/prelive.bemore.ee\/en\/toode\/im-a-teaholic-combo\/\" \/>\n<meta property=\"og:site_name\" content=\"Be More\" \/>\n<meta property=\"article:modified_time\" content=\"2022-07-17T21:09:06+00:00\" \/>\n<meta property=\"og:image\" content=\"https:\/\/prelive.bemore.ee\/wp-content\/uploads\/2021\/08\/teed.jpg\" \/>\n\t<meta property=\"og:image:width\" content=\"1500\" \/>\n\t<meta property=\"og:image:height\" content=\"1500\" \/>\n\t<meta property=\"og:image:type\" content=\"image\/jpeg\" \/>\n<meta name=\"twitter:card\" content=\"summary_large_image\" \/>\n<meta name=\"twitter:label1\" content=\"Est. reading time\" \/>\n\t<meta name=\"twitter:data1\" content=\"2 minutes\" \/>\n<script type=\"application\/ld+json\" class=\"yoast-schema-graph\">{\"@context\":\"https:\\\/\\\/schema.org\",\"@graph\":[{\"@type\":\"WebPage\",\"@id\":\"https:\\\/\\\/prelive.bemore.ee\\\/en\\\/toode\\\/im-a-teaholic-combo\\\/\",\"url\":\"https:\\\/\\\/prelive.bemore.ee\\\/en\\\/toode\\\/im-a-teaholic-combo\\\/\",\"name\":\"I\u00b4m a teaholic combo - Be More\",\"isPartOf\":{\"@id\":\"https:\\\/\\\/prelive.bemore.ee\\\/#website\"},\"primaryImageOfPage\":{\"@id\":\"https:\\\/\\\/prelive.bemore.ee\\\/en\\\/toode\\\/im-a-teaholic-combo\\\/#primaryimage\"},\"image\":{\"@id\":\"https:\\\/\\\/prelive.bemore.ee\\\/en\\\/toode\\\/im-a-teaholic-combo\\\/#primaryimage\"},\"thumbnailUrl\":\"https:\\\/\\\/prelive.bemore.ee\\\/wp-content\\\/uploads\\\/2021\\\/08\\\/teed.jpg\",\"datePublished\":\"2019-03-22T11:44:15+00:00\",\"dateModified\":\"2022-07-17T21:09:06+00:00\",\"description\":\"Be More supertoidusegud, teed, toorbatoonid ja toidulisandid on v\u00e4lja t\u00f6\u00f6tatud, et saaksid olla igap\u00e4evaselt parim versioon iseendast.\",\"breadcrumb\":{\"@id\":\"https:\\\/\\\/prelive.bemore.ee\\\/en\\\/toode\\\/im-a-teaholic-combo\\\/#breadcrumb\"},\"inLanguage\":\"en-US\",\"potentialAction\":[{\"@type\":\"ReadAction\",\"target\":[\"https:\\\/\\\/prelive.bemore.ee\\\/en\\\/toode\\\/im-a-teaholic-combo\\\/\"]}]},{\"@type\":\"ImageObject\",\"inLanguage\":\"en-US\",\"@id\":\"https:\\\/\\\/prelive.bemore.ee\\\/en\\\/toode\\\/im-a-teaholic-combo\\\/#primaryimage\",\"url\":\"https:\\\/\\\/prelive.bemore.ee\\\/wp-content\\\/uploads\\\/2021\\\/08\\\/teed.jpg\",\"contentUrl\":\"https:\\\/\\\/prelive.bemore.ee\\\/wp-content\\\/uploads\\\/2021\\\/08\\\/teed.jpg\",\"width\":1500,\"height\":1500},{\"@type\":\"BreadcrumbList\",\"@id\":\"https:\\\/\\\/prelive.bemore.ee\\\/en\\\/toode\\\/im-a-teaholic-combo\\\/#breadcrumb\",\"itemListElement\":[{\"@type\":\"ListItem\",\"position\":1,\"name\":\"Shop\",\"item\":\"https:\\\/\\\/prelive.bemore.ee\\\/en\\\/shop\\\/\"},{\"@type\":\"ListItem\",\"position\":2,\"name\":\"I\u00b4m a teaholic combo\"}]},{\"@type\":\"WebSite\",\"@id\":\"https:\\\/\\\/prelive.bemore.ee\\\/#website\",\"url\":\"https:\\\/\\\/prelive.bemore.ee\\\/\",\"name\":\"Be More\",\"description\":\"Supertoidud Sinu igap\u00e4evaellu!\",\"potentialAction\":[{\"@type\":\"SearchAction\",\"target\":{\"@type\":\"EntryPoint\",\"urlTemplate\":\"https:\\\/\\\/prelive.bemore.ee\\\/?s={search_term_string}\"},\"query-input\":{\"@type\":\"PropertyValueSpecification\",\"valueRequired\":true,\"valueName\":\"search_term_string\"}}],\"inLanguage\":\"en-US\"}]}<\/script>\n<!-- \/ Yoast SEO plugin. -->","yoast_head_json":{"title":"I\u00b4m a teaholic combo - Be More","description":"Be More supertoidusegud, teed, toorbatoonid ja toidulisandid on v\u00e4lja t\u00f6\u00f6tatud, et saaksid olla igap\u00e4evaselt parim versioon iseendast.","robots":{"index":"noindex","follow":"follow","max-snippet":"max-snippet:-1","max-image-preview":"max-image-preview:large","max-video-preview":"max-video-preview:-1"},"og_locale":"en_US","og_type":"article","og_title":"I\u00b4m a teaholic combo - Be More","og_description":"Be More supertoidusegud, teed, toorbatoonid ja toidulisandid on v\u00e4lja t\u00f6\u00f6tatud, et saaksid olla igap\u00e4evaselt parim versioon iseendast.","og_url":"https:\/\/prelive.bemore.ee\/en\/toode\/im-a-teaholic-combo\/","og_site_name":"Be More","article_modified_time":"2022-07-17T21:09:06+00:00","og_image":[{"width":1500,"height":1500,"url":"https:\/\/prelive.bemore.ee\/wp-content\/uploads\/2021\/08\/teed.jpg","type":"image\/jpeg"}],"twitter_card":"summary_large_image","twitter_misc":{"Est. reading time":"2 minutes"},"schema":{"@context":"https:\/\/schema.org","@graph":[{"@type":"WebPage","@id":"https:\/\/prelive.bemore.ee\/en\/toode\/im-a-teaholic-combo\/","url":"https:\/\/prelive.bemore.ee\/en\/toode\/im-a-teaholic-combo\/","name":"I\u00b4m a teaholic combo - Be More","isPartOf":{"@id":"https:\/\/prelive.bemore.ee\/#website"},"primaryImageOfPage":{"@id":"https:\/\/prelive.bemore.ee\/en\/toode\/im-a-teaholic-combo\/#primaryimage"},"image":{"@id":"https:\/\/prelive.bemore.ee\/en\/toode\/im-a-teaholic-combo\/#primaryimage"},"thumbnailUrl":"https:\/\/prelive.bemore.ee\/wp-content\/uploads\/2021\/08\/teed.jpg","datePublished":"2019-03-22T11:44:15+00:00","dateModified":"2022-07-17T21:09:06+00:00","description":"Be More supertoidusegud, teed, toorbatoonid ja toidulisandid on v\u00e4lja t\u00f6\u00f6tatud, et saaksid olla igap\u00e4evaselt parim versioon iseendast.","breadcrumb":{"@id":"https:\/\/prelive.bemore.ee\/en\/toode\/im-a-teaholic-combo\/#breadcrumb"},"inLanguage":"en-US","potentialAction":[{"@type":"ReadAction","target":["https:\/\/prelive.bemore.ee\/en\/toode\/im-a-teaholic-combo\/"]}]},{"@type":"ImageObject","inLanguage":"en-US","@id":"https:\/\/prelive.bemore.ee\/en\/toode\/im-a-teaholic-combo\/#primaryimage","url":"https:\/\/prelive.bemore.ee\/wp-content\/uploads\/2021\/08\/teed.jpg","contentUrl":"https:\/\/prelive.bemore.ee\/wp-content\/uploads\/2021\/08\/teed.jpg","width":1500,"height":1500},{"@type":"BreadcrumbList","@id":"https:\/\/prelive.bemore.ee\/en\/toode\/im-a-teaholic-combo\/#breadcrumb","itemListElement":[{"@type":"ListItem","position":1,"name":"Shop","item":"https:\/\/prelive.bemore.ee\/en\/shop\/"},{"@type":"ListItem","position":2,"name":"I\u00b4m a teaholic combo"}]},{"@type":"WebSite","@id":"https:\/\/prelive.bemore.ee\/#website","url":"https:\/\/prelive.bemore.ee\/","name":"Be More","description":"Supertoidud Sinu igap\u00e4evaellu!","potentialAction":[{"@type":"SearchAction","target":{"@type":"EntryPoint","urlTemplate":"https:\/\/prelive.bemore.ee\/?s={search_term_string}"},"query-input":{"@type":"PropertyValueSpecification","valueRequired":true,"valueName":"search_term_string"}}],"inLanguage":"en-US"}]}},"_links":{"self":[{"href":"https:\/\/prelive.bemore.ee\/en\/wp-json\/wp\/v2\/product\/116094","targetHints":{"allow":["GET"]}}],"collection":[{"href":"https:\/\/prelive.bemore.ee\/en\/wp-json\/wp\/v2\/product"}],"about":[{"href":"https:\/\/prelive.bemore.ee\/en\/wp-json\/wp\/v2\/types\/product"}],"replies":[{"embeddable":true,"href":"https:\/\/prelive.bemore.ee\/en\/wp-json\/wp\/v2\/comments?post=116094"}],"wp:featuredmedia":[{"embeddable":true,"href":"https:\/\/prelive.bemore.ee\/en\/wp-json\/wp\/v2\/media\/115486"}],"wp:attachment":[{"href":"https:\/\/prelive.bemore.ee\/en\/wp-json\/wp\/v2\/media?parent=116094"}],"wp:term":[{"taxonomy":"product_brand","embeddable":true,"href":"https:\/\/prelive.bemore.ee\/en\/wp-json\/wp\/v2\/product_brand?post=116094"},{"taxonomy":"product_cat","embeddable":true,"href":"https:\/\/prelive.bemore.ee\/en\/wp-json\/wp\/v2\/product_cat?post=116094"},{"taxonomy":"product_tag","embeddable":true,"href":"https:\/\/prelive.bemore.ee\/en\/wp-json\/wp\/v2\/product_tag?post=116094"}],"curies":[{"name":"wp","href":"https:\/\/api.w.org\/{rel}","templated":true}]}}