{"id":116093,"date":"2019-03-22T11:24:03","date_gmt":"2019-03-22T11:44:31","guid":{"rendered":"https:\/\/prelive.bemore.ee\/product\/smoothiebowler-combo\/"},"modified":"2022-06-09T00:01:34","modified_gmt":"2022-06-08T21:01:34","slug":"smoothiebowler-combo","status":"publish","type":"product","link":"https:\/\/prelive.bemore.ee\/en\/toode\/smoothiebowler-combo\/","title":{"rendered":"Smoothiebowler combo"},"content":{"rendered":"<p>The best combo for making Your smoothies shine and pretty. If You&#8217;re a real smoothie-lover, then this combo is just perfect for You! Combo contains: <strong>chia seeds<\/strong>, <strong>raw cacao nibs<\/strong>, <strong>peeled hemp seeds<\/strong> and <strong>natural coconut bowl.<\/strong><\/p>\n<p>Add chia seeds to Your smoothie to give Your body essential fatty acids and fiber. Adding raw cacao nibs give You a good crunchy texture and it&#8217;s also high in manganese. Peeled hemp seeds are with extremely high nutritional value, they contain a lot of essential fatty acids, vitamins, minerals and also a lot of protein. These are just some of the facts that should make You think that this combo is simply incredibly good to support You and make Your smoothies even more complete!<\/p>\n<h4><strong>How to use:<\/strong><\/h4>\n<p>Mix 1 to 3 tsp to a smoothie, a porridge or to a salad. Actual portions may vary on Your personal needs.<\/p>\n<h4><b>Storage conditions:<\/b><\/h4>\n<p>Store at room temperature, keep away from direct sunlight if possible. After each use seal it carefully.<\/p>\n<h4><strong>How do they taste like?<\/strong><\/h4>\n<p>The hemp seeds\u00a0are similar to pine nuts and sunflower seeds.<\/p>\n<p>Chia seeds have a deliciously mild and light nutty flavour.<\/p>\n<p>Raw cocoa nibs are pleasantly bitter taste because it does not contain any added sweeteners. Replace it with ordinary chocolate, to give your foods and drinks a delicious taste.<\/p>\n<h4><strong>Ingredients:<\/strong><\/h4>\n<p>1x peeled hemp seeds 150gr, 1x chia seeds 200gr, 1x raw cacao nibs 150gr and 1x coconut bowl.<\/p>\n<h4><b>More info:<\/b><\/h4>\n<p>If you want to get acquainted with the macronutrients contained in the product, click on the \u201c<strong>Nutritional value<\/strong>\u201d tab.<\/p>\n<p>NB! This product does not replace a versatile and balanced diet and a healthy lifestyle.<\/p>\n","protected":false},"excerpt":{"rendered":"<p><strong>The best choice for making Your smoothies perfect. Add useful fatty acids and vitamins to your smoothies and create fantastic eye catchers.<\/strong><\/p>\n<ul>\n<li>4 different products<\/li>\n<li>Lots of vitamins, minerals and fiber<\/li>\n<li>Vegan<\/li>\n<li>100% natural<\/li>\n<li><strong>Doesn\u2019t contain any added flavour\u00a0enhancers, sweeteners\u00a0<\/strong>or<strong>\u00a0preservatives.<\/strong><\/li>\n<li>You can use them in smoothies, mueslies, salads etc.<\/li>\n<\/ul>\n","protected":false},"featured_media":118771,"comment_status":"open","ping_status":"closed","template":"","meta":[],"product_brand":[],"product_cat":[537,332],"product_tag":[],"class_list":{"0":"post-116093","1":"product","2":"type-product","3":"status-publish","4":"has-post-thumbnail","6":"product_cat-be-healthy","7":"product_cat-combo-deals","9":"first","10":"instock","11":"sale","12":"taxable","13":"shipping-taxable","14":"purchasable","15":"product-type-bundle"},"bundle_layout":"default","bundled_by":[],"bundled_items":[{"bundled_item_id":1097,"product_id":116061,"menu_order":0,"quantity_min":1,"quantity_max":1,"priced_individually":false,"shipped_individually":false,"override_title":false,"title":"Raw cacao powder, 150gr","override_description":false,"description":"Raw cacao powder, 150gr","optional":false,"hide_thumbnail":false,"discount":"","override_variations":false,"allowed_variations":[""],"override_default_variation_attributes":false,"default_variation_attributes":[],"single_product_visibility":"visible","cart_visibility":"visible","order_visibility":"visible","single_product_price_visibility":"visible","cart_price_visibility":"visible","order_price_visibility":"visible","stock_status":"in_stock"},{"bundled_item_id":1098,"product_id":116133,"menu_order":1,"quantity_min":1,"quantity_max":1,"priced_individually":false,"shipped_individually":false,"override_title":false,"title":"Raw cacao nibs, 150g","override_description":false,"description":"Raw cacao nibs, 150g","optional":false,"hide_thumbnail":false,"discount":"","override_variations":false,"allowed_variations":[""],"override_default_variation_attributes":false,"default_variation_attributes":[],"single_product_visibility":"visible","cart_visibility":"visible","order_visibility":"visible","single_product_price_visibility":"visible","cart_price_visibility":"visible","order_price_visibility":"visible","stock_status":"in_stock"},{"bundled_item_id":1099,"product_id":116070,"menu_order":2,"quantity_min":1,"quantity_max":1,"priced_individually":false,"shipped_individually":false,"override_title":false,"title":"Chia seeds, 200g","override_description":false,"description":"Chia seeds, 200g","optional":false,"hide_thumbnail":false,"discount":"","override_variations":false,"allowed_variations":[""],"override_default_variation_attributes":false,"default_variation_attributes":[],"single_product_visibility":"visible","cart_visibility":"visible","order_visibility":"visible","single_product_price_visibility":"visible","cart_price_visibility":"visible","order_price_visibility":"visible","stock_status":"in_stock"}],"yoast_head":"<!-- This site is optimized with the Yoast SEO plugin v27.4 - https:\/\/yoast.com\/product\/yoast-seo-wordpress\/ -->\n<title>Smoothiebowler combo - Be More<\/title>\n<meta name=\"description\" content=\"Be More supertoidusegud, teed, toorbatoonid ja toidulisandid on v\u00e4lja t\u00f6\u00f6tatud, et saaksid olla igap\u00e4evaselt parim versioon iseendast.\" \/>\n<meta name=\"robots\" content=\"noindex, follow, max-snippet:-1, max-image-preview:large, max-video-preview:-1\" \/>\n<meta property=\"og:locale\" content=\"en_US\" \/>\n<meta property=\"og:type\" content=\"article\" \/>\n<meta property=\"og:title\" content=\"Smoothiebowler combo - Be More\" \/>\n<meta property=\"og:description\" content=\"Be More supertoidusegud, teed, toorbatoonid ja toidulisandid on v\u00e4lja t\u00f6\u00f6tatud, et saaksid olla igap\u00e4evaselt parim versioon iseendast.\" \/>\n<meta property=\"og:url\" content=\"https:\/\/prelive.bemore.ee\/en\/toode\/smoothiebowler-combo\/\" \/>\n<meta property=\"og:site_name\" content=\"Be More\" \/>\n<meta property=\"article:modified_time\" content=\"2022-06-08T21:01:34+00:00\" \/>\n<meta property=\"og:image\" content=\"https:\/\/prelive.bemore.ee\/wp-content\/uploads\/2021\/11\/Untitled-design-21-1.jpg\" \/>\n\t<meta property=\"og:image:width\" content=\"1080\" \/>\n\t<meta property=\"og:image:height\" content=\"1080\" \/>\n\t<meta property=\"og:image:type\" content=\"image\/jpeg\" \/>\n<meta name=\"twitter:card\" content=\"summary_large_image\" \/>\n<meta name=\"twitter:label1\" content=\"Est. reading time\" \/>\n\t<meta name=\"twitter:data1\" content=\"2 minutes\" \/>\n<script type=\"application\/ld+json\" class=\"yoast-schema-graph\">{\"@context\":\"https:\\\/\\\/schema.org\",\"@graph\":[{\"@type\":\"WebPage\",\"@id\":\"https:\\\/\\\/prelive.bemore.ee\\\/en\\\/toode\\\/smoothiebowler-combo\\\/\",\"url\":\"https:\\\/\\\/prelive.bemore.ee\\\/en\\\/toode\\\/smoothiebowler-combo\\\/\",\"name\":\"Smoothiebowler combo - Be More\",\"isPartOf\":{\"@id\":\"https:\\\/\\\/prelive.bemore.ee\\\/#website\"},\"primaryImageOfPage\":{\"@id\":\"https:\\\/\\\/prelive.bemore.ee\\\/en\\\/toode\\\/smoothiebowler-combo\\\/#primaryimage\"},\"image\":{\"@id\":\"https:\\\/\\\/prelive.bemore.ee\\\/en\\\/toode\\\/smoothiebowler-combo\\\/#primaryimage\"},\"thumbnailUrl\":\"https:\\\/\\\/prelive.bemore.ee\\\/wp-content\\\/uploads\\\/2021\\\/11\\\/Untitled-design-21-1.jpg\",\"datePublished\":\"2019-03-22T11:44:31+00:00\",\"dateModified\":\"2022-06-08T21:01:34+00:00\",\"description\":\"Be More supertoidusegud, teed, toorbatoonid ja toidulisandid on v\u00e4lja t\u00f6\u00f6tatud, et saaksid olla igap\u00e4evaselt parim versioon iseendast.\",\"breadcrumb\":{\"@id\":\"https:\\\/\\\/prelive.bemore.ee\\\/en\\\/toode\\\/smoothiebowler-combo\\\/#breadcrumb\"},\"inLanguage\":\"en-US\",\"potentialAction\":[{\"@type\":\"ReadAction\",\"target\":[\"https:\\\/\\\/prelive.bemore.ee\\\/en\\\/toode\\\/smoothiebowler-combo\\\/\"]}]},{\"@type\":\"ImageObject\",\"inLanguage\":\"en-US\",\"@id\":\"https:\\\/\\\/prelive.bemore.ee\\\/en\\\/toode\\\/smoothiebowler-combo\\\/#primaryimage\",\"url\":\"https:\\\/\\\/prelive.bemore.ee\\\/wp-content\\\/uploads\\\/2021\\\/11\\\/Untitled-design-21-1.jpg\",\"contentUrl\":\"https:\\\/\\\/prelive.bemore.ee\\\/wp-content\\\/uploads\\\/2021\\\/11\\\/Untitled-design-21-1.jpg\",\"width\":1080,\"height\":1080},{\"@type\":\"BreadcrumbList\",\"@id\":\"https:\\\/\\\/prelive.bemore.ee\\\/en\\\/toode\\\/smoothiebowler-combo\\\/#breadcrumb\",\"itemListElement\":[{\"@type\":\"ListItem\",\"position\":1,\"name\":\"Shop\",\"item\":\"https:\\\/\\\/prelive.bemore.ee\\\/en\\\/shop\\\/\"},{\"@type\":\"ListItem\",\"position\":2,\"name\":\"Smoothiebowler combo\"}]},{\"@type\":\"WebSite\",\"@id\":\"https:\\\/\\\/prelive.bemore.ee\\\/#website\",\"url\":\"https:\\\/\\\/prelive.bemore.ee\\\/\",\"name\":\"Be More\",\"description\":\"Supertoidud Sinu igap\u00e4evaellu!\",\"potentialAction\":[{\"@type\":\"SearchAction\",\"target\":{\"@type\":\"EntryPoint\",\"urlTemplate\":\"https:\\\/\\\/prelive.bemore.ee\\\/?s={search_term_string}\"},\"query-input\":{\"@type\":\"PropertyValueSpecification\",\"valueRequired\":true,\"valueName\":\"search_term_string\"}}],\"inLanguage\":\"en-US\"}]}<\/script>\n<!-- \/ Yoast SEO plugin. -->","yoast_head_json":{"title":"Smoothiebowler combo - Be More","description":"Be More supertoidusegud, teed, toorbatoonid ja toidulisandid on v\u00e4lja t\u00f6\u00f6tatud, et saaksid olla igap\u00e4evaselt parim versioon iseendast.","robots":{"index":"noindex","follow":"follow","max-snippet":"max-snippet:-1","max-image-preview":"max-image-preview:large","max-video-preview":"max-video-preview:-1"},"og_locale":"en_US","og_type":"article","og_title":"Smoothiebowler combo - Be More","og_description":"Be More supertoidusegud, teed, toorbatoonid ja toidulisandid on v\u00e4lja t\u00f6\u00f6tatud, et saaksid olla igap\u00e4evaselt parim versioon iseendast.","og_url":"https:\/\/prelive.bemore.ee\/en\/toode\/smoothiebowler-combo\/","og_site_name":"Be More","article_modified_time":"2022-06-08T21:01:34+00:00","og_image":[{"width":1080,"height":1080,"url":"https:\/\/prelive.bemore.ee\/wp-content\/uploads\/2021\/11\/Untitled-design-21-1.jpg","type":"image\/jpeg"}],"twitter_card":"summary_large_image","twitter_misc":{"Est. reading time":"2 minutes"},"schema":{"@context":"https:\/\/schema.org","@graph":[{"@type":"WebPage","@id":"https:\/\/prelive.bemore.ee\/en\/toode\/smoothiebowler-combo\/","url":"https:\/\/prelive.bemore.ee\/en\/toode\/smoothiebowler-combo\/","name":"Smoothiebowler combo - Be More","isPartOf":{"@id":"https:\/\/prelive.bemore.ee\/#website"},"primaryImageOfPage":{"@id":"https:\/\/prelive.bemore.ee\/en\/toode\/smoothiebowler-combo\/#primaryimage"},"image":{"@id":"https:\/\/prelive.bemore.ee\/en\/toode\/smoothiebowler-combo\/#primaryimage"},"thumbnailUrl":"https:\/\/prelive.bemore.ee\/wp-content\/uploads\/2021\/11\/Untitled-design-21-1.jpg","datePublished":"2019-03-22T11:44:31+00:00","dateModified":"2022-06-08T21:01:34+00:00","description":"Be More supertoidusegud, teed, toorbatoonid ja toidulisandid on v\u00e4lja t\u00f6\u00f6tatud, et saaksid olla igap\u00e4evaselt parim versioon iseendast.","breadcrumb":{"@id":"https:\/\/prelive.bemore.ee\/en\/toode\/smoothiebowler-combo\/#breadcrumb"},"inLanguage":"en-US","potentialAction":[{"@type":"ReadAction","target":["https:\/\/prelive.bemore.ee\/en\/toode\/smoothiebowler-combo\/"]}]},{"@type":"ImageObject","inLanguage":"en-US","@id":"https:\/\/prelive.bemore.ee\/en\/toode\/smoothiebowler-combo\/#primaryimage","url":"https:\/\/prelive.bemore.ee\/wp-content\/uploads\/2021\/11\/Untitled-design-21-1.jpg","contentUrl":"https:\/\/prelive.bemore.ee\/wp-content\/uploads\/2021\/11\/Untitled-design-21-1.jpg","width":1080,"height":1080},{"@type":"BreadcrumbList","@id":"https:\/\/prelive.bemore.ee\/en\/toode\/smoothiebowler-combo\/#breadcrumb","itemListElement":[{"@type":"ListItem","position":1,"name":"Shop","item":"https:\/\/prelive.bemore.ee\/en\/shop\/"},{"@type":"ListItem","position":2,"name":"Smoothiebowler combo"}]},{"@type":"WebSite","@id":"https:\/\/prelive.bemore.ee\/#website","url":"https:\/\/prelive.bemore.ee\/","name":"Be More","description":"Supertoidud Sinu igap\u00e4evaellu!","potentialAction":[{"@type":"SearchAction","target":{"@type":"EntryPoint","urlTemplate":"https:\/\/prelive.bemore.ee\/?s={search_term_string}"},"query-input":{"@type":"PropertyValueSpecification","valueRequired":true,"valueName":"search_term_string"}}],"inLanguage":"en-US"}]}},"_links":{"self":[{"href":"https:\/\/prelive.bemore.ee\/en\/wp-json\/wp\/v2\/product\/116093","targetHints":{"allow":["GET"]}}],"collection":[{"href":"https:\/\/prelive.bemore.ee\/en\/wp-json\/wp\/v2\/product"}],"about":[{"href":"https:\/\/prelive.bemore.ee\/en\/wp-json\/wp\/v2\/types\/product"}],"replies":[{"embeddable":true,"href":"https:\/\/prelive.bemore.ee\/en\/wp-json\/wp\/v2\/comments?post=116093"}],"wp:featuredmedia":[{"embeddable":true,"href":"https:\/\/prelive.bemore.ee\/en\/wp-json\/wp\/v2\/media\/118771"}],"wp:attachment":[{"href":"https:\/\/prelive.bemore.ee\/en\/wp-json\/wp\/v2\/media?parent=116093"}],"wp:term":[{"taxonomy":"product_brand","embeddable":true,"href":"https:\/\/prelive.bemore.ee\/en\/wp-json\/wp\/v2\/product_brand?post=116093"},{"taxonomy":"product_cat","embeddable":true,"href":"https:\/\/prelive.bemore.ee\/en\/wp-json\/wp\/v2\/product_cat?post=116093"},{"taxonomy":"product_tag","embeddable":true,"href":"https:\/\/prelive.bemore.ee\/en\/wp-json\/wp\/v2\/product_tag?post=116093"}],"curies":[{"name":"wp","href":"https:\/\/api.w.org\/{rel}","templated":true}]}}