{"id":116063,"date":"2018-12-06T20:29:48","date_gmt":"2018-12-06T20:29:48","guid":{"rendered":"https:\/\/prelive.bemore.ee\/product\/peeled-hemp-seeds-150gr\/"},"modified":"2022-02-17T00:00:46","modified_gmt":"2022-02-16T22:00:46","slug":"peeled-hemp-seeds-150gr","status":"publish","type":"product","link":"https:\/\/prelive.bemore.ee\/en\/toode\/peeled-hemp-seeds-150gr\/","title":{"rendered":"Peeled hemp seeds, 150g"},"content":{"rendered":"<p>Hemp seeds contain the perfect amount of omega-3 and omega-6 fatty acids for humans. Hemp (<em>Cannabis sativa<\/em>) is an ancient plant which has been grown for its oil-rich seeds and durable fibre for thousands of years already. These seeds contain oil for up to 35% and have a perfect ratio (3:1) of omega-3 and omega-6 fatty acids for the human body.<\/p>\n<p>Hemp seeds contain group A and B vitamins, vitamins C, D and E, magnesium, potassium, iron, zinc, calcium, phosphorus, and other minerals. The magnesium and high-quality protein in hemp seeds help the organism to stay healthy also during intense work periods and help to maintain balance in stressful times.<\/p>\n<p>Hemp seeds are an ideal source of protein and they contain eight essential amino acids. Also, they contain the only plant-based protein which provides us with edestin and albumin \u2013 two blood proteins which help us absorb other nutrients in hemp protein powder better.<\/p>\n<h4><strong>How to use: <\/strong><\/h4>\n<p>Mix 1 to 3 tsp to a smoothie, a porridge or to a salad. Hemp seeds are a nutritious addition to every meal.<\/p>\n<h4><b>Storage conditions:<\/b><\/h4>\n<p>Store at room temperature, keep away from direct sunlight if possible. After each use seal it carefully.<\/p>\n<h4><strong>How does hemp seeds taste like?<\/strong><\/h4>\n<p>In terms of taste, the hemp seeds\u00a0are similar to pine nuts and sunflower seeds.<\/p>\n<h4><strong>Ingredients:<\/strong><\/h4>\n<p>Peeled hemp seeds.<\/p>\n<h4><b>More info:<\/b><\/h4>\n<p>If you want to get acquainted with the macronutrients contained in the product, click on the &#8220;<strong>Nutritional value<\/strong>&#8221; tab.<\/p>\n<p>NB! This product does not replace the versatile and balanced diet and healthy lifestyle.<\/p>\n","protected":false},"excerpt":{"rendered":"<h4><strong>Hemp seeds are the seeds of hemp (<em>Cannabis sativa<\/em>), which are the\u00a0very high source of essential fatty acids.<\/strong><\/h4>\n<ul>\n<li>Hemp seeds contain a lot of omega-3 and omega-6 fatty acids<\/li>\n<li>Gluten-free<\/li>\n<li>Hemp seeds contain group A and B vitamins, vitamins C, D and E, magnesium, potassium, iron, zinc, calcium, phosphorus, and other minerals<\/li>\n<li>Hemp seeds are an ideal source of protein<\/li>\n<li>They contain eight <strong>essential amino acids<\/strong><\/li>\n<li>Due to low levels of carbohydrates, they are suitable for diabetics as well<\/li>\n<li>Hemp seeds are a nutritious addition to many dishes<\/li>\n<\/ul>\n","protected":false},"featured_media":115308,"comment_status":"open","ping_status":"closed","template":"","meta":[],"product_brand":[],"product_cat":[537,334],"product_tag":[],"class_list":{"0":"post-116063","1":"product","2":"type-product","3":"status-publish","4":"has-post-thumbnail","6":"product_cat-be-healthy","7":"product_cat-superfoods","9":"first","10":"instock","11":"taxable","12":"shipping-taxable","13":"purchasable","14":"product-type-simple"},"bundle_layout":"","bundled_by":[],"bundled_items":[],"yoast_head":"<!-- This site is optimized with the Yoast SEO plugin v27.4 - https:\/\/yoast.com\/product\/yoast-seo-wordpress\/ -->\n<title>Peeled hemp seeds, 150g - Be More<\/title>\n<meta name=\"description\" content=\"Be More supertoidusegud, teed, toorbatoonid ja toidulisandid on v\u00e4lja t\u00f6\u00f6tatud, et saaksid olla igap\u00e4evaselt parim versioon iseendast.\" \/>\n<meta name=\"robots\" content=\"noindex, follow, max-snippet:-1, max-image-preview:large, max-video-preview:-1\" \/>\n<meta property=\"og:locale\" content=\"en_US\" \/>\n<meta property=\"og:type\" content=\"article\" \/>\n<meta property=\"og:title\" content=\"Peeled hemp seeds, 150g - Be More\" \/>\n<meta property=\"og:description\" content=\"Be More supertoidusegud, teed, toorbatoonid ja toidulisandid on v\u00e4lja t\u00f6\u00f6tatud, et saaksid olla igap\u00e4evaselt parim versioon iseendast.\" \/>\n<meta property=\"og:url\" content=\"https:\/\/prelive.bemore.ee\/en\/toode\/peeled-hemp-seeds-150gr\/\" \/>\n<meta property=\"og:site_name\" content=\"Be More\" \/>\n<meta property=\"article:modified_time\" content=\"2022-02-16T22:00:46+00:00\" \/>\n<meta property=\"og:image\" content=\"https:\/\/prelive.bemore.ee\/wp-content\/uploads\/2021\/08\/KanepiSeem_F.jpg\" \/>\n\t<meta property=\"og:image:width\" content=\"1500\" \/>\n\t<meta property=\"og:image:height\" content=\"1500\" \/>\n\t<meta property=\"og:image:type\" content=\"image\/jpeg\" \/>\n<meta name=\"twitter:card\" content=\"summary_large_image\" \/>\n<meta name=\"twitter:label1\" content=\"Est. reading time\" \/>\n\t<meta name=\"twitter:data1\" content=\"1 minute\" \/>\n<script type=\"application\/ld+json\" class=\"yoast-schema-graph\">{\"@context\":\"https:\\\/\\\/schema.org\",\"@graph\":[{\"@type\":\"WebPage\",\"@id\":\"https:\\\/\\\/prelive.bemore.ee\\\/en\\\/toode\\\/peeled-hemp-seeds-150gr\\\/\",\"url\":\"https:\\\/\\\/prelive.bemore.ee\\\/en\\\/toode\\\/peeled-hemp-seeds-150gr\\\/\",\"name\":\"Peeled hemp seeds, 150g - Be More\",\"isPartOf\":{\"@id\":\"https:\\\/\\\/prelive.bemore.ee\\\/#website\"},\"primaryImageOfPage\":{\"@id\":\"https:\\\/\\\/prelive.bemore.ee\\\/en\\\/toode\\\/peeled-hemp-seeds-150gr\\\/#primaryimage\"},\"image\":{\"@id\":\"https:\\\/\\\/prelive.bemore.ee\\\/en\\\/toode\\\/peeled-hemp-seeds-150gr\\\/#primaryimage\"},\"thumbnailUrl\":\"https:\\\/\\\/prelive.bemore.ee\\\/wp-content\\\/uploads\\\/2021\\\/08\\\/KanepiSeem_F.jpg\",\"datePublished\":\"2018-12-06T20:29:48+00:00\",\"dateModified\":\"2022-02-16T22:00:46+00:00\",\"description\":\"Be More supertoidusegud, teed, toorbatoonid ja toidulisandid on v\u00e4lja t\u00f6\u00f6tatud, et saaksid olla igap\u00e4evaselt parim versioon iseendast.\",\"breadcrumb\":{\"@id\":\"https:\\\/\\\/prelive.bemore.ee\\\/en\\\/toode\\\/peeled-hemp-seeds-150gr\\\/#breadcrumb\"},\"inLanguage\":\"en-US\",\"potentialAction\":[{\"@type\":\"ReadAction\",\"target\":[\"https:\\\/\\\/prelive.bemore.ee\\\/en\\\/toode\\\/peeled-hemp-seeds-150gr\\\/\"]}]},{\"@type\":\"ImageObject\",\"inLanguage\":\"en-US\",\"@id\":\"https:\\\/\\\/prelive.bemore.ee\\\/en\\\/toode\\\/peeled-hemp-seeds-150gr\\\/#primaryimage\",\"url\":\"https:\\\/\\\/prelive.bemore.ee\\\/wp-content\\\/uploads\\\/2021\\\/08\\\/KanepiSeem_F.jpg\",\"contentUrl\":\"https:\\\/\\\/prelive.bemore.ee\\\/wp-content\\\/uploads\\\/2021\\\/08\\\/KanepiSeem_F.jpg\",\"width\":1500,\"height\":1500},{\"@type\":\"BreadcrumbList\",\"@id\":\"https:\\\/\\\/prelive.bemore.ee\\\/en\\\/toode\\\/peeled-hemp-seeds-150gr\\\/#breadcrumb\",\"itemListElement\":[{\"@type\":\"ListItem\",\"position\":1,\"name\":\"Shop\",\"item\":\"https:\\\/\\\/prelive.bemore.ee\\\/en\\\/shop\\\/\"},{\"@type\":\"ListItem\",\"position\":2,\"name\":\"Peeled hemp seeds, 150g\"}]},{\"@type\":\"WebSite\",\"@id\":\"https:\\\/\\\/prelive.bemore.ee\\\/#website\",\"url\":\"https:\\\/\\\/prelive.bemore.ee\\\/\",\"name\":\"Be More\",\"description\":\"Supertoidud Sinu igap\u00e4evaellu!\",\"potentialAction\":[{\"@type\":\"SearchAction\",\"target\":{\"@type\":\"EntryPoint\",\"urlTemplate\":\"https:\\\/\\\/prelive.bemore.ee\\\/?s={search_term_string}\"},\"query-input\":{\"@type\":\"PropertyValueSpecification\",\"valueRequired\":true,\"valueName\":\"search_term_string\"}}],\"inLanguage\":\"en-US\"}]}<\/script>\n<!-- \/ Yoast SEO plugin. -->","yoast_head_json":{"title":"Peeled hemp seeds, 150g - Be More","description":"Be More supertoidusegud, teed, toorbatoonid ja toidulisandid on v\u00e4lja t\u00f6\u00f6tatud, et saaksid olla igap\u00e4evaselt parim versioon iseendast.","robots":{"index":"noindex","follow":"follow","max-snippet":"max-snippet:-1","max-image-preview":"max-image-preview:large","max-video-preview":"max-video-preview:-1"},"og_locale":"en_US","og_type":"article","og_title":"Peeled hemp seeds, 150g - Be More","og_description":"Be More supertoidusegud, teed, toorbatoonid ja toidulisandid on v\u00e4lja t\u00f6\u00f6tatud, et saaksid olla igap\u00e4evaselt parim versioon iseendast.","og_url":"https:\/\/prelive.bemore.ee\/en\/toode\/peeled-hemp-seeds-150gr\/","og_site_name":"Be More","article_modified_time":"2022-02-16T22:00:46+00:00","og_image":[{"width":1500,"height":1500,"url":"https:\/\/prelive.bemore.ee\/wp-content\/uploads\/2021\/08\/KanepiSeem_F.jpg","type":"image\/jpeg"}],"twitter_card":"summary_large_image","twitter_misc":{"Est. reading time":"1 minute"},"schema":{"@context":"https:\/\/schema.org","@graph":[{"@type":"WebPage","@id":"https:\/\/prelive.bemore.ee\/en\/toode\/peeled-hemp-seeds-150gr\/","url":"https:\/\/prelive.bemore.ee\/en\/toode\/peeled-hemp-seeds-150gr\/","name":"Peeled hemp seeds, 150g - Be More","isPartOf":{"@id":"https:\/\/prelive.bemore.ee\/#website"},"primaryImageOfPage":{"@id":"https:\/\/prelive.bemore.ee\/en\/toode\/peeled-hemp-seeds-150gr\/#primaryimage"},"image":{"@id":"https:\/\/prelive.bemore.ee\/en\/toode\/peeled-hemp-seeds-150gr\/#primaryimage"},"thumbnailUrl":"https:\/\/prelive.bemore.ee\/wp-content\/uploads\/2021\/08\/KanepiSeem_F.jpg","datePublished":"2018-12-06T20:29:48+00:00","dateModified":"2022-02-16T22:00:46+00:00","description":"Be More supertoidusegud, teed, toorbatoonid ja toidulisandid on v\u00e4lja t\u00f6\u00f6tatud, et saaksid olla igap\u00e4evaselt parim versioon iseendast.","breadcrumb":{"@id":"https:\/\/prelive.bemore.ee\/en\/toode\/peeled-hemp-seeds-150gr\/#breadcrumb"},"inLanguage":"en-US","potentialAction":[{"@type":"ReadAction","target":["https:\/\/prelive.bemore.ee\/en\/toode\/peeled-hemp-seeds-150gr\/"]}]},{"@type":"ImageObject","inLanguage":"en-US","@id":"https:\/\/prelive.bemore.ee\/en\/toode\/peeled-hemp-seeds-150gr\/#primaryimage","url":"https:\/\/prelive.bemore.ee\/wp-content\/uploads\/2021\/08\/KanepiSeem_F.jpg","contentUrl":"https:\/\/prelive.bemore.ee\/wp-content\/uploads\/2021\/08\/KanepiSeem_F.jpg","width":1500,"height":1500},{"@type":"BreadcrumbList","@id":"https:\/\/prelive.bemore.ee\/en\/toode\/peeled-hemp-seeds-150gr\/#breadcrumb","itemListElement":[{"@type":"ListItem","position":1,"name":"Shop","item":"https:\/\/prelive.bemore.ee\/en\/shop\/"},{"@type":"ListItem","position":2,"name":"Peeled hemp seeds, 150g"}]},{"@type":"WebSite","@id":"https:\/\/prelive.bemore.ee\/#website","url":"https:\/\/prelive.bemore.ee\/","name":"Be More","description":"Supertoidud Sinu igap\u00e4evaellu!","potentialAction":[{"@type":"SearchAction","target":{"@type":"EntryPoint","urlTemplate":"https:\/\/prelive.bemore.ee\/?s={search_term_string}"},"query-input":{"@type":"PropertyValueSpecification","valueRequired":true,"valueName":"search_term_string"}}],"inLanguage":"en-US"}]}},"_links":{"self":[{"href":"https:\/\/prelive.bemore.ee\/en\/wp-json\/wp\/v2\/product\/116063","targetHints":{"allow":["GET"]}}],"collection":[{"href":"https:\/\/prelive.bemore.ee\/en\/wp-json\/wp\/v2\/product"}],"about":[{"href":"https:\/\/prelive.bemore.ee\/en\/wp-json\/wp\/v2\/types\/product"}],"replies":[{"embeddable":true,"href":"https:\/\/prelive.bemore.ee\/en\/wp-json\/wp\/v2\/comments?post=116063"}],"wp:featuredmedia":[{"embeddable":true,"href":"https:\/\/prelive.bemore.ee\/en\/wp-json\/wp\/v2\/media\/115308"}],"wp:attachment":[{"href":"https:\/\/prelive.bemore.ee\/en\/wp-json\/wp\/v2\/media?parent=116063"}],"wp:term":[{"taxonomy":"product_brand","embeddable":true,"href":"https:\/\/prelive.bemore.ee\/en\/wp-json\/wp\/v2\/product_brand?post=116063"},{"taxonomy":"product_cat","embeddable":true,"href":"https:\/\/prelive.bemore.ee\/en\/wp-json\/wp\/v2\/product_cat?post=116063"},{"taxonomy":"product_tag","embeddable":true,"href":"https:\/\/prelive.bemore.ee\/en\/wp-json\/wp\/v2\/product_tag?post=116063"}],"curies":[{"name":"wp","href":"https:\/\/api.w.org\/{rel}","templated":true}]}}