{"id":116057,"date":"2018-11-23T13:30:13","date_gmt":"2018-11-23T13:30:12","guid":{"rendered":"https:\/\/prelive.bemore.ee\/product\/be-fit-peanut-butter-protein-raw-bar-16pc\/"},"modified":"2022-07-18T00:09:05","modified_gmt":"2022-07-17T21:09:05","slug":"be-fit-peanut-butter-protein-raw-bar-16pc","status":"publish","type":"product","link":"https:\/\/prelive.bemore.ee\/en\/toode\/be-fit-peanut-butter-protein-raw-bar-16pc\/","title":{"rendered":"Be Fit peanut butter-protein raw bar &#8211; 16pc"},"content":{"rendered":"<h4>100% Natural Superfood loaded\u00a0Raw Bars for Your everyday life!<\/h4>\n<p>Be Fit protein-peanut butter raw bar contains our Be Fit Superfood Mix, which increases the protein content of and also adds vitamins and minerals content to the raw bar.\u00a0It is\u00a0created for the person who truly cares about his\/her physique and wants to recover from the\u00a0workout.<\/p>\n<h4><strong>Be Fit protein-peanut butter raw bars are suitable:<\/strong><\/h4>\n<ul>\n<li>for everybody who wants to increase the amount of vitamins, minerals and antioxidants in their menu<\/li>\n<li>for people with active lifestyle<\/li>\n<li>for vegans<\/li>\n<li>for usage during pregnancy and breastfeeding<\/li>\n<li>for kids<\/li>\n<li>as a good source of fibre for weight loss<\/li>\n<\/ul>\n<h4 class=\"p1\">What does this product consist of?<\/h4>\n<p>Ingredients: dates, gluten-free oat flour, Be Fit superfood mix (18%) (pea protein powder, raw cocoa powder, hemp protein powder, freeze-dried goji berry powder, hulled hemp seeds), agave syrup, PEANUTS (9%), PEANUT BUTTER (7%), cold-pressed coconut oil, Himalayan salt.<\/p>\n<h4 style=\"text-align: left;\"><b>Servings per package:<\/b><\/h4>\n<p>Every box includes 16 raw bars.<\/p>\n<h4 style=\"text-align: left;\"><b>Storage conditions<\/b><\/h4>\n<p style=\"text-align: left;\">Store at room temperature, keep away from direct sunlight if possible.<\/p>\n<h4 style=\"text-align: left;\"><strong>What does Be Fit raw bar taste like?<\/strong><\/h4>\n<p style=\"text-align: left;\">Be Fit raw bar has\u00a0an enjoyable raw cacao and salty peanut butter taste, which feels like a marriage made in heaven. At first, it takes away the need for eating something sweet, but at the same time fills You up. In the end, You feel like You just ate a perfect chocolate snack without the chocolate and excess\u00a0sugars.<\/p>\n","protected":false},"excerpt":{"rendered":"<h4 class=\"p1\"><strong>Our raw cocoa and peanut butter flavoured Be Fit raw bar is a perfect and healthy snack for Your everyday life!<\/strong><\/h4>\n<ul class=\"ul1\">\n<li class=\"li1\">100% natural<\/li>\n<li>Perfect snack to recover from the workout<\/li>\n<li>Contains no additives<\/li>\n<li>Gluten free<\/li>\n<li>Vegan<\/li>\n<li>Free from\u00a0preservatives<\/li>\n<li class=\"li1\">One box includes\u00a016 portion\/bars<\/li>\n<li class=\"li1\">Our batons are also enriched with Be Fit superfood mix, which adds even more protein content and enjoyable flavour<\/li>\n<li class=\"li1\">It also supports your body with a large amount of different vitamins, minerals and antioxidants<\/li>\n<li class=\"li1\">With the purchase of each raw bar, you support the <strong>Estonian Cancer Society<\/strong> with 1 cent and if You buy the whole box then You support them with 16 cents<\/li>\n<\/ul>\n","protected":false},"featured_media":115278,"comment_status":"open","ping_status":"closed","template":"","meta":[],"product_brand":[],"product_cat":[533,333],"product_tag":[516],"class_list":{"0":"post-116057","1":"product","2":"type-product","3":"status-publish","4":"has-post-thumbnail","6":"product_cat-be-active","7":"product_cat-superfood-raw-bars","8":"product_tag-be-beautiful-en","10":"first","11":"instock","12":"taxable","13":"shipping-taxable","14":"purchasable","15":"product-type-bundle"},"bundle_layout":"default","bundled_by":[],"bundled_items":[{"bundled_item_id":1116,"product_id":116091,"menu_order":0,"quantity_min":16,"quantity_max":16,"priced_individually":false,"shipped_individually":false,"override_title":false,"title":"1 Fit raw bar","override_description":false,"description":"1 Fit raw bar","optional":false,"hide_thumbnail":false,"discount":"","override_variations":false,"allowed_variations":[""],"override_default_variation_attributes":false,"default_variation_attributes":[],"single_product_visibility":"visible","cart_visibility":"visible","order_visibility":"visible","single_product_price_visibility":"visible","cart_price_visibility":"visible","order_price_visibility":"visible","stock_status":"in_stock"}],"yoast_head":"<!-- This site is optimized with the Yoast SEO plugin v27.4 - https:\/\/yoast.com\/product\/yoast-seo-wordpress\/ -->\n<title>Be Fit peanut butter-protein raw bar - 16pc - Be More<\/title>\n<meta name=\"description\" content=\"Be More supertoidusegud, teed, toorbatoonid ja toidulisandid on v\u00e4lja t\u00f6\u00f6tatud, et saaksid olla igap\u00e4evaselt parim versioon iseendast.\" \/>\n<meta name=\"robots\" content=\"noindex, follow, max-snippet:-1, max-image-preview:large, max-video-preview:-1\" \/>\n<meta property=\"og:locale\" content=\"en_US\" \/>\n<meta property=\"og:type\" content=\"article\" \/>\n<meta property=\"og:title\" content=\"Be Fit peanut butter-protein raw bar - 16pc - Be More\" \/>\n<meta property=\"og:description\" content=\"Be More supertoidusegud, teed, toorbatoonid ja toidulisandid on v\u00e4lja t\u00f6\u00f6tatud, et saaksid olla igap\u00e4evaselt parim versioon iseendast.\" \/>\n<meta property=\"og:url\" content=\"https:\/\/prelive.bemore.ee\/en\/toode\/be-fit-peanut-butter-protein-raw-bar-16pc\/\" \/>\n<meta property=\"og:site_name\" content=\"Be More\" \/>\n<meta property=\"article:modified_time\" content=\"2022-07-17T21:09:05+00:00\" \/>\n<meta property=\"og:image\" content=\"https:\/\/prelive.bemore.ee\/wp-content\/uploads\/2021\/08\/BAR_Fit-vari-1.jpg\" \/>\n\t<meta property=\"og:image:width\" content=\"1500\" \/>\n\t<meta property=\"og:image:height\" content=\"1500\" \/>\n\t<meta property=\"og:image:type\" content=\"image\/jpeg\" \/>\n<meta name=\"twitter:card\" content=\"summary_large_image\" \/>\n<meta name=\"twitter:label1\" content=\"Est. reading time\" \/>\n\t<meta name=\"twitter:data1\" content=\"1 minute\" \/>\n<script type=\"application\/ld+json\" class=\"yoast-schema-graph\">{\"@context\":\"https:\\\/\\\/schema.org\",\"@graph\":[{\"@type\":\"WebPage\",\"@id\":\"https:\\\/\\\/prelive.bemore.ee\\\/en\\\/toode\\\/be-fit-peanut-butter-protein-raw-bar-16pc\\\/\",\"url\":\"https:\\\/\\\/prelive.bemore.ee\\\/en\\\/toode\\\/be-fit-peanut-butter-protein-raw-bar-16pc\\\/\",\"name\":\"Be Fit peanut butter-protein raw bar - 16pc - Be More\",\"isPartOf\":{\"@id\":\"https:\\\/\\\/prelive.bemore.ee\\\/#website\"},\"primaryImageOfPage\":{\"@id\":\"https:\\\/\\\/prelive.bemore.ee\\\/en\\\/toode\\\/be-fit-peanut-butter-protein-raw-bar-16pc\\\/#primaryimage\"},\"image\":{\"@id\":\"https:\\\/\\\/prelive.bemore.ee\\\/en\\\/toode\\\/be-fit-peanut-butter-protein-raw-bar-16pc\\\/#primaryimage\"},\"thumbnailUrl\":\"https:\\\/\\\/prelive.bemore.ee\\\/wp-content\\\/uploads\\\/2021\\\/08\\\/BAR_Fit-vari-1.jpg\",\"datePublished\":\"2018-11-23T13:30:12+00:00\",\"dateModified\":\"2022-07-17T21:09:05+00:00\",\"description\":\"Be More supertoidusegud, teed, toorbatoonid ja toidulisandid on v\u00e4lja t\u00f6\u00f6tatud, et saaksid olla igap\u00e4evaselt parim versioon iseendast.\",\"breadcrumb\":{\"@id\":\"https:\\\/\\\/prelive.bemore.ee\\\/en\\\/toode\\\/be-fit-peanut-butter-protein-raw-bar-16pc\\\/#breadcrumb\"},\"inLanguage\":\"en-US\",\"potentialAction\":[{\"@type\":\"ReadAction\",\"target\":[\"https:\\\/\\\/prelive.bemore.ee\\\/en\\\/toode\\\/be-fit-peanut-butter-protein-raw-bar-16pc\\\/\"]}]},{\"@type\":\"ImageObject\",\"inLanguage\":\"en-US\",\"@id\":\"https:\\\/\\\/prelive.bemore.ee\\\/en\\\/toode\\\/be-fit-peanut-butter-protein-raw-bar-16pc\\\/#primaryimage\",\"url\":\"https:\\\/\\\/prelive.bemore.ee\\\/wp-content\\\/uploads\\\/2021\\\/08\\\/BAR_Fit-vari-1.jpg\",\"contentUrl\":\"https:\\\/\\\/prelive.bemore.ee\\\/wp-content\\\/uploads\\\/2021\\\/08\\\/BAR_Fit-vari-1.jpg\",\"width\":1500,\"height\":1500},{\"@type\":\"BreadcrumbList\",\"@id\":\"https:\\\/\\\/prelive.bemore.ee\\\/en\\\/toode\\\/be-fit-peanut-butter-protein-raw-bar-16pc\\\/#breadcrumb\",\"itemListElement\":[{\"@type\":\"ListItem\",\"position\":1,\"name\":\"Shop\",\"item\":\"https:\\\/\\\/prelive.bemore.ee\\\/en\\\/shop\\\/\"},{\"@type\":\"ListItem\",\"position\":2,\"name\":\"Be Fit peanut butter-protein raw bar &#8211; 16pc\"}]},{\"@type\":\"WebSite\",\"@id\":\"https:\\\/\\\/prelive.bemore.ee\\\/#website\",\"url\":\"https:\\\/\\\/prelive.bemore.ee\\\/\",\"name\":\"Be More\",\"description\":\"Supertoidud Sinu igap\u00e4evaellu!\",\"potentialAction\":[{\"@type\":\"SearchAction\",\"target\":{\"@type\":\"EntryPoint\",\"urlTemplate\":\"https:\\\/\\\/prelive.bemore.ee\\\/?s={search_term_string}\"},\"query-input\":{\"@type\":\"PropertyValueSpecification\",\"valueRequired\":true,\"valueName\":\"search_term_string\"}}],\"inLanguage\":\"en-US\"}]}<\/script>\n<!-- \/ Yoast SEO plugin. -->","yoast_head_json":{"title":"Be Fit peanut butter-protein raw bar - 16pc - Be More","description":"Be More supertoidusegud, teed, toorbatoonid ja toidulisandid on v\u00e4lja t\u00f6\u00f6tatud, et saaksid olla igap\u00e4evaselt parim versioon iseendast.","robots":{"index":"noindex","follow":"follow","max-snippet":"max-snippet:-1","max-image-preview":"max-image-preview:large","max-video-preview":"max-video-preview:-1"},"og_locale":"en_US","og_type":"article","og_title":"Be Fit peanut butter-protein raw bar - 16pc - Be More","og_description":"Be More supertoidusegud, teed, toorbatoonid ja toidulisandid on v\u00e4lja t\u00f6\u00f6tatud, et saaksid olla igap\u00e4evaselt parim versioon iseendast.","og_url":"https:\/\/prelive.bemore.ee\/en\/toode\/be-fit-peanut-butter-protein-raw-bar-16pc\/","og_site_name":"Be More","article_modified_time":"2022-07-17T21:09:05+00:00","og_image":[{"width":1500,"height":1500,"url":"https:\/\/prelive.bemore.ee\/wp-content\/uploads\/2021\/08\/BAR_Fit-vari-1.jpg","type":"image\/jpeg"}],"twitter_card":"summary_large_image","twitter_misc":{"Est. reading time":"1 minute"},"schema":{"@context":"https:\/\/schema.org","@graph":[{"@type":"WebPage","@id":"https:\/\/prelive.bemore.ee\/en\/toode\/be-fit-peanut-butter-protein-raw-bar-16pc\/","url":"https:\/\/prelive.bemore.ee\/en\/toode\/be-fit-peanut-butter-protein-raw-bar-16pc\/","name":"Be Fit peanut butter-protein raw bar - 16pc - Be More","isPartOf":{"@id":"https:\/\/prelive.bemore.ee\/#website"},"primaryImageOfPage":{"@id":"https:\/\/prelive.bemore.ee\/en\/toode\/be-fit-peanut-butter-protein-raw-bar-16pc\/#primaryimage"},"image":{"@id":"https:\/\/prelive.bemore.ee\/en\/toode\/be-fit-peanut-butter-protein-raw-bar-16pc\/#primaryimage"},"thumbnailUrl":"https:\/\/prelive.bemore.ee\/wp-content\/uploads\/2021\/08\/BAR_Fit-vari-1.jpg","datePublished":"2018-11-23T13:30:12+00:00","dateModified":"2022-07-17T21:09:05+00:00","description":"Be More supertoidusegud, teed, toorbatoonid ja toidulisandid on v\u00e4lja t\u00f6\u00f6tatud, et saaksid olla igap\u00e4evaselt parim versioon iseendast.","breadcrumb":{"@id":"https:\/\/prelive.bemore.ee\/en\/toode\/be-fit-peanut-butter-protein-raw-bar-16pc\/#breadcrumb"},"inLanguage":"en-US","potentialAction":[{"@type":"ReadAction","target":["https:\/\/prelive.bemore.ee\/en\/toode\/be-fit-peanut-butter-protein-raw-bar-16pc\/"]}]},{"@type":"ImageObject","inLanguage":"en-US","@id":"https:\/\/prelive.bemore.ee\/en\/toode\/be-fit-peanut-butter-protein-raw-bar-16pc\/#primaryimage","url":"https:\/\/prelive.bemore.ee\/wp-content\/uploads\/2021\/08\/BAR_Fit-vari-1.jpg","contentUrl":"https:\/\/prelive.bemore.ee\/wp-content\/uploads\/2021\/08\/BAR_Fit-vari-1.jpg","width":1500,"height":1500},{"@type":"BreadcrumbList","@id":"https:\/\/prelive.bemore.ee\/en\/toode\/be-fit-peanut-butter-protein-raw-bar-16pc\/#breadcrumb","itemListElement":[{"@type":"ListItem","position":1,"name":"Shop","item":"https:\/\/prelive.bemore.ee\/en\/shop\/"},{"@type":"ListItem","position":2,"name":"Be Fit peanut butter-protein raw bar &#8211; 16pc"}]},{"@type":"WebSite","@id":"https:\/\/prelive.bemore.ee\/#website","url":"https:\/\/prelive.bemore.ee\/","name":"Be More","description":"Supertoidud Sinu igap\u00e4evaellu!","potentialAction":[{"@type":"SearchAction","target":{"@type":"EntryPoint","urlTemplate":"https:\/\/prelive.bemore.ee\/?s={search_term_string}"},"query-input":{"@type":"PropertyValueSpecification","valueRequired":true,"valueName":"search_term_string"}}],"inLanguage":"en-US"}]}},"_links":{"self":[{"href":"https:\/\/prelive.bemore.ee\/en\/wp-json\/wp\/v2\/product\/116057","targetHints":{"allow":["GET"]}}],"collection":[{"href":"https:\/\/prelive.bemore.ee\/en\/wp-json\/wp\/v2\/product"}],"about":[{"href":"https:\/\/prelive.bemore.ee\/en\/wp-json\/wp\/v2\/types\/product"}],"replies":[{"embeddable":true,"href":"https:\/\/prelive.bemore.ee\/en\/wp-json\/wp\/v2\/comments?post=116057"}],"wp:featuredmedia":[{"embeddable":true,"href":"https:\/\/prelive.bemore.ee\/en\/wp-json\/wp\/v2\/media\/115278"}],"wp:attachment":[{"href":"https:\/\/prelive.bemore.ee\/en\/wp-json\/wp\/v2\/media?parent=116057"}],"wp:term":[{"taxonomy":"product_brand","embeddable":true,"href":"https:\/\/prelive.bemore.ee\/en\/wp-json\/wp\/v2\/product_brand?post=116057"},{"taxonomy":"product_cat","embeddable":true,"href":"https:\/\/prelive.bemore.ee\/en\/wp-json\/wp\/v2\/product_cat?post=116057"},{"taxonomy":"product_tag","embeddable":true,"href":"https:\/\/prelive.bemore.ee\/en\/wp-json\/wp\/v2\/product_tag?post=116057"}],"curies":[{"name":"wp","href":"https:\/\/api.w.org\/{rel}","templated":true}]}}