{"id":116406,"date":"2021-10-29T13:22:21","date_gmt":"2021-10-29T13:22:21","guid":{"rendered":"https:\/\/prelive.bemore.ee\/recipes\/"},"modified":"2021-11-05T14:29:45","modified_gmt":"2021-11-05T14:29:45","slug":"recipes","status":"publish","type":"page","link":"https:\/\/prelive.bemore.ee\/en\/recipes\/","title":{"rendered":"Recipes"},"content":{"rendered":"","protected":false},"excerpt":{"rendered":"","protected":false},"author":1,"featured_media":0,"parent":0,"menu_order":46,"comment_status":"closed","ping_status":"closed","template":"page_retseptide-kogumik.php","meta":{"footnotes":""},"class_list":["post-116406","page","type-page","status-publish","hentry"],"yoast_head":"<!-- This site is optimized with the Yoast SEO plugin v27.4 - https:\/\/yoast.com\/product\/yoast-seo-wordpress\/ -->\n<title>Recipes - Be More<\/title>\n<meta name=\"description\" content=\"Be More supertoidusegud, teed, toorbatoonid ja toidulisandid on v\u00e4lja t\u00f6\u00f6tatud, et saaksid olla igap\u00e4evaselt parim versioon iseendast.\" \/>\n<meta name=\"robots\" content=\"noindex, follow, max-snippet:-1, max-image-preview:large, max-video-preview:-1\" \/>\n<meta property=\"og:locale\" content=\"en_US\" \/>\n<meta property=\"og:type\" content=\"article\" \/>\n<meta property=\"og:title\" content=\"Recipes - Be More\" \/>\n<meta property=\"og:description\" content=\"Be More supertoidusegud, teed, toorbatoonid ja toidulisandid on v\u00e4lja t\u00f6\u00f6tatud, et saaksid olla igap\u00e4evaselt parim versioon iseendast.\" \/>\n<meta property=\"og:url\" content=\"https:\/\/prelive.bemore.ee\/en\/recipes\/\" \/>\n<meta property=\"og:site_name\" content=\"Be More\" \/>\n<meta property=\"article:modified_time\" content=\"2021-11-05T14:29:45+00:00\" \/>\n<meta name=\"twitter:card\" content=\"summary_large_image\" \/>\n<script type=\"application\/ld+json\" class=\"yoast-schema-graph\">{\"@context\":\"https:\\\/\\\/schema.org\",\"@graph\":[{\"@type\":\"WebPage\",\"@id\":\"https:\\\/\\\/prelive.bemore.ee\\\/en\\\/recipes\\\/\",\"url\":\"https:\\\/\\\/prelive.bemore.ee\\\/en\\\/recipes\\\/\",\"name\":\"Recipes - Be More\",\"isPartOf\":{\"@id\":\"https:\\\/\\\/prelive.bemore.ee\\\/#website\"},\"datePublished\":\"2021-10-29T13:22:21+00:00\",\"dateModified\":\"2021-11-05T14:29:45+00:00\",\"description\":\"Be More supertoidusegud, teed, toorbatoonid ja toidulisandid on v\u00e4lja t\u00f6\u00f6tatud, et saaksid olla igap\u00e4evaselt parim versioon iseendast.\",\"inLanguage\":\"en-US\",\"potentialAction\":[{\"@type\":\"ReadAction\",\"target\":[\"https:\\\/\\\/prelive.bemore.ee\\\/en\\\/recipes\\\/\"]}]},{\"@type\":\"WebSite\",\"@id\":\"https:\\\/\\\/prelive.bemore.ee\\\/#website\",\"url\":\"https:\\\/\\\/prelive.bemore.ee\\\/\",\"name\":\"Be More\",\"description\":\"Supertoidud Sinu igap\u00e4evaellu!\",\"potentialAction\":[{\"@type\":\"SearchAction\",\"target\":{\"@type\":\"EntryPoint\",\"urlTemplate\":\"https:\\\/\\\/prelive.bemore.ee\\\/?s={search_term_string}\"},\"query-input\":{\"@type\":\"PropertyValueSpecification\",\"valueRequired\":true,\"valueName\":\"search_term_string\"}}],\"inLanguage\":\"en-US\"}]}<\/script>\n<!-- \/ Yoast SEO plugin. -->","yoast_head_json":{"title":"Recipes - Be More","description":"Be More supertoidusegud, teed, toorbatoonid ja toidulisandid on v\u00e4lja t\u00f6\u00f6tatud, et saaksid olla igap\u00e4evaselt parim versioon iseendast.","robots":{"index":"noindex","follow":"follow","max-snippet":"max-snippet:-1","max-image-preview":"max-image-preview:large","max-video-preview":"max-video-preview:-1"},"og_locale":"en_US","og_type":"article","og_title":"Recipes - Be More","og_description":"Be More supertoidusegud, teed, toorbatoonid ja toidulisandid on v\u00e4lja t\u00f6\u00f6tatud, et saaksid olla igap\u00e4evaselt parim versioon iseendast.","og_url":"https:\/\/prelive.bemore.ee\/en\/recipes\/","og_site_name":"Be More","article_modified_time":"2021-11-05T14:29:45+00:00","twitter_card":"summary_large_image","schema":{"@context":"https:\/\/schema.org","@graph":[{"@type":"WebPage","@id":"https:\/\/prelive.bemore.ee\/en\/recipes\/","url":"https:\/\/prelive.bemore.ee\/en\/recipes\/","name":"Recipes - Be More","isPartOf":{"@id":"https:\/\/prelive.bemore.ee\/#website"},"datePublished":"2021-10-29T13:22:21+00:00","dateModified":"2021-11-05T14:29:45+00:00","description":"Be More supertoidusegud, teed, toorbatoonid ja toidulisandid on v\u00e4lja t\u00f6\u00f6tatud, et saaksid olla igap\u00e4evaselt parim versioon iseendast.","inLanguage":"en-US","potentialAction":[{"@type":"ReadAction","target":["https:\/\/prelive.bemore.ee\/en\/recipes\/"]}]},{"@type":"WebSite","@id":"https:\/\/prelive.bemore.ee\/#website","url":"https:\/\/prelive.bemore.ee\/","name":"Be More","description":"Supertoidud Sinu igap\u00e4evaellu!","potentialAction":[{"@type":"SearchAction","target":{"@type":"EntryPoint","urlTemplate":"https:\/\/prelive.bemore.ee\/?s={search_term_string}"},"query-input":{"@type":"PropertyValueSpecification","valueRequired":true,"valueName":"search_term_string"}}],"inLanguage":"en-US"}]}},"_links":{"self":[{"href":"https:\/\/prelive.bemore.ee\/en\/wp-json\/wp\/v2\/pages\/116406","targetHints":{"allow":["GET"]}}],"collection":[{"href":"https:\/\/prelive.bemore.ee\/en\/wp-json\/wp\/v2\/pages"}],"about":[{"href":"https:\/\/prelive.bemore.ee\/en\/wp-json\/wp\/v2\/types\/page"}],"author":[{"embeddable":true,"href":"https:\/\/prelive.bemore.ee\/en\/wp-json\/wp\/v2\/users\/1"}],"replies":[{"embeddable":true,"href":"https:\/\/prelive.bemore.ee\/en\/wp-json\/wp\/v2\/comments?post=116406"}],"version-history":[{"count":0,"href":"https:\/\/prelive.bemore.ee\/en\/wp-json\/wp\/v2\/pages\/116406\/revisions"}],"wp:attachment":[{"href":"https:\/\/prelive.bemore.ee\/en\/wp-json\/wp\/v2\/media?parent=116406"}],"curies":[{"name":"wp","href":"https:\/\/api.w.org\/{rel}","templated":true}]}}