{"id":114868,"date":"2021-10-04T13:02:14","date_gmt":"2021-10-04T13:02:14","guid":{"rendered":"https:\/\/prelive.bemore.ee\/?page_id=114868"},"modified":"2022-05-31T11:57:59","modified_gmt":"2022-05-31T08:57:59","slug":"home","status":"publish","type":"page","link":"https:\/\/prelive.bemore.ee\/en\/","title":{"rendered":"Home page"},"content":{"rendered":"","protected":false},"excerpt":{"rendered":"","protected":false},"author":1,"featured_media":119497,"parent":0,"menu_order":5,"comment_status":"closed","ping_status":"closed","template":"","meta":{"footnotes":""},"class_list":["post-114868","page","type-page","status-publish","has-post-thumbnail","hentry"],"yoast_head":"<!-- This site is optimized with the Yoast SEO plugin v27.4 - https:\/\/yoast.com\/product\/yoast-seo-wordpress\/ -->\n<title>Home page - Be More<\/title>\n<meta name=\"description\" content=\"Be More supertoidusegud, teed, toorbatoonid ja toidulisandid on v\u00e4lja t\u00f6\u00f6tatud, et saaksid olla igap\u00e4evaselt parim versioon iseendast.\" \/>\n<meta name=\"robots\" content=\"noindex, follow, max-snippet:-1, max-image-preview:large, max-video-preview:-1\" \/>\n<meta property=\"og:locale\" content=\"en_US\" \/>\n<meta property=\"og:type\" content=\"article\" \/>\n<meta property=\"og:title\" content=\"Home page - Be More\" \/>\n<meta property=\"og:description\" content=\"Be More supertoidusegud, teed, toorbatoonid ja toidulisandid on v\u00e4lja t\u00f6\u00f6tatud, et saaksid olla igap\u00e4evaselt parim versioon iseendast.\" \/>\n<meta property=\"og:url\" content=\"https:\/\/prelive.bemore.ee\/en\/\" \/>\n<meta property=\"og:site_name\" content=\"Be More\" \/>\n<meta property=\"article:modified_time\" content=\"2022-05-31T08:57:59+00:00\" \/>\n<meta property=\"og:image\" content=\"https:\/\/prelive.bemore.ee\/wp-content\/uploads\/2022\/05\/Koduka-avalehe-banner-7.jpg\" \/>\n\t<meta property=\"og:image:width\" content=\"1120\" \/>\n\t<meta property=\"og:image:height\" content=\"1680\" \/>\n\t<meta property=\"og:image:type\" content=\"image\/jpeg\" \/>\n<meta name=\"twitter:card\" content=\"summary_large_image\" \/>\n<script type=\"application\/ld+json\" class=\"yoast-schema-graph\">{\"@context\":\"https:\\\/\\\/schema.org\",\"@graph\":[{\"@type\":\"WebPage\",\"@id\":\"https:\\\/\\\/prelive.bemore.ee\\\/en\\\/\",\"url\":\"https:\\\/\\\/prelive.bemore.ee\\\/en\\\/\",\"name\":\"Home page - Be More\",\"isPartOf\":{\"@id\":\"https:\\\/\\\/prelive.bemore.ee\\\/#website\"},\"primaryImageOfPage\":{\"@id\":\"https:\\\/\\\/prelive.bemore.ee\\\/en\\\/#primaryimage\"},\"image\":{\"@id\":\"https:\\\/\\\/prelive.bemore.ee\\\/en\\\/#primaryimage\"},\"thumbnailUrl\":\"https:\\\/\\\/prelive.bemore.ee\\\/wp-content\\\/uploads\\\/2021\\\/11\\\/avalehe_banner1_pilt-1.jpg\",\"datePublished\":\"2021-10-04T13:02:14+00:00\",\"dateModified\":\"2022-05-31T08:57:59+00:00\",\"description\":\"Be More supertoidusegud, teed, toorbatoonid ja toidulisandid on v\u00e4lja t\u00f6\u00f6tatud, et saaksid olla igap\u00e4evaselt parim versioon iseendast.\",\"inLanguage\":\"en-US\",\"potentialAction\":[{\"@type\":\"ReadAction\",\"target\":[\"https:\\\/\\\/prelive.bemore.ee\\\/en\\\/\"]}]},{\"@type\":\"ImageObject\",\"inLanguage\":\"en-US\",\"@id\":\"https:\\\/\\\/prelive.bemore.ee\\\/en\\\/#primaryimage\",\"url\":\"https:\\\/\\\/prelive.bemore.ee\\\/wp-content\\\/uploads\\\/2021\\\/11\\\/avalehe_banner1_pilt-1.jpg\",\"contentUrl\":\"https:\\\/\\\/prelive.bemore.ee\\\/wp-content\\\/uploads\\\/2021\\\/11\\\/avalehe_banner1_pilt-1.jpg\",\"width\":1120,\"height\":1680,\"caption\":\"supertoidud\"},{\"@type\":\"WebSite\",\"@id\":\"https:\\\/\\\/prelive.bemore.ee\\\/#website\",\"url\":\"https:\\\/\\\/prelive.bemore.ee\\\/\",\"name\":\"Be More\",\"description\":\"Supertoidud Sinu igap\u00e4evaellu!\",\"potentialAction\":[{\"@type\":\"SearchAction\",\"target\":{\"@type\":\"EntryPoint\",\"urlTemplate\":\"https:\\\/\\\/prelive.bemore.ee\\\/?s={search_term_string}\"},\"query-input\":{\"@type\":\"PropertyValueSpecification\",\"valueRequired\":true,\"valueName\":\"search_term_string\"}}],\"inLanguage\":\"en-US\"}]}<\/script>\n<!-- \/ Yoast SEO plugin. -->","yoast_head_json":{"title":"Home page - Be More","description":"Be More supertoidusegud, teed, toorbatoonid ja toidulisandid on v\u00e4lja t\u00f6\u00f6tatud, et saaksid olla igap\u00e4evaselt parim versioon iseendast.","robots":{"index":"noindex","follow":"follow","max-snippet":"max-snippet:-1","max-image-preview":"max-image-preview:large","max-video-preview":"max-video-preview:-1"},"og_locale":"en_US","og_type":"article","og_title":"Home page - Be More","og_description":"Be More supertoidusegud, teed, toorbatoonid ja toidulisandid on v\u00e4lja t\u00f6\u00f6tatud, et saaksid olla igap\u00e4evaselt parim versioon iseendast.","og_url":"https:\/\/prelive.bemore.ee\/en\/","og_site_name":"Be More","article_modified_time":"2022-05-31T08:57:59+00:00","og_image":[{"width":1120,"height":1680,"url":"https:\/\/prelive.bemore.ee\/wp-content\/uploads\/2022\/05\/Koduka-avalehe-banner-7.jpg","type":"image\/jpeg"}],"twitter_card":"summary_large_image","schema":{"@context":"https:\/\/schema.org","@graph":[{"@type":"WebPage","@id":"https:\/\/prelive.bemore.ee\/en\/","url":"https:\/\/prelive.bemore.ee\/en\/","name":"Home page - Be More","isPartOf":{"@id":"https:\/\/prelive.bemore.ee\/#website"},"primaryImageOfPage":{"@id":"https:\/\/prelive.bemore.ee\/en\/#primaryimage"},"image":{"@id":"https:\/\/prelive.bemore.ee\/en\/#primaryimage"},"thumbnailUrl":"https:\/\/prelive.bemore.ee\/wp-content\/uploads\/2021\/11\/avalehe_banner1_pilt-1.jpg","datePublished":"2021-10-04T13:02:14+00:00","dateModified":"2022-05-31T08:57:59+00:00","description":"Be More supertoidusegud, teed, toorbatoonid ja toidulisandid on v\u00e4lja t\u00f6\u00f6tatud, et saaksid olla igap\u00e4evaselt parim versioon iseendast.","inLanguage":"en-US","potentialAction":[{"@type":"ReadAction","target":["https:\/\/prelive.bemore.ee\/en\/"]}]},{"@type":"ImageObject","inLanguage":"en-US","@id":"https:\/\/prelive.bemore.ee\/en\/#primaryimage","url":"https:\/\/prelive.bemore.ee\/wp-content\/uploads\/2021\/11\/avalehe_banner1_pilt-1.jpg","contentUrl":"https:\/\/prelive.bemore.ee\/wp-content\/uploads\/2021\/11\/avalehe_banner1_pilt-1.jpg","width":1120,"height":1680,"caption":"supertoidud"},{"@type":"WebSite","@id":"https:\/\/prelive.bemore.ee\/#website","url":"https:\/\/prelive.bemore.ee\/","name":"Be More","description":"Supertoidud Sinu igap\u00e4evaellu!","potentialAction":[{"@type":"SearchAction","target":{"@type":"EntryPoint","urlTemplate":"https:\/\/prelive.bemore.ee\/?s={search_term_string}"},"query-input":{"@type":"PropertyValueSpecification","valueRequired":true,"valueName":"search_term_string"}}],"inLanguage":"en-US"}]}},"_links":{"self":[{"href":"https:\/\/prelive.bemore.ee\/en\/wp-json\/wp\/v2\/pages\/114868","targetHints":{"allow":["GET"]}}],"collection":[{"href":"https:\/\/prelive.bemore.ee\/en\/wp-json\/wp\/v2\/pages"}],"about":[{"href":"https:\/\/prelive.bemore.ee\/en\/wp-json\/wp\/v2\/types\/page"}],"author":[{"embeddable":true,"href":"https:\/\/prelive.bemore.ee\/en\/wp-json\/wp\/v2\/users\/1"}],"replies":[{"embeddable":true,"href":"https:\/\/prelive.bemore.ee\/en\/wp-json\/wp\/v2\/comments?post=114868"}],"version-history":[{"count":0,"href":"https:\/\/prelive.bemore.ee\/en\/wp-json\/wp\/v2\/pages\/114868\/revisions"}],"wp:featuredmedia":[{"embeddable":true,"href":"https:\/\/prelive.bemore.ee\/en\/wp-json\/wp\/v2\/media\/119497"}],"wp:attachment":[{"href":"https:\/\/prelive.bemore.ee\/en\/wp-json\/wp\/v2\/media?parent=114868"}],"curies":[{"name":"wp","href":"https:\/\/api.w.org\/{rel}","templated":true}]}}